{"id":2979,"date":"2021-02-22T17:23:23","date_gmt":"2021-02-22T16:23:23","guid":{"rendered":"https:\/\/www.web-rr.de\/GHS-Buecherei\/?page_id=2979"},"modified":"2021-02-26T18:49:44","modified_gmt":"2021-02-26T17:49:44","slug":"p9783785546239","status":"publish","type":"page","link":"https:\/\/www.web-rr.de\/GHS-Buecherei\/index.php\/p9783785546239\/","title":{"rendered":"Abenteuer 24"},"content":{"rendered":"<table><tbody><tr><td class='rDTitel' colspan='2'>Das magische Baumhaus (Bd. 16): Auf der F\u00e4hrte der Indianer<\/td><\/tr><tr><td><span class='rDLabel1'>Status: <\/span><span class='rDText1Gruen'>vorhanden<\/span><\/td><td><span class='rDLabel1'>Antolin: <\/span><span class='rDText1Gruen'>ja, Empfehlung Klasse 3<\/span><\/td><\/tr><tr><td width=50%><img src='https:\/\/www.web-rr.de\/GHS-Buecherei\/wp-content\/uploads\/9783785546239.jpg' alt=''><\/td><td><p class='rDLabel2'>von <span class='rDText2'>Mary Pope Osborne<\/span><\/p><p class='rDLabel2'>Verlag: <span class='rDText2'>Loewe Verlag,  2003,  7.95 \u20ac<\/span><\/p><p class='rDLabel2'>B\u00fccherei-Barcode: <span class='rDText2'>9783785546239<\/span><\/p><p class='rDLabel2'>In der B\u00fccherei erfasst am: <span class='rDText2'>01.04.2013<\/span><\/p><p class='rDLabel2'>Stichw\u00f6rter: <span class='rDText2'>Indianer, Baumhaus, Tipi, Pr\u00e4rie, Bison, B\u00fcffel<\/span><\/p><p class='rDLabel2'>Lesealter ca. <span class='rDText2'>7<\/span><span class='rDLabel2'> Jahre<\/span><\/p><p class='rDLabel2'>Das Buch wurde <span class='rDText2'>17<\/span><span class='rDLabel2'> mal gelesen.<\/span><\/p><\/td><\/tr><tr><td colspan='2'><p class='rDLabel1'>Inhalt:<\/p><span class='rDText2'>Steppe, so weit das Auge reicht! Nachdem Philipp und Anne mit dem magischen Baumhaus gelandet sind, k\u00e4mpfen sie sich durch das hohe Gras. Bis der Indianerjunge Schwarzer Falke ihren Weg kreuzt. Mit ihm zusammen machen sie eine aufregende Entdeckung, die ihnen fast den Atem raubt: eine riesige B\u00fcffelherde kommt in rasendem Tempo immer n\u00e4her auf sie zu ...<\/span><\/td><\/tr><tr><td colspan='2'><a href='#' onclick='history.back(); return false'>Zur\u00fcck<\/a><\/td><\/tr><\/tbody><\/table>\n","protected":false},"excerpt":{"rendered":"","protected":false},"author":1,"featured_media":0,"parent":0,"menu_order":0,"comment_status":"closed","ping_status":"closed","template":"","meta":[],"_links":{"self":[{"href":"https:\/\/www.web-rr.de\/GHS-Buecherei\/index.php\/wp-json\/wp\/v2\/pages\/2979"}],"collection":[{"href":"https:\/\/www.web-rr.de\/GHS-Buecherei\/index.php\/wp-json\/wp\/v2\/pages"}],"about":[{"href":"https:\/\/www.web-rr.de\/GHS-Buecherei\/index.php\/wp-json\/wp\/v2\/types\/page"}],"author":[{"embeddable":true,"href":"https:\/\/www.web-rr.de\/GHS-Buecherei\/index.php\/wp-json\/wp\/v2\/users\/1"}],"replies":[{"embeddable":true,"href":"https:\/\/www.web-rr.de\/GHS-Buecherei\/index.php\/wp-json\/wp\/v2\/comments?post=2979"}],"version-history":[{"count":0,"href":"https:\/\/www.web-rr.de\/GHS-Buecherei\/index.php\/wp-json\/wp\/v2\/pages\/2979\/revisions"}],"wp:attachment":[{"href":"https:\/\/www.web-rr.de\/GHS-Buecherei\/index.php\/wp-json\/wp\/v2\/media?parent=2979"}],"curies":[{"name":"wp","href":"https:\/\/api.w.org\/{rel}","templated":true}]}}