{"id":2942,"date":"2021-02-22T17:05:41","date_gmt":"2021-02-22T16:05:41","guid":{"rendered":"https:\/\/www.web-rr.de\/GHS-Buecherei\/?page_id=2942"},"modified":"2021-02-26T18:47:52","modified_gmt":"2021-02-26T17:47:52","slug":"p9783845825755","status":"publish","type":"page","link":"https:\/\/www.web-rr.de\/GHS-Buecherei\/index.php\/p9783845825755\/","title":{"rendered":"Abenteuer 06"},"content":{"rendered":"<table><tbody><tr><td class='rDTitel' colspan='2'>Das Hotel der verzauberten Tr\u00e4ume - Fr\u00e4ulein Apfels Geheimnis - Das Hotel der verzauberten Tr\u00e4ume 1<\/td><\/tr><tr><td><span class='rDLabel1'>Status: <\/span><span class='rDText1Gruen'>vorhanden<\/span><\/td><td><span class='rDLabel1'>Antolin: <\/span><span class='rDText1Gruen'>ja, Empfehlung Klasse 4<\/span><\/td><\/tr><tr><td width=50%><img src='https:\/\/www.web-rr.de\/GHS-Buecherei\/wp-content\/uploads\/9783845825755.jpg' alt=''><\/td><td><p class='rDLabel2'>von <span class='rDText2'>Gina Mayer<\/span><\/p><p class='rDLabel2'>Verlag: <span class='rDText2'>Ars Edition,  2018,  12.00 \u20ac<\/span><\/p><p class='rDLabel2'>B\u00fccherei-Barcode: <span class='rDText2'>9783845825755<\/span><\/p><p class='rDLabel2'>In der B\u00fccherei erfasst am: <span class='rDText2'>24.08.2020<\/span><\/p><p class='rDLabel2'>Stichw\u00f6rter: <span class='rDText2'>Geheimnis, M\u00e4dchen, Abenteuer, Urlaub<\/span><\/p><p class='rDLabel2'>Lesealter ca. <span class='rDText2'>8<\/span><span class='rDLabel2'> Jahre<\/span><\/p><p class='rDLabel2'>Das Buch wurde <span class='rDText2'>0<\/span><span class='rDLabel2'> mal gelesen.<\/span><\/p><\/td><\/tr><tr><td colspan='2'><p class='rDLabel1'>Inhalt:<\/p><span class='rDText2'>Na toll - weil Jo\u00eblles Mutter das Navi falsch programmiert hat, landet Familie Fr\u00f6hlich nicht im \u00bbBeach Holiday Superior\u00ab, sondern 400 Kilometer entfernt in Rose-Linde Apfels \u00bbTraumhotel\u00ab. Statt Riesenwasserrutsche und Kletterpark gibt es im Urlaub nun ein verwunschenes kleines Strandhotel mit einer Gans namens Agathe als Haustier.\r\nDoch was sich anfangs wie ein Riesenreinfall darstellt, wird bald zum spannenden Abenteuer: Die Hotelbesitzerin Fr\u00e4ulein Apfel h\u00fctet ein Geheimnis, davon ist Jo\u00eblle schnell \u00fcberzeugt. Warum klingelt in der Rezeption ein uraltes Telefon, das gar nicht angeschlossen ist? Warum fliegt der Seeadler, der eigentlich ausgestopft im Hoteleingang steht, um Mitternacht \u00fcber den Strand? Und was hat es mit dem merkw\u00fcrdigen Dachboden auf sich, in dem Hunderte Traumf\u00e4nger h\u00e4ngen?\r\nJo\u00eblle will dem Geheimnis unbedingt auf die Spur kommen - und macht dabei ganz erstaunliche Entdeckungen \u2026<\/span><\/td><\/tr><tr><td colspan='2'><a href='#' onclick='history.back(); return false'>Zur\u00fcck<\/a><\/td><\/tr><\/tbody><\/table>\n","protected":false},"excerpt":{"rendered":"","protected":false},"author":1,"featured_media":0,"parent":0,"menu_order":0,"comment_status":"closed","ping_status":"closed","template":"","meta":[],"_links":{"self":[{"href":"https:\/\/www.web-rr.de\/GHS-Buecherei\/index.php\/wp-json\/wp\/v2\/pages\/2942"}],"collection":[{"href":"https:\/\/www.web-rr.de\/GHS-Buecherei\/index.php\/wp-json\/wp\/v2\/pages"}],"about":[{"href":"https:\/\/www.web-rr.de\/GHS-Buecherei\/index.php\/wp-json\/wp\/v2\/types\/page"}],"author":[{"embeddable":true,"href":"https:\/\/www.web-rr.de\/GHS-Buecherei\/index.php\/wp-json\/wp\/v2\/users\/1"}],"replies":[{"embeddable":true,"href":"https:\/\/www.web-rr.de\/GHS-Buecherei\/index.php\/wp-json\/wp\/v2\/comments?post=2942"}],"version-history":[{"count":0,"href":"https:\/\/www.web-rr.de\/GHS-Buecherei\/index.php\/wp-json\/wp\/v2\/pages\/2942\/revisions"}],"wp:attachment":[{"href":"https:\/\/www.web-rr.de\/GHS-Buecherei\/index.php\/wp-json\/wp\/v2\/media?parent=2942"}],"curies":[{"name":"wp","href":"https:\/\/api.w.org\/{rel}","templated":true}]}}