{"id":17012,"date":"2021-05-21T10:00:00","date_gmt":"2021-05-21T10:00:00","guid":{"rendered":"https:\/\/www.web-rr.de\/GHS-Buecherei\/?page_id=17012"},"modified":"2021-05-21T23:00:00","modified_gmt":"2021-05-21T23:00:00","slug":"p9783775758765","status":"publish","type":"page","link":"https:\/\/www.web-rr.de\/GHS-Buecherei\/index.php\/p9783775758765\/","title":{"rendered":"Soziales 68"},"content":{"rendered":"<table><tbody><tr><td class='rDTitel' colspan='2'>Zirkus der Schatten \u2013 Ein magisches Bilderbuch \u00fcber Gef\u00fchle, Angst und Mut<\/td><\/tr><tr><td><span class='rDLabel1'>Status: <\/span><span class='rDText1Gruen'>vorhanden<\/span><\/td><td><span class='rDLabel1'>Antolin: <\/span><span class='rDText1Gruen'>ja, Empfehlung Klasse 3<\/span><\/td><\/tr><tr><td width=50%><img src='https:\/\/www.web-rr.de\/GHS-Buecherei\/wp-content\/uploads\/9783775758765.jpg' alt=''><\/td><td><p class='rDLabel2'>von <span class='rDText2'>Lidia Brankovi\u0107<\/span><\/p><p class='rDLabel2'>Verlag: <span class='rDText2'>Hatje Cantz Verlag,  2025,  18.00 \u20ac<\/span><\/p><p class='rDLabel2'>B\u00fccherei-Barcode: <span class='rDText2'>9783775758765<\/span><\/p><p class='rDLabel2'>In der B\u00fccherei erfasst am: <span class='rDText2'>12.12.2025<\/span><\/p><p class='rDLabel2'>Stichw\u00f6rter: <span class='rDText2'>Zirkus, Fantasie, Gef\u00fchle, Schatten<\/span><\/p><p class='rDLabel2'>Lesealter ca. <span class='rDText2'>7<\/span><span class='rDLabel2'> Jahre<\/span><\/p><p class='rDLabel2'>Das Buch wurde <span class='rDText2'>0<\/span><span class='rDLabel2'> mal gelesen.<\/span><\/p><\/td><\/tr><tr><td colspan='2'><p class='rDLabel1'>Inhalt:<\/p><span class='rDText2'>Ein zauberhaftes Bilderbuch \u00fcber Angst, Mut und Selbstvertrauen\r\nWillkommen im geheimnisvollen Zirkus der Schatten! Lika ahnt nicht, dass ihr eigener Schatten ein Tor zu einer magischen Welt ist \u2013 bis er beginnt, sich seltsam zu verhalten. Er w\u00e4chst, ver\u00e4ndert sich und f\u00fchrt sie an einen Ort, an dem Schatten tanzen und ihre eigenen Geschichten erz\u00e4hlen. Doch um nach Hause zur\u00fcckzukehren, muss Lika erst lernen, ihren Schatten zu verstehen und anzunehmen. Denn wo Dunkelheit ist, gibt es auch Licht.\r\nDieses zauberhafte Bilderbuch von Lidia Brankovi\u0107 nimmt Kinder mit auf eine fantasievolle Reise in ihre eigene Gef\u00fchlswelt. Es zeigt einf\u00fchlsam, dass auch schwierige Emotionen wie Angst oder Unsicherheit ihren Platz haben \u2013 und wie wir sie annehmen k\u00f6nnen. Eine poetische Geschichte, die Kinder ab 4 Jahren spielerisch ermutigt, ihre Emotionen zu erkunden und zu verstehen.<\/span><\/td><\/tr><tr><td colspan='2'><a href='#' onclick='history.back(); return false'>Zur\u00fcck<\/a><\/td><\/tr><\/tbody><\/table>\n","protected":false},"excerpt":{"rendered":"<p>&#8211;<\/p>\n","protected":false},"author":1,"featured_media":0,"parent":0,"menu_order":0,"comment_status":"closed","ping_status":"closed","template":"","meta":[],"_links":{"self":[{"href":"https:\/\/www.web-rr.de\/GHS-Buecherei\/index.php\/wp-json\/wp\/v2\/pages\/17012"}],"collection":[{"href":"https:\/\/www.web-rr.de\/GHS-Buecherei\/index.php\/wp-json\/wp\/v2\/pages"}],"about":[{"href":"https:\/\/www.web-rr.de\/GHS-Buecherei\/index.php\/wp-json\/wp\/v2\/types\/page"}],"author":[{"embeddable":true,"href":"https:\/\/www.web-rr.de\/GHS-Buecherei\/index.php\/wp-json\/wp\/v2\/users\/1"}],"replies":[{"embeddable":true,"href":"https:\/\/www.web-rr.de\/GHS-Buecherei\/index.php\/wp-json\/wp\/v2\/comments?post=17012"}],"version-history":[{"count":0,"href":"https:\/\/www.web-rr.de\/GHS-Buecherei\/index.php\/wp-json\/wp\/v2\/pages\/17012\/revisions"}],"wp:attachment":[{"href":"https:\/\/www.web-rr.de\/GHS-Buecherei\/index.php\/wp-json\/wp\/v2\/media?parent=17012"}],"curies":[{"name":"wp","href":"https:\/\/api.w.org\/{rel}","templated":true}]}}