{"id":17000,"date":"2021-05-21T10:00:00","date_gmt":"2021-05-21T10:00:00","guid":{"rendered":"https:\/\/www.web-rr.de\/GHS-Buecherei\/?page_id=17000"},"modified":"2021-05-21T23:00:00","modified_gmt":"2021-05-21T23:00:00","slug":"p9783446276024","status":"publish","type":"page","link":"https:\/\/www.web-rr.de\/GHS-Buecherei\/index.php\/p9783446276024\/","title":{"rendered":"M\u00e4dchen 81"},"content":{"rendered":"<table><tbody><tr><td class='rDTitel' colspan='2'>Good Night Stories for Rebel Girls - 100 junge Frauen, die die Welt voranbringen<\/td><\/tr><tr><td><span class='rDLabel1'>Status: <\/span><span class='rDText1Gruen'>vorhanden<\/span><\/td><td><span class='rDLabel1'>Antolin: <\/span><span class='rDText1Gruen'>ja, Empfehlung Klasse 7<\/span><\/td><\/tr><tr><td width=50%><img src='https:\/\/www.web-rr.de\/GHS-Buecherei\/wp-content\/uploads\/9783446276024.jpg' alt=''><\/td><td><p class='rDLabel2'>von <span class='rDText2'>Maithy Vu, Sof\u00eda Aguilar,<\/span><\/p><p class='rDLabel2'>Verlag: <span class='rDText2'>Hanser, Carl,  2023,  25.00 \u20ac<\/span><\/p><p class='rDLabel2'>B\u00fccherei-Barcode: <span class='rDText2'>9783446276024<\/span><\/p><p class='rDLabel2'>In der B\u00fccherei erfasst am: <span class='rDText2'>11.10.2025<\/span><\/p><p class='rDLabel2'>Stichw\u00f6rter: <span class='rDText2'>Autorinnen, Vorbilder, Frauen, Lebensgeschichten<\/span><\/p><p class='rDLabel2'>Lesealter ca. <span class='rDText2'>10<\/span><span class='rDLabel2'> Jahre<\/span><\/p><p class='rDLabel2'>Das Buch wurde <span class='rDText2'>0<\/span><span class='rDLabel2'> mal gelesen.<\/span><\/p><\/td><\/tr><tr><td colspan='2'><p class='rDLabel1'>Inhalt:<\/p><span class='rDText2'>Welche Vorbilder hast du? Band 5 der Bestseller-Reihe \"Good Night Stories for Rebel Girls\" stellt mutige und inspirierende Rebellinnen unter 30 vor. In diesem Band der Rebel Girls-Stories pr\u00e4sentieren die Autorinnen 100 au\u00dfergew\u00f6hnliche Frauen unter 30, die engagiert f\u00fcr eine bessere Welt k\u00e4mpfen. Wir begegnen bekannten Klimaaktivistinnen wie Lilly Platt und Luisa Neubauer, Prominenten wie Billie Eilish, die sich f\u00fcr Nachhaltigkeit engagiert, oder Model Sara Nuru, die Kleinkredite an \u00e4thiopische Frauen vergibt. Zudem gibt es Lebensgeschichten noch unbekannter junger Frauen zu entdecken: die Erfinderin Riya Karumanchi, die einen intelligenten Gehstock f\u00fcr Sehbehinderte entwickelt hat, oder X\u00f3chitl Guadalupe Cruz L\u00f3pez, die recycelte Materialien verwendet, um solarbetriebene Warmwasserbereiter f\u00fcr Familien zu bauen. Ganzseitige Portr\u00e4ts erg\u00e4nzen jede Geschichte - gestaltet von 80 jungen K\u00fcnstlerinnen unter 30.<\/span><\/td><\/tr><tr><td colspan='2'><a href='#' onclick='history.back(); return false'>Zur\u00fcck<\/a><\/td><\/tr><\/tbody><\/table>\n","protected":false},"excerpt":{"rendered":"<p>&#8211;<\/p>\n","protected":false},"author":1,"featured_media":0,"parent":0,"menu_order":0,"comment_status":"closed","ping_status":"closed","template":"","meta":[],"_links":{"self":[{"href":"https:\/\/www.web-rr.de\/GHS-Buecherei\/index.php\/wp-json\/wp\/v2\/pages\/17000"}],"collection":[{"href":"https:\/\/www.web-rr.de\/GHS-Buecherei\/index.php\/wp-json\/wp\/v2\/pages"}],"about":[{"href":"https:\/\/www.web-rr.de\/GHS-Buecherei\/index.php\/wp-json\/wp\/v2\/types\/page"}],"author":[{"embeddable":true,"href":"https:\/\/www.web-rr.de\/GHS-Buecherei\/index.php\/wp-json\/wp\/v2\/users\/1"}],"replies":[{"embeddable":true,"href":"https:\/\/www.web-rr.de\/GHS-Buecherei\/index.php\/wp-json\/wp\/v2\/comments?post=17000"}],"version-history":[{"count":0,"href":"https:\/\/www.web-rr.de\/GHS-Buecherei\/index.php\/wp-json\/wp\/v2\/pages\/17000\/revisions"}],"wp:attachment":[{"href":"https:\/\/www.web-rr.de\/GHS-Buecherei\/index.php\/wp-json\/wp\/v2\/media?parent=17000"}],"curies":[{"name":"wp","href":"https:\/\/api.w.org\/{rel}","templated":true}]}}