{"id":16999,"date":"2021-05-21T10:00:00","date_gmt":"2021-05-21T10:00:00","guid":{"rendered":"https:\/\/www.web-rr.de\/GHS-Buecherei\/?page_id=16999"},"modified":"2021-05-21T23:00:00","modified_gmt":"2021-05-21T23:00:00","slug":"p9783737343008","status":"publish","type":"page","link":"https:\/\/www.web-rr.de\/GHS-Buecherei\/index.php\/p9783737343008\/","title":{"rendered":"M\u00e4dchen 80"},"content":{"rendered":"<table><tbody><tr><td class='rDTitel' colspan='2'>Lisis Wirbelwindtage<\/td><\/tr><tr><td><span class='rDLabel1'>Status: <\/span><span class='rDText1Gruen'>vorhanden<\/span><\/td><td><span class='rDLabel1'>Antolin: <\/span><span class='rDText1Gruen'>ja, Empfehlung Klasse 3<\/span><\/td><\/tr><tr><td width=50%><img src='https:\/\/www.web-rr.de\/GHS-Buecherei\/wp-content\/uploads\/9783737343008.jpg' alt=''><\/td><td><p class='rDLabel2'>von <span class='rDText2'>Valija Zinck und Annabelle von Sperber<\/span><\/p><p class='rDLabel2'>Verlag: <span class='rDText2'>Fischer Sauerl\u00e4nder,  2022,  12.50 \u20ac<\/span><\/p><p class='rDLabel2'>B\u00fccherei-Barcode: <span class='rDText2'>9783737343008<\/span><\/p><p class='rDLabel2'>In der B\u00fccherei erfasst am: <span class='rDText2'>11.10.2025<\/span><\/p><p class='rDLabel2'>Stichw\u00f6rter: <span class='rDText2'>Freundschaft, Gl\u00fcck, Hund, Tiererlebnis, Tierabenteuer, Geheimnisse<\/span><\/p><p class='rDLabel2'>Lesealter ca. <span class='rDText2'>7<\/span><span class='rDLabel2'> Jahre<\/span><\/p><p class='rDLabel2'>Das Buch wurde <span class='rDText2'>0<\/span><span class='rDLabel2'> mal gelesen.<\/span><\/p><\/td><\/tr><tr><td colspan='2'><p class='rDLabel1'>Inhalt:<\/p><span class='rDText2'>Eine bezaubernde Geschichte zum Vorlesen und Selberlesen. Eine Geschichte \u00fcber Freundschaft und Zusammenhalt, die rundum gl\u00fccklich macht.\r\nLisi schreibt f\u00fcr ihr Leben gern Geschichten. Und sie w\u00fcnscht sich sehnlichst einen Hund. Aber ihr Vater mag keine Tiere. Deshalb will Lisi wenigstens ein Erlebniswochenende auf dem Bauernhof gewinnen \u2013 und zwar mit ihrer Geschichte \u00fcber ein sch\u00f6nes Tiererlebnis. Nur: Woher ein Tiererlebnis nehmen, wenn man gar kein Tier hat? Zusammen mit ihrer besten Freundin Lara macht Lisi sich auf die Suche. Doch was, wenn die K\u00fche auf der Weide nur komisch rumstehen oder der Ausf\u00fchrhund vor allem an der Leine zieht? Bis Lisi ein sch\u00f6nes Tierabenteuer erlebt, wird sich vor Lachen gekringelt, werden wispernd Geheimnisse ausgetauscht und auch schon mal mit den Nachbarjungs gerauft.<\/span><\/td><\/tr><tr><td colspan='2'><a href='#' onclick='history.back(); return false'>Zur\u00fcck<\/a><\/td><\/tr><\/tbody><\/table>\n","protected":false},"excerpt":{"rendered":"<p>&#8211;<\/p>\n","protected":false},"author":1,"featured_media":0,"parent":0,"menu_order":0,"comment_status":"closed","ping_status":"closed","template":"","meta":[],"_links":{"self":[{"href":"https:\/\/www.web-rr.de\/GHS-Buecherei\/index.php\/wp-json\/wp\/v2\/pages\/16999"}],"collection":[{"href":"https:\/\/www.web-rr.de\/GHS-Buecherei\/index.php\/wp-json\/wp\/v2\/pages"}],"about":[{"href":"https:\/\/www.web-rr.de\/GHS-Buecherei\/index.php\/wp-json\/wp\/v2\/types\/page"}],"author":[{"embeddable":true,"href":"https:\/\/www.web-rr.de\/GHS-Buecherei\/index.php\/wp-json\/wp\/v2\/users\/1"}],"replies":[{"embeddable":true,"href":"https:\/\/www.web-rr.de\/GHS-Buecherei\/index.php\/wp-json\/wp\/v2\/comments?post=16999"}],"version-history":[{"count":0,"href":"https:\/\/www.web-rr.de\/GHS-Buecherei\/index.php\/wp-json\/wp\/v2\/pages\/16999\/revisions"}],"wp:attachment":[{"href":"https:\/\/www.web-rr.de\/GHS-Buecherei\/index.php\/wp-json\/wp\/v2\/media?parent=16999"}],"curies":[{"name":"wp","href":"https:\/\/api.w.org\/{rel}","templated":true}]}}