{"id":16998,"date":"2021-05-21T10:00:00","date_gmt":"2021-05-21T10:00:00","guid":{"rendered":"https:\/\/www.web-rr.de\/GHS-Buecherei\/?page_id=16998"},"modified":"2021-05-21T23:00:00","modified_gmt":"2021-05-21T23:00:00","slug":"p9783817443451","status":"publish","type":"page","link":"https:\/\/www.web-rr.de\/GHS-Buecherei\/index.php\/p9783817443451\/","title":{"rendered":"Natur &#8211; Lexika 44"},"content":{"rendered":"<table><tbody><tr><td class='rDTitel' colspan='2'>Das gro\u00dfe Nacht-Entdecker-Buch: Was passiert im Dunkeln?<\/td><\/tr><tr><td><span class='rDLabel1'>Status: <\/span><span class='rDText1Gruen'>vorhanden<\/span><\/td><td><span class='rDLabel1'>Antolin: <\/span><span class='rDText1Gruen'>ja, Empfehlung Klasse 4<\/span><\/td><\/tr><tr><td width=50%><img src='https:\/\/www.web-rr.de\/GHS-Buecherei\/wp-content\/uploads\/9783817443451.jpg' alt=''><\/td><td><p class='rDLabel2'>von <span class='rDText2'>Karolin K\u00fcntzel und Kathleen Richter<\/span><\/p><p class='rDLabel2'>Verlag: <span class='rDText2'>Circon Verlag GmbH,  2023,  16.00 \u20ac<\/span><\/p><p class='rDLabel2'>B\u00fccherei-Barcode: <span class='rDText2'>9783817443451<\/span><\/p><p class='rDLabel2'>In der B\u00fccherei erfasst am: <span class='rDText2'>11.10.2025<\/span><\/p><p class='rDLabel2'>Stichw\u00f6rter: <span class='rDText2'>Nacht, B\u00e4cker, Krankenhaus, H\u00f6hlen, Jagd, Nachtpflanzen, D\u00e4mmerung, Hexen, Geister<\/span><\/p><p class='rDLabel2'>Lesealter ca. <span class='rDText2'>8<\/span><span class='rDLabel2'> Jahre<\/span><\/p><p class='rDLabel2'>Das Buch wurde <span class='rDText2'>0<\/span><span class='rDLabel2'> mal gelesen.<\/span><\/p><\/td><\/tr><tr><td colspan='2'><p class='rDLabel1'>Inhalt:<\/p><span class='rDText2'>Die Welt bei Nacht entdecken!\r\nNachts ist viel mehr los, als man denkt. Wenn die meisten Menschen m\u00fcde in die Kissen sinken, gehen andere zur Arbeit, damit das allt\u00e4gliche Leben rund um die Uhr funktioniert. Der B\u00e4cker sorgt daf\u00fcr, dass am n\u00e4chsten Morgen die Br\u00f6tchen auf dem Tisch stehen. Im Krankenhaus k\u00fcmmert sich die Krankenschwester um die Patienten, der Feuerwehrmann l\u00f6scht einen Brand und die Polizistin verfolgt einen Dieb. Auch viele Tiere schlafen tags\u00fcber in ihren H\u00f6hlen und Verstecken und gehen nur auf die Jagd, wenn es dunkel wird. Es gibt sogar besondere Nachtpflanzen, die erst in der D\u00e4mmerung aufbl\u00fchen und ihren verf\u00fchrerischen Duft verbreiten. Von all diesen n\u00e4chtlichen Geheimnissen erz\u00e4hlt \u201eDas gro\u00dfe Nacht-Entdecker-Buch\u201c f\u00fcr Kinder ab 6 Jahren. Also aufgewacht! Die Nacht ist nicht nur zum Schlafen da.\r\nKeine Nacht wie jede andere\r\nEs gibt N\u00e4chte, die sind etwas ganz Besonderes. Deshalb werden sie ausgelassen gefeiert. Einige, wie Mittsommer, nur in bestimmten L\u00e4ndern, andere, wie Silvester, auf der ganzen Welt. Und in manchen N\u00e4chten treiben sogar Hexen und Geister ihr Unwesen ... Doch was passiert mit uns, wenn das Licht ausgeht? Wie entstehen Tr\u00e4ume und was ist Schlafwandeln? Diese und viele weitere Fragen zum Thema werden in diesem Sachbuch unterhaltsam und kindgerecht beantwortet.<\/span><\/td><\/tr><tr><td colspan='2'><a href='#' onclick='history.back(); return false'>Zur\u00fcck<\/a><\/td><\/tr><\/tbody><\/table>\n","protected":false},"excerpt":{"rendered":"<p>&#8211;<\/p>\n","protected":false},"author":1,"featured_media":0,"parent":0,"menu_order":0,"comment_status":"closed","ping_status":"closed","template":"","meta":[],"_links":{"self":[{"href":"https:\/\/www.web-rr.de\/GHS-Buecherei\/index.php\/wp-json\/wp\/v2\/pages\/16998"}],"collection":[{"href":"https:\/\/www.web-rr.de\/GHS-Buecherei\/index.php\/wp-json\/wp\/v2\/pages"}],"about":[{"href":"https:\/\/www.web-rr.de\/GHS-Buecherei\/index.php\/wp-json\/wp\/v2\/types\/page"}],"author":[{"embeddable":true,"href":"https:\/\/www.web-rr.de\/GHS-Buecherei\/index.php\/wp-json\/wp\/v2\/users\/1"}],"replies":[{"embeddable":true,"href":"https:\/\/www.web-rr.de\/GHS-Buecherei\/index.php\/wp-json\/wp\/v2\/comments?post=16998"}],"version-history":[{"count":0,"href":"https:\/\/www.web-rr.de\/GHS-Buecherei\/index.php\/wp-json\/wp\/v2\/pages\/16998\/revisions"}],"wp:attachment":[{"href":"https:\/\/www.web-rr.de\/GHS-Buecherei\/index.php\/wp-json\/wp\/v2\/media?parent=16998"}],"curies":[{"name":"wp","href":"https:\/\/api.w.org\/{rel}","templated":true}]}}