{"id":16997,"date":"2021-05-21T10:00:00","date_gmt":"2021-05-21T10:00:00","guid":{"rendered":"https:\/\/www.web-rr.de\/GHS-Buecherei\/?page_id=16997"},"modified":"2021-05-21T23:00:00","modified_gmt":"2021-05-21T23:00:00","slug":"p9783845850191","status":"publish","type":"page","link":"https:\/\/www.web-rr.de\/GHS-Buecherei\/index.php\/p9783845850191\/","title":{"rendered":"Bilderbuch B-101"},"content":{"rendered":"<table><tbody><tr><td class='rDTitel' colspan='2'>Das alles sind WIR<\/td><\/tr><tr><td><span class='rDLabel1'>Status: <\/span><span class='rDText1Gruen'>vorhanden<\/span><\/td><td><span class='rDLabel1'>Antolin: <\/span><span class='rDText1Gruen'>ja, Empfehlung Klasse 2<\/span><\/td><\/tr><tr><td width=50%><img src='https:\/\/www.web-rr.de\/GHS-Buecherei\/wp-content\/uploads\/9783845850191.jpg' alt=''><\/td><td><p class='rDLabel2'>von <span class='rDText2'>Michael Engler und Julianna Swaney<\/span><\/p><p class='rDLabel2'>Verlag: <span class='rDText2'>arsEdition GmbH,  2023,  15.00 \u20ac<\/span><\/p><p class='rDLabel2'>B\u00fccherei-Barcode: <span class='rDText2'>9783845850191<\/span><\/p><p class='rDLabel2'>In der B\u00fccherei erfasst am: <span class='rDText2'>11.10.2025<\/span><\/p><p class='rDLabel2'>Stichw\u00f6rter: <span class='rDText2'>Diversit\u00e4t, Vielfalt, Iklusion, Mobbing, Schule, Schulanfang, Elternzeit, Freunde<\/span><\/p><p class='rDLabel2'>Lesealter ca. <span class='rDText2'>6<\/span><span class='rDLabel2'> Jahre<\/span><\/p><p class='rDLabel2'>Das Buch wurde <span class='rDText2'>0<\/span><span class='rDLabel2'> mal gelesen.<\/span><\/p><\/td><\/tr><tr><td colspan='2'><p class='rDLabel1'>Inhalt:<\/p><span class='rDText2'>Egal, wie man aussieht! Egal, was man anhat! Egal, was man denkt! Egal, was man gerne mag!\r\nLars und Lina sind die besten Freunde! Da ist es nicht leicht, als ihre Lehrerin sie am zweiten Schultag nicht nebeneinander setzt. Lauter neue Kinder ... Doch dann gibt es eine Kennenlernstunde, in der alle etwas \u00fcber sich erz\u00e4hlen: Fela zum Beispiel hat eine neue kleine Schwester und sein Papa hat sich Elternzeit genommen. Anna hat eine Brille, die genauso toll aussieht wie Lars\u2019 Brille. Sie will sp\u00e4ter Pilotin werden. Und mit Eleftheria kann Lars Fu\u00dfball spielen! Jetzt f\u00fchlt er sich schon gar nicht mehr so fremd. Linas Schulstart hingegen war alles andere als sch\u00f6n: Annabelle hat etwas Gemeines zu ihr gesagt. Und \u00bbW\u00f6rter tun manchmal so weh wie Schl\u00e4ge.\u00ab Das kann Lars nicht glauben!\r\n\"Es ist unsere Schule! Die ist f\u00fcr uns alle. Egal, wie man aussieht! Egal, was man anhat! Egal, was man denkt! Egal, was man gerne mag!\" Und am Ende geh\u00f6ren doch alle zusammen!<\/span><\/td><\/tr><tr><td colspan='2'><a href='#' onclick='history.back(); return false'>Zur\u00fcck<\/a><\/td><\/tr><\/tbody><\/table>\n","protected":false},"excerpt":{"rendered":"<p>&#8211;<\/p>\n","protected":false},"author":1,"featured_media":0,"parent":0,"menu_order":0,"comment_status":"closed","ping_status":"closed","template":"","meta":[],"_links":{"self":[{"href":"https:\/\/www.web-rr.de\/GHS-Buecherei\/index.php\/wp-json\/wp\/v2\/pages\/16997"}],"collection":[{"href":"https:\/\/www.web-rr.de\/GHS-Buecherei\/index.php\/wp-json\/wp\/v2\/pages"}],"about":[{"href":"https:\/\/www.web-rr.de\/GHS-Buecherei\/index.php\/wp-json\/wp\/v2\/types\/page"}],"author":[{"embeddable":true,"href":"https:\/\/www.web-rr.de\/GHS-Buecherei\/index.php\/wp-json\/wp\/v2\/users\/1"}],"replies":[{"embeddable":true,"href":"https:\/\/www.web-rr.de\/GHS-Buecherei\/index.php\/wp-json\/wp\/v2\/comments?post=16997"}],"version-history":[{"count":0,"href":"https:\/\/www.web-rr.de\/GHS-Buecherei\/index.php\/wp-json\/wp\/v2\/pages\/16997\/revisions"}],"wp:attachment":[{"href":"https:\/\/www.web-rr.de\/GHS-Buecherei\/index.php\/wp-json\/wp\/v2\/media?parent=16997"}],"curies":[{"name":"wp","href":"https:\/\/api.w.org\/{rel}","templated":true}]}}