{"id":16996,"date":"2021-05-21T10:00:00","date_gmt":"2021-05-21T10:00:00","guid":{"rendered":"https:\/\/www.web-rr.de\/GHS-Buecherei\/?page_id=16996"},"modified":"2021-05-21T23:00:00","modified_gmt":"2021-05-21T23:00:00","slug":"p9783845852164","status":"publish","type":"page","link":"https:\/\/www.web-rr.de\/GHS-Buecherei\/index.php\/p9783845852164\/","title":{"rendered":"Jungen 45"},"content":{"rendered":"<table><tbody><tr><td class='rDTitel' colspan='2'>Ein Sommer voller Wunder: Eine warmherzige, witzige Geschichte \u00fcber den Mut, an Tr\u00e4ume zu glauben<\/td><\/tr><tr><td><span class='rDLabel1'>Status: <\/span><span class='rDText1Gruen'>vorhanden<\/span><\/td><td><span class='rDLabel1'>Antolin: <\/span><span class='rDText1Gruen'>ja, Empfehlung Klasse 5<\/span><\/td><\/tr><tr><td width=50%><img src='https:\/\/www.web-rr.de\/GHS-Buecherei\/wp-content\/uploads\/9783845852164.jpg' alt=''><\/td><td><p class='rDLabel2'>von <span class='rDText2'>Caryl Lewis , George Ermos<\/span><\/p><p class='rDLabel2'>Verlag: <span class='rDText2'>arsEdition GmbH,  2023,  15.00 \u20ac<\/span><\/p><p class='rDLabel2'>B\u00fccherei-Barcode: <span class='rDText2'>9783845852164<\/span><\/p><p class='rDLabel2'>In der B\u00fccherei erfasst am: <span class='rDText2'>11.10.2025<\/span><\/p><p class='rDLabel2'>Stichw\u00f6rter: <span class='rDText2'>Wunder, Freundschaft, Fantasie, Abenteuer, Hoffnung, Tr\u00e4um<\/span><\/p><p class='rDLabel2'>Lesealter ca. <span class='rDText2'>9<\/span><span class='rDLabel2'> Jahre<\/span><\/p><p class='rDLabel2'>Das Buch wurde <span class='rDText2'>0<\/span><span class='rDLabel2'> mal gelesen.<\/span><\/p><\/td><\/tr><tr><td colspan='2'><p class='rDLabel1'>Inhalt:<\/p><span class='rDText2'>Ein Sommer voller Wunder\r\nEin Sommer voller Wunder ist eine herzergreifende Geschichte der preisgekr\u00f6nten Schriftstellerin Caryl Lewis \u00fcber die Kraft von Hoffnung, Freundschaft und Fantasie. Ideal f\u00fcr Fans von R. J. Palacio, Mark Haddon, Anna Woltz und Ross Welford ab 9 Jahren. Mit wundersch\u00f6nen Schwarz-Wei\u00df-Illustrationen von George Ermos.\r\nEin turbulentes Abenteuer mit ganz besonderen Held:innen\r\nMarty hat nicht viel. Im Gegensatz zu seiner Mutter, die Milliarden von Dingen besitzt: Zeitungen, l\u00f6chrige Schuhe, rostige Rasenm\u00e4her, kaputte Bilderrahmen \u2013 sie hebt einfach ALLES auf! Marty tut sein Bestes, um sich um sie zu k\u00fcmmern und fragt sich, ob sich jemals etwas \u00e4ndern wird. Doch an Martys Geburtstag macht sein Gro\u00dfvater ihm ein au\u00dfergew\u00f6hnliches Geschenk: Einen magischen K\u00fcrbissamen! Die K\u00fcrbispflanze, die daraus erw\u00e4chst, wird immer gr\u00f6\u00dfer und bringt Marty, seinen Opa und seine beste Freundin Gracie auf eine unm\u00f6gliche, wundervolle Idee. Und schon sind die drei mittendrin in einem wilden Abenteuer voller Hoffnung, Tr\u00e4ume und Wunder!<\/span><\/td><\/tr><tr><td colspan='2'><a href='#' onclick='history.back(); return false'>Zur\u00fcck<\/a><\/td><\/tr><\/tbody><\/table>\n","protected":false},"excerpt":{"rendered":"<p>&#8211;<\/p>\n","protected":false},"author":1,"featured_media":0,"parent":0,"menu_order":0,"comment_status":"closed","ping_status":"closed","template":"","meta":[],"_links":{"self":[{"href":"https:\/\/www.web-rr.de\/GHS-Buecherei\/index.php\/wp-json\/wp\/v2\/pages\/16996"}],"collection":[{"href":"https:\/\/www.web-rr.de\/GHS-Buecherei\/index.php\/wp-json\/wp\/v2\/pages"}],"about":[{"href":"https:\/\/www.web-rr.de\/GHS-Buecherei\/index.php\/wp-json\/wp\/v2\/types\/page"}],"author":[{"embeddable":true,"href":"https:\/\/www.web-rr.de\/GHS-Buecherei\/index.php\/wp-json\/wp\/v2\/users\/1"}],"replies":[{"embeddable":true,"href":"https:\/\/www.web-rr.de\/GHS-Buecherei\/index.php\/wp-json\/wp\/v2\/comments?post=16996"}],"version-history":[{"count":0,"href":"https:\/\/www.web-rr.de\/GHS-Buecherei\/index.php\/wp-json\/wp\/v2\/pages\/16996\/revisions"}],"wp:attachment":[{"href":"https:\/\/www.web-rr.de\/GHS-Buecherei\/index.php\/wp-json\/wp\/v2\/media?parent=16996"}],"curies":[{"name":"wp","href":"https:\/\/api.w.org\/{rel}","templated":true}]}}