{"id":16993,"date":"2021-05-21T10:00:00","date_gmt":"2021-05-21T10:00:00","guid":{"rendered":"https:\/\/www.web-rr.de\/GHS-Buecherei\/?page_id=16993"},"modified":"2021-05-21T23:00:00","modified_gmt":"2021-05-21T23:00:00","slug":"p9783314106538","status":"publish","type":"page","link":"https:\/\/www.web-rr.de\/GHS-Buecherei\/index.php\/p9783314106538\/","title":{"rendered":"Fr\u00fcher + Heute 85"},"content":{"rendered":"<table><tbody><tr><td class='rDTitel' colspan='2'>Rumi. Dichter der Liebe<\/td><\/tr><tr><td><span class='rDLabel1'>Status: <\/span><span class='rDText1Gruen'>vorhanden<\/span><\/td><td><span class='rDLabel1'>Antolin: <\/span><span class='rDText1Gruen'>ja, Empfehlung Klasse 2<\/span><\/td><\/tr><tr><td width=50%><img src='https:\/\/www.web-rr.de\/GHS-Buecherei\/wp-content\/uploads\/9783314106538.jpg' alt=''><\/td><td><p class='rDLabel2'>von <span class='rDText2'>Rashin Kheiriyeh und Thomas Bodmer<\/span><\/p><p class='rDLabel2'>Verlag: <span class='rDText2'>NordS\u00fcd Verlag,  2023,  18.00 \u20ac<\/span><\/p><p class='rDLabel2'>B\u00fccherei-Barcode: <span class='rDText2'>9783314106538<\/span><\/p><p class='rDLabel2'>In der B\u00fccherei erfasst am: <span class='rDText2'>11.10.2025<\/span><\/p><p class='rDLabel2'>Stichw\u00f6rter: <span class='rDText2'>Persien, Denkmal, Gelehrter, Iran, Geschichte<\/span><\/p><p class='rDLabel2'>Lesealter ca. <span class='rDText2'>6<\/span><span class='rDLabel2'> Jahre<\/span><\/p><p class='rDLabel2'>Das Buch wurde <span class='rDText2'>0<\/span><span class='rDLabel2'> mal gelesen.<\/span><\/p><\/td><\/tr><tr><td colspan='2'><p class='rDLabel1'>Inhalt:<\/p><span class='rDText2'>Auch der bedeutendste Dichter war einmal ein Kind. Als Kind begeistert sich Rumi f\u00fcr V\u00f6gel und B\u00fccher. Sp\u00e4ter wird aus ihm ein Gelehrter. Doch erst der Verlust seines besten Freundes Shams f\u00fchrt Rumi zu seiner wichtigsten Erkenntnis: Die Liebe ist in uns und \u00fcberall. Der persische Mystiker und Dichter Rumi z\u00e4hlt zu den bekanntesten und am meisten gelesenen Dichtern weltweit. Die renommierte Illustratorin Rashin stammt selbst aus dem Iran. Mit diesem Bilderbuch setzt sie Rumis Weisheit und W\u00e4rme ein ber\u00fchrendes Denkmal. Die kr\u00e4ftigen Farben und ornamentalen Details entf\u00fchren uns ins persische Reich des 13. Jahrhunderts. Rumis Geschichte und seine Poesie sind zeitlos.<\/span><\/td><\/tr><tr><td colspan='2'><a href='#' onclick='history.back(); return false'>Zur\u00fcck<\/a><\/td><\/tr><\/tbody><\/table>\n","protected":false},"excerpt":{"rendered":"<p>&#8211;<\/p>\n","protected":false},"author":1,"featured_media":0,"parent":0,"menu_order":0,"comment_status":"closed","ping_status":"closed","template":"","meta":[],"_links":{"self":[{"href":"https:\/\/www.web-rr.de\/GHS-Buecherei\/index.php\/wp-json\/wp\/v2\/pages\/16993"}],"collection":[{"href":"https:\/\/www.web-rr.de\/GHS-Buecherei\/index.php\/wp-json\/wp\/v2\/pages"}],"about":[{"href":"https:\/\/www.web-rr.de\/GHS-Buecherei\/index.php\/wp-json\/wp\/v2\/types\/page"}],"author":[{"embeddable":true,"href":"https:\/\/www.web-rr.de\/GHS-Buecherei\/index.php\/wp-json\/wp\/v2\/users\/1"}],"replies":[{"embeddable":true,"href":"https:\/\/www.web-rr.de\/GHS-Buecherei\/index.php\/wp-json\/wp\/v2\/comments?post=16993"}],"version-history":[{"count":0,"href":"https:\/\/www.web-rr.de\/GHS-Buecherei\/index.php\/wp-json\/wp\/v2\/pages\/16993\/revisions"}],"wp:attachment":[{"href":"https:\/\/www.web-rr.de\/GHS-Buecherei\/index.php\/wp-json\/wp\/v2\/media?parent=16993"}],"curies":[{"name":"wp","href":"https:\/\/api.w.org\/{rel}","templated":true}]}}