{"id":16992,"date":"2021-05-21T10:00:00","date_gmt":"2021-05-21T10:00:00","guid":{"rendered":"https:\/\/www.web-rr.de\/GHS-Buecherei\/?page_id=16992"},"modified":"2021-05-21T23:00:00","modified_gmt":"2021-05-21T23:00:00","slug":"p9783964281876","status":"publish","type":"page","link":"https:\/\/www.web-rr.de\/GHS-Buecherei\/index.php\/p9783964281876\/","title":{"rendered":"Fr\u00fcher + Heute 84"},"content":{"rendered":"<table><tbody><tr><td class='rDTitel' colspan='2'>Drinnen-Drau\u00dfen. Ein Garten in Teheran<\/td><\/tr><tr><td><span class='rDLabel1'>Status: <\/span><span class='rDText1Gruen'>vorhanden<\/span><\/td><td><span class='rDLabel1'>Antolin: <\/span><span class='rDText1Gruen'>ja, Empfehlung Klasse 5<\/span><\/td><\/tr><tr><td width=50%><img src='https:\/\/www.web-rr.de\/GHS-Buecherei\/wp-content\/uploads\/9783964281876.jpg' alt=''><\/td><td><p class='rDLabel2'>von <span class='rDText2'>Chiara Mezzalama und R\u00e9gis Lejonc<\/span><\/p><p class='rDLabel2'>Verlag: <span class='rDText2'>Verlagshaus Jacoby & Stuart,  2023,  22.00 \u20ac<\/span><\/p><p class='rDLabel2'>B\u00fccherei-Barcode: <span class='rDText2'>9783964281876<\/span><\/p><p class='rDLabel2'>In der B\u00fccherei erfasst am: <span class='rDText2'>11.10.2025<\/span><\/p><p class='rDLabel2'>Stichw\u00f6rter: <span class='rDText2'>Iran, Teheran, Botschaftsgeb\u00e4ude, Geschichte<\/span><\/p><p class='rDLabel2'>Lesealter ca. <span class='rDText2'>9<\/span><span class='rDLabel2'> Jahre<\/span><\/p><p class='rDLabel2'>Das Buch wurde <span class='rDText2'>0<\/span><span class='rDLabel2'> mal gelesen.<\/span><\/p><\/td><\/tr><tr><td colspan='2'><p class='rDLabel1'>Inhalt:<\/p><span class='rDText2'>Chiara Mezzalama hat eine besondere Beziehung zum Iran: Sie zog zwei Jahre nach der Islamischen Revolution von 1979 dorthin, als ihr Vater, Francesco Mezzalama, Botschafter Italiens in Teheran wurde. Sie wohnten im Botschaftsgeb\u00e4ude im Farmaniyeh-Garten, einem f\u00fcrstlichen Anwesen in Nord-Teheran. Der Aufenthalt der jungen Chiara im Iran fiel mit einer dunklen und schwierigen Zeit in der Geschichte des Landes zusammen. Ein Jahr vor ihrer Ankunft hatte der iranisch-irakische Krieg begonnen, der acht Jahre lang andauerte, sch\u00e4tzungsweise 500.000 Menschen das Leben kostete und daf\u00fcr sorgte, dass das Mullah-Regime sich auch im Inneren verh\u00e4rtete. Mezzalama hat nun ein Bilderbuch, genauer: ein Graphic Memoir \u00fcber diese Zeit ver\u00f6ffentlicht, es erz\u00e4hlt die Geschichte einer Freundschaft zwischen zwei Kindern: Chiara, die \u00bbGefangene im Botschaftsgarten\u00ab (DRINNEN), und Massoud, ein iranischer Junge, der wie eine Katze die hohen Mauern des Gartens erklimmt und Nachrichten aus der unruhigen Au\u00dfenwelt bringt (DRAU\u00dfEN).<\/span><\/td><\/tr><tr><td colspan='2'><a href='#' onclick='history.back(); return false'>Zur\u00fcck<\/a><\/td><\/tr><\/tbody><\/table>\n","protected":false},"excerpt":{"rendered":"<p>&#8211;<\/p>\n","protected":false},"author":1,"featured_media":0,"parent":0,"menu_order":0,"comment_status":"closed","ping_status":"closed","template":"","meta":[],"_links":{"self":[{"href":"https:\/\/www.web-rr.de\/GHS-Buecherei\/index.php\/wp-json\/wp\/v2\/pages\/16992"}],"collection":[{"href":"https:\/\/www.web-rr.de\/GHS-Buecherei\/index.php\/wp-json\/wp\/v2\/pages"}],"about":[{"href":"https:\/\/www.web-rr.de\/GHS-Buecherei\/index.php\/wp-json\/wp\/v2\/types\/page"}],"author":[{"embeddable":true,"href":"https:\/\/www.web-rr.de\/GHS-Buecherei\/index.php\/wp-json\/wp\/v2\/users\/1"}],"replies":[{"embeddable":true,"href":"https:\/\/www.web-rr.de\/GHS-Buecherei\/index.php\/wp-json\/wp\/v2\/comments?post=16992"}],"version-history":[{"count":0,"href":"https:\/\/www.web-rr.de\/GHS-Buecherei\/index.php\/wp-json\/wp\/v2\/pages\/16992\/revisions"}],"wp:attachment":[{"href":"https:\/\/www.web-rr.de\/GHS-Buecherei\/index.php\/wp-json\/wp\/v2\/media?parent=16992"}],"curies":[{"name":"wp","href":"https:\/\/api.w.org\/{rel}","templated":true}]}}