{"id":16991,"date":"2021-05-21T10:00:00","date_gmt":"2021-05-21T10:00:00","guid":{"rendered":"https:\/\/www.web-rr.de\/GHS-Buecherei\/?page_id=16991"},"modified":"2021-05-21T23:00:00","modified_gmt":"2021-05-21T23:00:00","slug":"p9783836961882","status":"publish","type":"page","link":"https:\/\/www.web-rr.de\/GHS-Buecherei\/index.php\/p9783836961882\/","title":{"rendered":"Erde &#8211; Planet 39"},"content":{"rendered":"<table><tbody><tr><td class='rDTitel' colspan='2'>Am Meer: Die Welt der K\u00fcste<\/td><\/tr><tr><td><span class='rDLabel1'>Status: <\/span><span class='rDText1Gruen'>vorhanden<\/span><\/td><td><span class='rDLabel1'>Antolin: <\/span><span class='rDText1Gruen'>ja, Empfehlung Klasse 4<\/span><\/td><\/tr><tr><td width=50%><img src='https:\/\/www.web-rr.de\/GHS-Buecherei\/wp-content\/uploads\/9783836961882.jpg' alt=''><\/td><td><p class='rDLabel2'>von <span class='rDText2'>Judith Homoki und Martin Haake<\/span><\/p><p class='rDLabel2'>Verlag: <span class='rDText2'>Gerstenberg Verlag,  2023,  28.00 \u20ac<\/span><\/p><p class='rDLabel2'>B\u00fccherei-Barcode: <span class='rDText2'>9783836961882<\/span><\/p><p class='rDLabel2'>In der B\u00fccherei erfasst am: <span class='rDText2'>11.10.2025<\/span><\/p><p class='rDLabel2'>Stichw\u00f6rter: <span class='rDText2'>Ebbe, Flut, Meer, K\u00fcste, Urzeiten, Wattenmeer, Barrier Reef, Segelschiffe, Piratinnen, Seeungeheuern, Matrosen<\/span><\/p><p class='rDLabel2'>Lesealter ca. <span class='rDText2'>8<\/span><span class='rDLabel2'> Jahre<\/span><\/p><p class='rDLabel2'>Das Buch wurde <span class='rDText2'>0<\/span><span class='rDLabel2'> mal gelesen.<\/span><\/p><\/td><\/tr><tr><td colspan='2'><p class='rDLabel1'>Inhalt:<\/p><span class='rDText2'>Warum gibt es Ebbe und Flut? Wer landete schon vor Kolumbus in Amerika? Und seit wann lieben die Menschen eigentlich das Meer? Das gro\u00dfformatige, wundervoll illustrierte Buch zeigt und erkl\u00e4rt uns die fantastische Welt der K\u00fcste \u2013 diesen ganz besonderen Streifen aus Wasser und Land, der seit Urzeiten das Leben auf unserem Planeten pr\u00e4gt. Seite f\u00fcr Seite reisen wir entlang der Ozeane der Erde, vom Wattenmeer bis nach Waikiki, von Brighton bis zum Barrier Reef, von der Zeit der gro\u00dfen Segelschiffe bis zu den Herausforderungen der Meere von heute. Unterwegs begegnen wir legend\u00e4ren Piratinnen, furchtbaren Seeungeheuern, Matrosen auf Landgang und einem netten Faultier im brasilianischen K\u00fcstenregenwald. Ein hinrei\u00dfend sch\u00f6nes Wimmelsachbuch mit detailreichen Karten, spannenden Geschichten und vielen erstaunlichen Fakten.<\/span><\/td><\/tr><tr><td colspan='2'><a href='#' onclick='history.back(); return false'>Zur\u00fcck<\/a><\/td><\/tr><\/tbody><\/table>\n","protected":false},"excerpt":{"rendered":"<p>&#8211;<\/p>\n","protected":false},"author":1,"featured_media":0,"parent":0,"menu_order":0,"comment_status":"closed","ping_status":"closed","template":"","meta":[],"_links":{"self":[{"href":"https:\/\/www.web-rr.de\/GHS-Buecherei\/index.php\/wp-json\/wp\/v2\/pages\/16991"}],"collection":[{"href":"https:\/\/www.web-rr.de\/GHS-Buecherei\/index.php\/wp-json\/wp\/v2\/pages"}],"about":[{"href":"https:\/\/www.web-rr.de\/GHS-Buecherei\/index.php\/wp-json\/wp\/v2\/types\/page"}],"author":[{"embeddable":true,"href":"https:\/\/www.web-rr.de\/GHS-Buecherei\/index.php\/wp-json\/wp\/v2\/users\/1"}],"replies":[{"embeddable":true,"href":"https:\/\/www.web-rr.de\/GHS-Buecherei\/index.php\/wp-json\/wp\/v2\/comments?post=16991"}],"version-history":[{"count":0,"href":"https:\/\/www.web-rr.de\/GHS-Buecherei\/index.php\/wp-json\/wp\/v2\/pages\/16991\/revisions"}],"wp:attachment":[{"href":"https:\/\/www.web-rr.de\/GHS-Buecherei\/index.php\/wp-json\/wp\/v2\/media?parent=16991"}],"curies":[{"name":"wp","href":"https:\/\/api.w.org\/{rel}","templated":true}]}}