{"id":16989,"date":"2021-05-21T10:00:00","date_gmt":"2021-05-21T10:00:00","guid":{"rendered":"https:\/\/www.web-rr.de\/GHS-Buecherei\/?page_id=16989"},"modified":"2021-05-21T23:00:00","modified_gmt":"2021-05-21T23:00:00","slug":"p9783987430046","status":"publish","type":"page","link":"https:\/\/www.web-rr.de\/GHS-Buecherei\/index.php\/p9783987430046\/","title":{"rendered":"Erde &#8211; Planet 37"},"content":{"rendered":"<table><tbody><tr><td class='rDTitel' colspan='2'>Hey! Was ist nur mit dem Wetter los?<\/td><\/tr><tr><td><span class='rDLabel1'>Status: <\/span><span class='rDText1Gruen'>vorhanden<\/span><\/td><td><span class='rDLabel1'>Antolin: <\/span><span class='rDText1Rot'>Quiz nicht vorhanden.<\/span><\/td><\/tr><tr><td width=50%><img src='https:\/\/www.web-rr.de\/GHS-Buecherei\/wp-content\/uploads\/9783987430046.jpg' alt=''><\/td><td><p class='rDLabel2'>von <span class='rDText2'>Laura Ertimo, Mari Ahokoivu,<\/span><\/p><p class='rDLabel2'>Verlag: <span class='rDText2'>CroCu,  2022,  16.00 \u20ac<\/span><\/p><p class='rDLabel2'>B\u00fccherei-Barcode: <span class='rDText2'>9783987430046<\/span><\/p><p class='rDLabel2'>In der B\u00fccherei erfasst am: <span class='rDText2'>11.10.2025<\/span><\/p><p class='rDLabel2'>Stichw\u00f6rter: <span class='rDText2'>Klima, Klimawandel, Wetter, Zukunft<\/span><\/p><p class='rDLabel2'>Lesealter ca. <span class='rDText2'>8<\/span><span class='rDLabel2'> Jahre<\/span><\/p><p class='rDLabel2'>Das Buch wurde <span class='rDText2'>0<\/span><span class='rDLabel2'> mal gelesen.<\/span><\/p><\/td><\/tr><tr><td colspan='2'><p class='rDLabel1'>Inhalt:<\/p><span class='rDText2'>Das Klima \u00e4ndert sich \u2013 warum tun wir das nicht auch? Die zwei cleveren Freunde, Lotta und Kalle, haben die ausweichenden Antworten ihrer Eltern zum Thema \u201eWas ist nur mit dem Wetter los?\u201c satt. Sie beschlie\u00dfen, sich auf die Recherche zu begeben und herauszufinden, was es denn nun mit dem Klimawandel wirklich auf sich hat! HEY! \u2013 WAS IST NUR MIT DEM WETTER LOS? ist ein ehrliches, aber hoffnungsvolles Kindersachbuch, das erkl\u00e4rt, wie der Mensch f\u00fcr den Klimawandel verantwortlich ist und was wir tun k\u00f6nnen, um eine bessere Zukunft f\u00fcr uns zu sichern. Au\u00dferdem enth\u00e4lt es Tipps, wie jeder Einzelne bessere Entscheidungen treffen und seine F\u00e4higkeiten, das Klima zu sch\u00fctzen, im Alltag einsetzen kann. Aber der Klimawandel l\u00e4sst sich nicht mit kleinen Tricks besiegen, und dieses Buch regt auch dazu an, mit Kindern dar\u00fcber zu sprechen, wie man Umschw\u00fcnge in der Gesellschaft herbeif\u00fchren und gemeinsam einfach ALLES ver\u00e4ndern kann. Autorin Laura Ertimo und Illustratorin Mari Ahokoivu \u2013 das Kreativ-Team hinter dem Auftakt der finnischen Kindersachbuchreihe HEY! \u2013 beantworten die schwierigen Fragen von Kindern zum Thema Klimawandel und erkl\u00e4ren, wie jeder von uns etwas \u00e4ndern k\u00f6nnte. Kindgerechter und pfiffiger wie lehrreicher Wortwitz trifft auf moderne und pr\u00e4gnante Illustrationen.<\/span><\/td><\/tr><tr><td colspan='2'><a href='#' onclick='history.back(); return false'>Zur\u00fcck<\/a><\/td><\/tr><\/tbody><\/table>\n","protected":false},"excerpt":{"rendered":"<p>&#8211;<\/p>\n","protected":false},"author":1,"featured_media":0,"parent":0,"menu_order":0,"comment_status":"closed","ping_status":"closed","template":"","meta":[],"_links":{"self":[{"href":"https:\/\/www.web-rr.de\/GHS-Buecherei\/index.php\/wp-json\/wp\/v2\/pages\/16989"}],"collection":[{"href":"https:\/\/www.web-rr.de\/GHS-Buecherei\/index.php\/wp-json\/wp\/v2\/pages"}],"about":[{"href":"https:\/\/www.web-rr.de\/GHS-Buecherei\/index.php\/wp-json\/wp\/v2\/types\/page"}],"author":[{"embeddable":true,"href":"https:\/\/www.web-rr.de\/GHS-Buecherei\/index.php\/wp-json\/wp\/v2\/users\/1"}],"replies":[{"embeddable":true,"href":"https:\/\/www.web-rr.de\/GHS-Buecherei\/index.php\/wp-json\/wp\/v2\/comments?post=16989"}],"version-history":[{"count":0,"href":"https:\/\/www.web-rr.de\/GHS-Buecherei\/index.php\/wp-json\/wp\/v2\/pages\/16989\/revisions"}],"wp:attachment":[{"href":"https:\/\/www.web-rr.de\/GHS-Buecherei\/index.php\/wp-json\/wp\/v2\/media?parent=16989"}],"curies":[{"name":"wp","href":"https:\/\/api.w.org\/{rel}","templated":true}]}}