{"id":16984,"date":"2021-05-21T10:00:00","date_gmt":"2021-05-21T10:00:00","guid":{"rendered":"https:\/\/www.web-rr.de\/GHS-Buecherei\/?page_id=16984"},"modified":"2021-05-21T23:00:00","modified_gmt":"2021-05-21T23:00:00","slug":"p9783000773617","status":"publish","type":"page","link":"https:\/\/www.web-rr.de\/GHS-Buecherei\/index.php\/p9783000773617\/","title":{"rendered":"Tiere 129"},"content":{"rendered":"<table><tbody><tr><td class='rDTitel' colspan='2'>Antoine und das Geheimnis des Lichts<\/td><\/tr><tr><td><span class='rDLabel1'>Status: <\/span><span class='rDText1Gruen'>vorhanden<\/span><\/td><td><span class='rDLabel1'>Antolin: <\/span><span class='rDText1Rot'>Quiz nicht vorhanden.<\/span><\/td><\/tr><tr><td width=50%><img src='https:\/\/www.web-rr.de\/GHS-Buecherei\/wp-content\/uploads\/9783000773617.jpg' alt=''><\/td><td><p class='rDLabel2'>von <span class='rDText2'>Oliver Stassen und Meike Hoppen<\/span><\/p><p class='rDLabel2'>Verlag: <span class='rDText2'>Oliver Stassen,  2023,  24.00 \u20ac<\/span><\/p><p class='rDLabel2'>B\u00fccherei-Barcode: <span class='rDText2'>9783000773617<\/span><\/p><p class='rDLabel2'>In der B\u00fccherei erfasst am: <span class='rDText2'>11.10.2025<\/span><\/p><p class='rDLabel2'>Stichw\u00f6rter: <span class='rDText2'>Abenteuer, Gl\u00fchw\u00fcrmchen, Parabel, Gl\u00fcck<\/span><\/p><p class='rDLabel2'>Lesealter ca. <span class='rDText2'>8<\/span><span class='rDLabel2'> Jahre<\/span><\/p><p class='rDLabel2'>Das Buch wurde <span class='rDText2'>0<\/span><span class='rDLabel2'> mal gelesen.<\/span><\/p><\/td><\/tr><tr><td colspan='2'><p class='rDLabel1'>Inhalt:<\/p><span class='rDText2'>Mit Leichtigkeit und Freude verbindet das Buch kindliche Abenteuerlust und spirituelle Weisheit. Die Geschichte spielt in der Welt der Gl\u00fchw\u00fcrmchen und ist eine Parabel zur menschlichen Suche nach dem wahren, inneren Gl\u00fcck und Licht. Das Buch richtet sich gleicherma\u00dfen an Kinder (ab 8 Jahren) und Erwachsene. In ihrer Einfachheit und Unbek\u00fcmmertheit m\u00f6gen es oftmals die Kinder sein, die den Erwachsenen helfen, die tieferen Dimensionen der Geschichte zu verstehen. So geben die Erlebnisse von Antoine, dem Gl\u00fchw\u00fcrmchenjungen, Kindern, Eltern und Gro\u00dfeltern Gelegenheit zum Austausch \u00fcber frische Lebenseindr\u00fccke und gereiftere Erkenntnisse. Und vielleicht wird dabei auch die eine oder andere tiefere Frage unseres Daseins ber\u00fchrt.<\/span><\/td><\/tr><tr><td colspan='2'><a href='#' onclick='history.back(); return false'>Zur\u00fcck<\/a><\/td><\/tr><\/tbody><\/table>\n","protected":false},"excerpt":{"rendered":"<p>&#8211;<\/p>\n","protected":false},"author":1,"featured_media":0,"parent":0,"menu_order":0,"comment_status":"closed","ping_status":"closed","template":"","meta":[],"_links":{"self":[{"href":"https:\/\/www.web-rr.de\/GHS-Buecherei\/index.php\/wp-json\/wp\/v2\/pages\/16984"}],"collection":[{"href":"https:\/\/www.web-rr.de\/GHS-Buecherei\/index.php\/wp-json\/wp\/v2\/pages"}],"about":[{"href":"https:\/\/www.web-rr.de\/GHS-Buecherei\/index.php\/wp-json\/wp\/v2\/types\/page"}],"author":[{"embeddable":true,"href":"https:\/\/www.web-rr.de\/GHS-Buecherei\/index.php\/wp-json\/wp\/v2\/users\/1"}],"replies":[{"embeddable":true,"href":"https:\/\/www.web-rr.de\/GHS-Buecherei\/index.php\/wp-json\/wp\/v2\/comments?post=16984"}],"version-history":[{"count":0,"href":"https:\/\/www.web-rr.de\/GHS-Buecherei\/index.php\/wp-json\/wp\/v2\/pages\/16984\/revisions"}],"wp:attachment":[{"href":"https:\/\/www.web-rr.de\/GHS-Buecherei\/index.php\/wp-json\/wp\/v2\/media?parent=16984"}],"curies":[{"name":"wp","href":"https:\/\/api.w.org\/{rel}","templated":true}]}}