{"id":16980,"date":"2021-05-21T10:00:00","date_gmt":"2021-05-21T10:00:00","guid":{"rendered":"https:\/\/www.web-rr.de\/GHS-Buecherei\/?page_id=16980"},"modified":"2021-05-21T23:00:00","modified_gmt":"2021-05-21T23:00:00","slug":"p9783743204324","status":"publish","type":"page","link":"https:\/\/www.web-rr.de\/GHS-Buecherei\/index.php\/p9783743204324\/","title":{"rendered":"Detektive 98"},"content":{"rendered":"<table><tbody><tr><td class='rDTitel' colspan='2'>Red - Der Club der magischen Kinder - Ermittlungen undercover<\/td><\/tr><tr><td><span class='rDLabel1'>Status: <\/span><span class='rDText1Gruen'>vorhanden<\/span><\/td><td><span class='rDLabel1'>Antolin: <\/span><span class='rDText1Gruen'>ja, Empfehlung Klasse 5<\/span><\/td><\/tr><tr><td width=50%><img src='https:\/\/www.web-rr.de\/GHS-Buecherei\/wp-content\/uploads\/9783743204324.jpg' alt=''><\/td><td><p class='rDLabel2'>von <span class='rDText2'>Sonja Kaiblinger und Vera Schmidt<\/span><\/p><p class='rDLabel2'>Verlag: <span class='rDText2'>Loewe,  2023,  14.00 \u20ac<\/span><\/p><p class='rDLabel2'>B\u00fccherei-Barcode: <span class='rDText2'>9783743204324<\/span><\/p><p class='rDLabel2'>In der B\u00fccherei erfasst am: <span class='rDText2'>11.10.2025<\/span><\/p><p class='rDLabel2'>Stichw\u00f6rter: <span class='rDText2'>Magie, Spannung, Abenteuer, Geheimnisse, Humor, Spa\u00df<\/span><\/p><p class='rDLabel2'>Lesealter ca. <span class='rDText2'>9<\/span><span class='rDLabel2'> Jahre<\/span><\/p><p class='rDLabel2'>Das Buch wurde <span class='rDText2'>0<\/span><span class='rDLabel2'> mal gelesen.<\/span><\/p><\/td><\/tr><tr><td colspan='2'><p class='rDLabel1'>Inhalt:<\/p><span class='rDText2'>Wir sind die REDs\r\nGedanken lesen, in die Zukunft schauen, magische Tr\u00e4nke brauen und die Natur kontrollieren: Die Mitglieder des Geheimclubs Red haben supercoole F\u00e4higkeiten und l\u00f6sen r\u00e4tselhafte F\u00e4lle im Nu!\r\nPsst, das ist TOPSECRET!\r\nCooler Geheimclub? Check!\r\nGeniales Geheimversteck? Check!\r\nEin spannender Fall? Fehlanzeige!\r\nDie Reds haben ihr Hauptquartier in einer Tomatenfabrik aufgeschlagen. Jetzt muss nur noch etwas Aufregendes passieren. Doch dann wird bei den Rotlingen eingebrochen. Ist Almas fieser Bruder Anton der T\u00e4ter? Die Reds ermitteln undercover \u2026\r\nBand 2 der coolen Abenteuer-Reihe f\u00fcr Kinder ab 9\r\nGenialer Humor \u2013 zum Kaputtlachen!\r\nOriginell, magisch und spannend<\/span><\/td><\/tr><tr><td colspan='2'><a href='#' onclick='history.back(); return false'>Zur\u00fcck<\/a><\/td><\/tr><\/tbody><\/table>\n","protected":false},"excerpt":{"rendered":"<p>&#8211;<\/p>\n","protected":false},"author":1,"featured_media":0,"parent":0,"menu_order":0,"comment_status":"closed","ping_status":"closed","template":"","meta":[],"_links":{"self":[{"href":"https:\/\/www.web-rr.de\/GHS-Buecherei\/index.php\/wp-json\/wp\/v2\/pages\/16980"}],"collection":[{"href":"https:\/\/www.web-rr.de\/GHS-Buecherei\/index.php\/wp-json\/wp\/v2\/pages"}],"about":[{"href":"https:\/\/www.web-rr.de\/GHS-Buecherei\/index.php\/wp-json\/wp\/v2\/types\/page"}],"author":[{"embeddable":true,"href":"https:\/\/www.web-rr.de\/GHS-Buecherei\/index.php\/wp-json\/wp\/v2\/users\/1"}],"replies":[{"embeddable":true,"href":"https:\/\/www.web-rr.de\/GHS-Buecherei\/index.php\/wp-json\/wp\/v2\/comments?post=16980"}],"version-history":[{"count":0,"href":"https:\/\/www.web-rr.de\/GHS-Buecherei\/index.php\/wp-json\/wp\/v2\/pages\/16980\/revisions"}],"wp:attachment":[{"href":"https:\/\/www.web-rr.de\/GHS-Buecherei\/index.php\/wp-json\/wp\/v2\/media?parent=16980"}],"curies":[{"name":"wp","href":"https:\/\/api.w.org\/{rel}","templated":true}]}}