{"id":16973,"date":"2021-05-21T10:00:00","date_gmt":"2021-05-21T10:00:00","guid":{"rendered":"https:\/\/www.web-rr.de\/GHS-Buecherei\/?page_id=16973"},"modified":"2021-05-21T23:00:00","modified_gmt":"2021-05-21T23:00:00","slug":"p9783570180792","status":"publish","type":"page","link":"https:\/\/www.web-rr.de\/GHS-Buecherei\/index.php\/p9783570180792\/","title":{"rendered":"Fantasie 107"},"content":{"rendered":"<table><tbody><tr><td class='rDTitel' colspan='2'>Das fantastische fliegende Fundb\u00fcro - Die Suche nach Juma<\/td><\/tr><tr><td><span class='rDLabel1'>Status: <\/span><span class='rDText1Gruen'>vorhanden<\/span><\/td><td><span class='rDLabel1'>Antolin: <\/span><span class='rDText1Gruen'>ja, Empfehlung Klasse 4<\/span><\/td><\/tr><tr><td width=50%><img src='https:\/\/www.web-rr.de\/GHS-Buecherei\/wp-content\/uploads\/9783570180792.jpg' alt=''><\/td><td><p class='rDLabel2'>von <span class='rDText2'>Andreas H\u00fcging , Angelika Niestrath<\/span><\/p><p class='rDLabel2'>Verlag: <span class='rDText2'>cbj,  2023,  15.00 \u20ac<\/span><\/p><p class='rDLabel2'>B\u00fccherei-Barcode: <span class='rDText2'>9783570180792<\/span><\/p><p class='rDLabel2'>In der B\u00fccherei erfasst am: <span class='rDText2'>11.10.2025<\/span><\/p><p class='rDLabel2'>Stichw\u00f6rter: <span class='rDText2'>Hokuspokus, Geheimagent, Spannung, Abenteuer, Freunde, Magie, Nilpferd<\/span><\/p><p class='rDLabel2'>Lesealter ca. <span class='rDText2'>8<\/span><span class='rDLabel2'> Jahre<\/span><\/p><p class='rDLabel2'>Das Buch wurde <span class='rDText2'>0<\/span><span class='rDLabel2'> mal gelesen.<\/span><\/p><\/td><\/tr><tr><td colspan='2'><p class='rDLabel1'>Inhalt:<\/p><span class='rDText2'>Hokuspokus Verschwindibus \u2013 ein neuer Fall f\u00fcr die Spezialagenten des magischen Fundb\u00fcros!\r\nSeit der eher sch\u00fcchterne Anton als Geheimagent auf dem Raketenbett zusammen mit Hund Fluser und seinen neuen Freunden Alex und Pogo verlorene Lieblingsdinge aufsp\u00fcrt, ist er Aufregung schon fast gewohnt. Doch dann kommt die gro\u00dfe Magierin Zampana in die Stadt und alles steht kopf: Im Chinarestaurant gibt es \u00c4rger mit falschen Essst\u00e4bchen, Pogo wird aus dem Fundb\u00fcro entf\u00fchrt und taucht im Tierpark wieder auf, w\u00e4hrend das neugeborene Nilpferdbaby Juma im selben Moment von dort verschwindet \u2013 eine Katastrophe f\u00fcr Antons Klassenkameraden Leo, denn der Tierpark geh\u00f6rt seinen Eltern, und Juma war ihre gr\u00f6\u00dfte Attraktion! Anton und Alex geben alles, um das Hippobaby zur\u00fcckzubringen, doch Pogos Vorhersagen sind verr\u00fcckter denn je, und selbst auf das Raketenbett ist diesmal kein Verlass ... Ein scheinbar total verhexter Fall mit vielen \u00dcberraschungen!<\/span><\/td><\/tr><tr><td colspan='2'><a href='#' onclick='history.back(); return false'>Zur\u00fcck<\/a><\/td><\/tr><\/tbody><\/table>\n","protected":false},"excerpt":{"rendered":"<p>&#8211;<\/p>\n","protected":false},"author":1,"featured_media":0,"parent":0,"menu_order":0,"comment_status":"closed","ping_status":"closed","template":"","meta":[],"_links":{"self":[{"href":"https:\/\/www.web-rr.de\/GHS-Buecherei\/index.php\/wp-json\/wp\/v2\/pages\/16973"}],"collection":[{"href":"https:\/\/www.web-rr.de\/GHS-Buecherei\/index.php\/wp-json\/wp\/v2\/pages"}],"about":[{"href":"https:\/\/www.web-rr.de\/GHS-Buecherei\/index.php\/wp-json\/wp\/v2\/types\/page"}],"author":[{"embeddable":true,"href":"https:\/\/www.web-rr.de\/GHS-Buecherei\/index.php\/wp-json\/wp\/v2\/users\/1"}],"replies":[{"embeddable":true,"href":"https:\/\/www.web-rr.de\/GHS-Buecherei\/index.php\/wp-json\/wp\/v2\/comments?post=16973"}],"version-history":[{"count":0,"href":"https:\/\/www.web-rr.de\/GHS-Buecherei\/index.php\/wp-json\/wp\/v2\/pages\/16973\/revisions"}],"wp:attachment":[{"href":"https:\/\/www.web-rr.de\/GHS-Buecherei\/index.php\/wp-json\/wp\/v2\/media?parent=16973"}],"curies":[{"name":"wp","href":"https:\/\/api.w.org\/{rel}","templated":true}]}}