{"id":16971,"date":"2021-05-21T10:00:00","date_gmt":"2021-05-21T10:00:00","guid":{"rendered":"https:\/\/www.web-rr.de\/GHS-Buecherei\/?page_id=16971"},"modified":"2021-05-21T23:00:00","modified_gmt":"2021-05-21T23:00:00","slug":"p9783779507000","status":"publish","type":"page","link":"https:\/\/www.web-rr.de\/GHS-Buecherei\/index.php\/p9783779507000\/","title":{"rendered":"Fantasie 105"},"content":{"rendered":"<table><tbody><tr><td class='rDTitel' colspan='2'>Ganz oben fliegt Lili<\/td><\/tr><tr><td><span class='rDLabel1'>Status: <\/span><span class='rDText1Gruen'>vorhanden<\/span><\/td><td><span class='rDLabel1'>Antolin: <\/span><span class='rDText1Gruen'>ja, Empfehlung Klasse 4<\/span><\/td><\/tr><tr><td width=50%><img src='https:\/\/www.web-rr.de\/GHS-Buecherei\/wp-content\/uploads\/9783779507000.jpg' alt=''><\/td><td><p class='rDLabel2'>von <span class='rDText2'>Julia Willmann und Alexandra Junge<\/span><\/p><p class='rDLabel2'>Verlag: <span class='rDText2'>Peter Hammer Verlag,  2023,  15.00 \u20ac<\/span><\/p><p class='rDLabel2'>B\u00fccherei-Barcode: <span class='rDText2'>9783779507000<\/span><\/p><p class='rDLabel2'>In der B\u00fccherei erfasst am: <span class='rDText2'>11.10.2025<\/span><\/p><p class='rDLabel2'>Stichw\u00f6rter: <span class='rDText2'>Fliege, Reise, \u00d6kosystem, Spannung, Alpen<\/span><\/p><p class='rDLabel2'>Lesealter ca. <span class='rDText2'>8<\/span><span class='rDLabel2'> Jahre<\/span><\/p><p class='rDLabel2'>Das Buch wurde <span class='rDText2'>0<\/span><span class='rDLabel2'> mal gelesen.<\/span><\/p><\/td><\/tr><tr><td colspan='2'><p class='rDLabel1'>Inhalt:<\/p><span class='rDText2'>Beim Versuch, aus der Stube hinaus ins Licht zu gelangen, prallt die kleine Fliege Lili so heftig mit dem Kopf gegen die Fensterscheibe, dass sie ihr L verliert. Als \u201ekeine Fiege ii\" findet sie ins Freie und macht sich auf eine weite Reise. Denn kaum geschl\u00fcpft, wei\u00df ii genau, wo sie hingeh\u00f6rt: in die Alpen! Unterwegs trifft ii viele Tiere, die ihren Sprachfehler und ihren tollk\u00fchnen Plan bel\u00e4cheln. Und sie immer wieder verwechseln: Als Schwebfliege hat ii gelbe Streifen und so sehr sie auch beteuert, eine \u201eFiege\" zu sein, fressen will sie niemand. Aber ii ger\u00e4t in andere Gefahren und auf Abwege. Wie sie ihrem ersehnten Ziel dennoch immer n\u00e4herkommt, wird in diesem spannenden, gef\u00fchlvollen und unglaublich lustigen Buch erz\u00e4hlt. Dabei ist die Geschichte von Lili nicht nur ausgedacht: Sie beruht auf ausf\u00fchrlichen Recherchen der Autorin \u00fcber die Schwebfliege, die eine der wichtigsten Best\u00e4uberinnen im \u00d6kosystem ist und in ihrem Leben viele tausend Kilometer zur\u00fccklegt. Mit einem kurzen Nachwort zum Thema Schwebfliegen.<\/span><\/td><\/tr><tr><td colspan='2'><a href='#' onclick='history.back(); return false'>Zur\u00fcck<\/a><\/td><\/tr><\/tbody><\/table>\n","protected":false},"excerpt":{"rendered":"<p>&#8211;<\/p>\n","protected":false},"author":1,"featured_media":0,"parent":0,"menu_order":0,"comment_status":"closed","ping_status":"closed","template":"","meta":[],"_links":{"self":[{"href":"https:\/\/www.web-rr.de\/GHS-Buecherei\/index.php\/wp-json\/wp\/v2\/pages\/16971"}],"collection":[{"href":"https:\/\/www.web-rr.de\/GHS-Buecherei\/index.php\/wp-json\/wp\/v2\/pages"}],"about":[{"href":"https:\/\/www.web-rr.de\/GHS-Buecherei\/index.php\/wp-json\/wp\/v2\/types\/page"}],"author":[{"embeddable":true,"href":"https:\/\/www.web-rr.de\/GHS-Buecherei\/index.php\/wp-json\/wp\/v2\/users\/1"}],"replies":[{"embeddable":true,"href":"https:\/\/www.web-rr.de\/GHS-Buecherei\/index.php\/wp-json\/wp\/v2\/comments?post=16971"}],"version-history":[{"count":0,"href":"https:\/\/www.web-rr.de\/GHS-Buecherei\/index.php\/wp-json\/wp\/v2\/pages\/16971\/revisions"}],"wp:attachment":[{"href":"https:\/\/www.web-rr.de\/GHS-Buecherei\/index.php\/wp-json\/wp\/v2\/media?parent=16971"}],"curies":[{"name":"wp","href":"https:\/\/api.w.org\/{rel}","templated":true}]}}