{"id":16968,"date":"2021-05-21T10:00:00","date_gmt":"2021-05-21T10:00:00","guid":{"rendered":"https:\/\/www.web-rr.de\/GHS-Buecherei\/?page_id=16968"},"modified":"2021-05-21T23:00:00","modified_gmt":"2021-05-21T23:00:00","slug":"p9783959161053","status":"publish","type":"page","link":"https:\/\/www.web-rr.de\/GHS-Buecherei\/index.php\/p9783959161053\/","title":{"rendered":"Abenteuer 123"},"content":{"rendered":"<table><tbody><tr><td class='rDTitel' colspan='2'>Aufregung im Gr\u00fcnG\u00fcrtel - Lilly und Nikolas in Frankfurt am Main<\/td><\/tr><tr><td><span class='rDLabel1'>Status: <\/span><span class='rDText1Gruen'>vorhanden<\/span><\/td><td><span class='rDLabel1'>Antolin: <\/span><span class='rDText1Gruen'>ja, Empfehlung Klasse 4<\/span><\/td><\/tr><tr><td width=50%><img src='https:\/\/www.web-rr.de\/GHS-Buecherei\/wp-content\/uploads\/9783959161053.jpg' alt=''><\/td><td><p class='rDLabel2'>von <span class='rDText2'>Andrea Nesseldreher und Liuba Lebedeva<\/span><\/p><p class='rDLabel2'>Verlag: <span class='rDText2'>Biber & Butzemann,  2023,  19.50 \u20ac<\/span><\/p><p class='rDLabel2'>B\u00fccherei-Barcode: <span class='rDText2'>9783959161053<\/span><\/p><p class='rDLabel2'>In der B\u00fccherei erfasst am: <span class='rDText2'>10.10.2025<\/span><\/p><p class='rDLabel2'>Stichw\u00f6rter: <span class='rDText2'>Frankfurt, Wolkenkratzern, Abenteuer, Spielplatz, Ferienabenteuer<\/span><\/p><p class='rDLabel2'>Lesealter ca. <span class='rDText2'>8<\/span><span class='rDLabel2'> Jahre<\/span><\/p><p class='rDLabel2'>Das Buch wurde <span class='rDText2'>0<\/span><span class='rDLabel2'> mal gelesen.<\/span><\/p><\/td><\/tr><tr><td colspan='2'><p class='rDLabel1'>Inhalt:<\/p><span class='rDText2'>Auf nach Frankfurt am Main! Zwischen Wolkenkratzern, mittelalterlicher Altstadt und Taunus warten jede Menge neue Abenteuer auf Lilly und Nikolas. Auf der Buchmesse suchen die Geschwister das verschwundene Verlagsmaskottchen Biber Paul, und im Gr\u00fcng\u00fcrtel finden sie schnell neue Freunde. Doch Amira, Nele, Ferhat und Moritz haben ein Problem: Der Spielplatz, auf dem sie sich jeden Nachmittag zum Kicken treffen, soll abgerissen werden, um einem Hotelneubau Platz zu machen. Auch der Lebensraum verschiedener Tiere ist bedroht - nicht nur der des geheimnisvollen Gr\u00fcnG\u00fcrtel-Tiers. Mit ihren neuen Freunden schmieden die Geschwister einen Plan. Streetworkerin Sany und Reporter Patrick unterst\u00fctzen die Kids. Ob es ihnen gemeinsam gelingen wird, die Politiker und den Investor von ihrem Anliegen zu \u00fcberzeugen? Ferienabenteuer f\u00fcr Kinder und Reisef\u00fchrer f\u00fcr Familien: die Kinderbuch-Serie \"Lilly und Nikolas\" Wenn die Geschwister Lilly und Nikolas mit ihren Eltern in den Urlaub fahren, erleben sie die sch\u00f6nsten Abenteuer, staunen \u00fcber Dinge aus vergangenen Tagen, l\u00f6sen R\u00e4tsel und manchmal auch einen kleinen Kriminalfall. Dabei entdecken sie jedes Mal Sehensw\u00fcrdigkeiten und Ausflugsziele, die Kindern wirklich Spa\u00df machen. Auf ihren Touren erfahren sie so ganz nebenbei viel \u00fcber Land und Leute und die Geschichte ihrer Urlaubsregion! - Feriengeschichte voller Spa\u00df, R\u00e4tsel und Abenteuer f\u00fcr Kinder von 7 bis 12 Jahren - Spannend und informativ: Urlaubslekt\u00fcre und Reisef\u00fchrer in einem Kinderbuch - Zum Selbstlesen ab der 3. Klasse oder zum gemeinsamen Lesen in der Familie - Die sch\u00f6nsten Urlaubsziele f\u00fcr Familien und Tipps f\u00fcr Ausfl\u00fcge mit Kindern - Zoos, Freizeitparks und Museen, die Kinder begeistern - Geeignet f\u00fcr Buchvorstellungen und f\u00fcr die Lesef\u00f6rderung mit ANTOLIN - Kann auch im Heimat- und Sachunterricht in der Grundschule eingesetzt werden Ob Urlaub in Deutschland oder den Nachbarl\u00e4ndern, ob Sommerferien am Meer oder Herbsturlaub in den Bergen: Diese Kinderb\u00fccher machen Lust, selbst die Koffer zu packen und loszuziehen!<\/span><\/td><\/tr><tr><td colspan='2'><a href='#' onclick='history.back(); return false'>Zur\u00fcck<\/a><\/td><\/tr><\/tbody><\/table>\n","protected":false},"excerpt":{"rendered":"<p>&#8211;<\/p>\n","protected":false},"author":1,"featured_media":0,"parent":0,"menu_order":0,"comment_status":"closed","ping_status":"closed","template":"","meta":[],"_links":{"self":[{"href":"https:\/\/www.web-rr.de\/GHS-Buecherei\/index.php\/wp-json\/wp\/v2\/pages\/16968"}],"collection":[{"href":"https:\/\/www.web-rr.de\/GHS-Buecherei\/index.php\/wp-json\/wp\/v2\/pages"}],"about":[{"href":"https:\/\/www.web-rr.de\/GHS-Buecherei\/index.php\/wp-json\/wp\/v2\/types\/page"}],"author":[{"embeddable":true,"href":"https:\/\/www.web-rr.de\/GHS-Buecherei\/index.php\/wp-json\/wp\/v2\/users\/1"}],"replies":[{"embeddable":true,"href":"https:\/\/www.web-rr.de\/GHS-Buecherei\/index.php\/wp-json\/wp\/v2\/comments?post=16968"}],"version-history":[{"count":0,"href":"https:\/\/www.web-rr.de\/GHS-Buecherei\/index.php\/wp-json\/wp\/v2\/pages\/16968\/revisions"}],"wp:attachment":[{"href":"https:\/\/www.web-rr.de\/GHS-Buecherei\/index.php\/wp-json\/wp\/v2\/media?parent=16968"}],"curies":[{"name":"wp","href":"https:\/\/api.w.org\/{rel}","templated":true}]}}