{"id":16964,"date":"2021-05-21T10:00:00","date_gmt":"2021-05-21T10:00:00","guid":{"rendered":"https:\/\/www.web-rr.de\/GHS-Buecherei\/?page_id=16964"},"modified":"2021-05-21T23:00:00","modified_gmt":"2021-05-21T23:00:00","slug":"p9783423764605","status":"publish","type":"page","link":"https:\/\/www.web-rr.de\/GHS-Buecherei\/index.php\/p9783423764605\/","title":{"rendered":"Abenteuer 119"},"content":{"rendered":"<table><tbody><tr><td class='rDTitel' colspan='2'>Ginger und die Bibliothek der magischen Pflanzen<\/td><\/tr><tr><td><span class='rDLabel1'>Status: <\/span><span class='rDText1Gruen'>vorhanden<\/span><\/td><td><span class='rDLabel1'>Antolin: <\/span><span class='rDText1Gruen'>ja, Empfehlung Klasse 5<\/span><\/td><\/tr><tr><td width=50%><img src='https:\/\/www.web-rr.de\/GHS-Buecherei\/wp-content\/uploads\/9783423764605.jpg' alt=''><\/td><td><p class='rDLabel2'>von <span class='rDText2'>Judith Allert und Florentine Prechtel<\/span><\/p><p class='rDLabel2'>Verlag: <span class='rDText2'>dtv Verlagsgesellschaft mbH & Co. KG,  2023,  14.00 \u20ac<\/span><\/p><p class='rDLabel2'>B\u00fccherei-Barcode: <span class='rDText2'>9783423764605<\/span><\/p><p class='rDLabel2'>In der B\u00fccherei erfasst am: <span class='rDText2'>10.10.2025<\/span><\/p><p class='rDLabel2'>Stichw\u00f6rter: <span class='rDText2'>Abenteuer, Paris, Natur, Geheimnis,Spannung<\/span><\/p><p class='rDLabel2'>Lesealter ca. <span class='rDText2'>9<\/span><span class='rDLabel2'> Jahre<\/span><\/p><p class='rDLabel2'>Das Buch wurde <span class='rDText2'>0<\/span><span class='rDLabel2'> mal gelesen.<\/span><\/p><\/td><\/tr><tr><td colspan='2'><p class='rDLabel1'>Inhalt:<\/p><span class='rDText2'>Gingers Abenteuer in den letzten G\u00e4rten von Paris\r\nSeit ihre Eltern pl\u00f6tzlich auf seltsame Weise verschollen sind, lebt die 12-j\u00e4hrige Ginger \u2013 ohne eine Erinnerung an ihre Vergangenheit \u2013 bei strengen Pflegeeltern. Schnell merkt sie, dass hier etwas nicht stimmt. Warum tun die beiden alles, um Ginger von der Natur fernzuhalten? Obwohl sie offenbar eine ganz besondere Verbindung zu Pflanzen hat!\r\nSp\u00e4testens als das sprechende Eichh\u00f6rnchen Alva auftaucht, wird Ginger klar, dass ein riesiges Geheimnis hinter all den Merkw\u00fcrdigkeiten steckt. \r\nZusammen mit Alva begibt sie sich auf eine zauberhafte, spannende und waghalsige Reise zu den letzten magischen Orten der Welt!<\/span><\/td><\/tr><tr><td colspan='2'><a href='#' onclick='history.back(); return false'>Zur\u00fcck<\/a><\/td><\/tr><\/tbody><\/table>\n","protected":false},"excerpt":{"rendered":"<p>&#8211;<\/p>\n","protected":false},"author":1,"featured_media":0,"parent":0,"menu_order":0,"comment_status":"closed","ping_status":"closed","template":"","meta":[],"_links":{"self":[{"href":"https:\/\/www.web-rr.de\/GHS-Buecherei\/index.php\/wp-json\/wp\/v2\/pages\/16964"}],"collection":[{"href":"https:\/\/www.web-rr.de\/GHS-Buecherei\/index.php\/wp-json\/wp\/v2\/pages"}],"about":[{"href":"https:\/\/www.web-rr.de\/GHS-Buecherei\/index.php\/wp-json\/wp\/v2\/types\/page"}],"author":[{"embeddable":true,"href":"https:\/\/www.web-rr.de\/GHS-Buecherei\/index.php\/wp-json\/wp\/v2\/users\/1"}],"replies":[{"embeddable":true,"href":"https:\/\/www.web-rr.de\/GHS-Buecherei\/index.php\/wp-json\/wp\/v2\/comments?post=16964"}],"version-history":[{"count":0,"href":"https:\/\/www.web-rr.de\/GHS-Buecherei\/index.php\/wp-json\/wp\/v2\/pages\/16964\/revisions"}],"wp:attachment":[{"href":"https:\/\/www.web-rr.de\/GHS-Buecherei\/index.php\/wp-json\/wp\/v2\/media?parent=16964"}],"curies":[{"name":"wp","href":"https:\/\/api.w.org\/{rel}","templated":true}]}}