{"id":16963,"date":"2021-05-21T10:00:00","date_gmt":"2021-05-21T10:00:00","guid":{"rendered":"https:\/\/www.web-rr.de\/GHS-Buecherei\/?page_id=16963"},"modified":"2021-05-21T23:00:00","modified_gmt":"2021-05-21T23:00:00","slug":"p9783964282125","status":"publish","type":"page","link":"https:\/\/www.web-rr.de\/GHS-Buecherei\/index.php\/p9783964282125\/","title":{"rendered":"Abenteuer 118"},"content":{"rendered":"<table><tbody><tr><td class='rDTitel' colspan='2'>Winterkind und Herr Jemineh<\/td><\/tr><tr><td><span class='rDLabel1'>Status: <\/span><span class='rDText1Gruen'>vorhanden<\/span><\/td><td><span class='rDLabel1'>Antolin: <\/span><span class='rDText1Gruen'>ja, Empfehlung Klasse 4<\/span><\/td><\/tr><tr><td width=50%><img src='https:\/\/www.web-rr.de\/GHS-Buecherei\/wp-content\/uploads\/9783964282125.jpg' alt=''><\/td><td><p class='rDLabel2'>von <span class='rDText2'>Marion Brasch und Elinor Weise<\/span><\/p><p class='rDLabel2'>Verlag: <span class='rDText2'>Verlagshaus Jacoby & Stuart,  2024,  16.00 \u20ac<\/span><\/p><p class='rDLabel2'>B\u00fccherei-Barcode: <span class='rDText2'>9783964282125<\/span><\/p><p class='rDLabel2'>In der B\u00fccherei erfasst am: <span class='rDText2'>10.10.2025<\/span><\/p><p class='rDLabel2'>Stichw\u00f6rter: <span class='rDText2'>Abenteuer, Freunde, Zauberw\u00fcrfel, Humor, Spannung<\/span><\/p><p class='rDLabel2'>Lesealter ca. <span class='rDText2'>8<\/span><span class='rDLabel2'> Jahre<\/span><\/p><p class='rDLabel2'>Das Buch wurde <span class='rDText2'>0<\/span><span class='rDLabel2'> mal gelesen.<\/span><\/p><\/td><\/tr><tr><td colspan='2'><p class='rDLabel1'>Inhalt:<\/p><span class='rDText2'>Wenn das M\u00e4dchen Winterkind morgens erwacht, muss sie nur dreimal laut g\u00e4hnen, und schon geht das Abenteuer los. Sie zieht sich ihren Mantel an, in dem nicht nur gr\u00fcne Murmeln und ein Schraubenzieher zu finden sind, sondern auch ein kleiner Mann mit Hut. Gestatten: Herr Jemineh! Winterkinds bester Freund, der aber alles andere als geduldig ist, viel schimpft und noch dazu furchtbar unzufrieden \u00fcber das Loch in der Manteltasche ist, durch das er st\u00e4ndig rutscht. Jetzt m\u00f6chten Herr Jemineh und Winterkind aber schleunigst los. Der Tag kann beginnen \u2026 \u00bbAber ach herrjemine, es wird sowieso kein guter Tag. Und \u00fcberhaupt, wo bleibt das Fr\u00fchst\u00fcck?\u00ab Winterkind legte die Hand in die Stirn, als w\u00fcrde sie nach jemandem Ausschau halten. \u00bbIch wundere mich auch schon, wo es bleibt\u00ab, sagte sie. \u00bbVielleicht hat es eine Stra\u00dfenbahn verpasst, vielleicht ist es auch im Fahrstuhl stecken geblieben oder hat den Wecker nicht geh\u00f6rt. Vielleicht sollten wir ihm ein St\u00fcck entgegen gehen!\u00ab W\u00e4hrend der Suche nach einem Fr\u00fchst\u00fcck entdecken die beiden ein Paket mit einem Zauberw\u00fcrfel, der geheime Sachen kann. Dank ihm gelangen Winterkind und Herr Jemineh auf ein Schiff, das gerade auf einer Reise ans andere Ende der Welt ist. Dieses befindet sich auf einer tropischen Insel, wo sie dank dem Wauberz\u00fcrfel, \u00e4h, Zauberw\u00fcrfel, unter anderem einen Ammerklaffen, nein, Klammeraffen kennenlernen, der nichts lieber tut, als W\u00f6rter zu verdrehen. Ein Roman voller verr\u00fcckter Einf\u00e4lle und lustiger Dialoge, der Kinder dazu inspiriert, die Magie der W\u00f6rter zu entdecken und eigene Geschichten zu erfinden.<\/span><\/td><\/tr><tr><td colspan='2'><a href='#' onclick='history.back(); return false'>Zur\u00fcck<\/a><\/td><\/tr><\/tbody><\/table>\n","protected":false},"excerpt":{"rendered":"<p>&#8211;<\/p>\n","protected":false},"author":1,"featured_media":0,"parent":0,"menu_order":0,"comment_status":"closed","ping_status":"closed","template":"","meta":[],"_links":{"self":[{"href":"https:\/\/www.web-rr.de\/GHS-Buecherei\/index.php\/wp-json\/wp\/v2\/pages\/16963"}],"collection":[{"href":"https:\/\/www.web-rr.de\/GHS-Buecherei\/index.php\/wp-json\/wp\/v2\/pages"}],"about":[{"href":"https:\/\/www.web-rr.de\/GHS-Buecherei\/index.php\/wp-json\/wp\/v2\/types\/page"}],"author":[{"embeddable":true,"href":"https:\/\/www.web-rr.de\/GHS-Buecherei\/index.php\/wp-json\/wp\/v2\/users\/1"}],"replies":[{"embeddable":true,"href":"https:\/\/www.web-rr.de\/GHS-Buecherei\/index.php\/wp-json\/wp\/v2\/comments?post=16963"}],"version-history":[{"count":0,"href":"https:\/\/www.web-rr.de\/GHS-Buecherei\/index.php\/wp-json\/wp\/v2\/pages\/16963\/revisions"}],"wp:attachment":[{"href":"https:\/\/www.web-rr.de\/GHS-Buecherei\/index.php\/wp-json\/wp\/v2\/media?parent=16963"}],"curies":[{"name":"wp","href":"https:\/\/api.w.org\/{rel}","templated":true}]}}