{"id":16958,"date":"2021-05-21T10:00:00","date_gmt":"2021-05-21T10:00:00","guid":{"rendered":"https:\/\/www.web-rr.de\/GHS-Buecherei\/?page_id=16958"},"modified":"2021-05-21T23:00:00","modified_gmt":"2021-05-21T23:00:00","slug":"p9783551690173","status":"publish","type":"page","link":"https:\/\/www.web-rr.de\/GHS-Buecherei\/index.php\/p9783551690173\/","title":{"rendered":"Erstlesen 305"},"content":{"rendered":"<table><tbody><tr><td class='rDTitel' colspan='2'>Bobby und Boss: Freunde im Anflug<\/td><\/tr><tr><td><span class='rDLabel1'>Status: <\/span><span class='rDText1Gruen'>vorhanden<\/span><\/td><td><span class='rDLabel1'>Antolin: <\/span><span class='rDText1Gruen'>ja, Empfehlung Klasse 1<\/span><\/td><\/tr><tr><td width=50%><img src='https:\/\/www.web-rr.de\/GHS-Buecherei\/wp-content\/uploads\/9783551690173.jpg' alt=''><\/td><td><p class='rDLabel2'>von <span class='rDText2'>Vanessa Walder und Kurzi Shortriver<\/span><\/p><p class='rDLabel2'>Verlag: <span class='rDText2'>Carlsen,  2023,  9.00 \u20ac<\/span><\/p><p class='rDLabel2'>B\u00fccherei-Barcode: <span class='rDText2'>9783551690173<\/span><\/p><p class='rDLabel2'>In der B\u00fccherei erfasst am: <span class='rDText2'>10.10.2025<\/span><\/p><p class='rDLabel2'>Stichw\u00f6rter: <span class='rDText2'>Fahrrad, Freunde, Fliegen<\/span><\/p><p class='rDLabel2'>Lesealter ca. <span class='rDText2'>6<\/span><span class='rDLabel2'> Jahre<\/span><\/p><p class='rDLabel2'>Das Buch wurde <span class='rDText2'>0<\/span><span class='rDLabel2'> mal gelesen.<\/span><\/p><\/td><\/tr><tr><td colspan='2'><p class='rDLabel1'>Inhalt:<\/p><span class='rDText2'>Fahrradsuche aus der Luft \r\nBobbys Fahrrad wurde geklaut! Er hat es in der Einfahrt liegen lassen und jetzt ist es weg. Zum Gl\u00fcck ist Bobbys beste Freundin Boss ein Genie, davon ist sie \u00fcberzeugt. Boss wei\u00df sofort, wie sie das Rad finden k\u00f6nnen: indem sie es machen wie die Polizei und sich einen \u00dcberblick von oben verschaffen. Nur - wie hebt man am besten vom Boden ab? Mit dem Helikopter? Mit einem Ballon? Oder kann nur ein Drachen helfen? Bobby und Boss probieren alle Methoden aus, um sich in die L\u00fcfte zu schwingen, doch wie so oft kommt alles anders als geplant.\r\nAuch im zweiten Abenteuer \u00fcber BOBBY & BOSS von Erfolgsautorin Vanessa Walder ist Spa\u00df beim Lesenlernen garantiert! Die lustige Geschichte mit modernen Illustrationen nimmt Leseanf\u00e4nger*innen mit zum Tatort des Fahrraddiebstahls: die Einfahrt von Familie Schneider.<\/span><\/td><\/tr><tr><td colspan='2'><a href='#' onclick='history.back(); return false'>Zur\u00fcck<\/a><\/td><\/tr><\/tbody><\/table>\n","protected":false},"excerpt":{"rendered":"<p>&#8211;<\/p>\n","protected":false},"author":1,"featured_media":0,"parent":0,"menu_order":0,"comment_status":"closed","ping_status":"closed","template":"","meta":[],"_links":{"self":[{"href":"https:\/\/www.web-rr.de\/GHS-Buecherei\/index.php\/wp-json\/wp\/v2\/pages\/16958"}],"collection":[{"href":"https:\/\/www.web-rr.de\/GHS-Buecherei\/index.php\/wp-json\/wp\/v2\/pages"}],"about":[{"href":"https:\/\/www.web-rr.de\/GHS-Buecherei\/index.php\/wp-json\/wp\/v2\/types\/page"}],"author":[{"embeddable":true,"href":"https:\/\/www.web-rr.de\/GHS-Buecherei\/index.php\/wp-json\/wp\/v2\/users\/1"}],"replies":[{"embeddable":true,"href":"https:\/\/www.web-rr.de\/GHS-Buecherei\/index.php\/wp-json\/wp\/v2\/comments?post=16958"}],"version-history":[{"count":0,"href":"https:\/\/www.web-rr.de\/GHS-Buecherei\/index.php\/wp-json\/wp\/v2\/pages\/16958\/revisions"}],"wp:attachment":[{"href":"https:\/\/www.web-rr.de\/GHS-Buecherei\/index.php\/wp-json\/wp\/v2\/media?parent=16958"}],"curies":[{"name":"wp","href":"https:\/\/api.w.org\/{rel}","templated":true}]}}