{"id":16955,"date":"2021-05-21T10:00:00","date_gmt":"2021-05-21T10:00:00","guid":{"rendered":"https:\/\/www.web-rr.de\/GHS-Buecherei\/?page_id=16955"},"modified":"2021-05-21T23:00:00","modified_gmt":"2021-05-21T23:00:00","slug":"p9783741625787","status":"publish","type":"page","link":"https:\/\/www.web-rr.de\/GHS-Buecherei\/index.php\/p9783741625787\/","title":{"rendered":"Spa\u00df 48"},"content":{"rendered":"<table><tbody><tr><td class='rDTitel' colspan='2'>Im Herzen Wakandas<\/td><\/tr><tr><td><span class='rDLabel1'>Status: <\/span><span class='rDText1Gruen'>vorhanden<\/span><\/td><td><span class='rDLabel1'>Antolin: <\/span><span class='rDText1Rot'>Quiz nicht vorhanden.<\/span><\/td><\/tr><tr><td width=50%><img src='https:\/\/www.web-rr.de\/GHS-Buecherei\/wp-content\/uploads\/9783741625787.jpg' alt=''><\/td><td><p class='rDLabel2'>von <span class='rDText2'>Roseanna A. Brown, Dika Ara\u00fajo<\/span><\/p><p class='rDLabel2'>Verlag: <span class='rDText2'>Panini Verlags GmbH,  2022,  12.00 \u20ac<\/span><\/p><p class='rDLabel2'>B\u00fccherei-Barcode: <span class='rDText2'>9783741625787<\/span><\/p><p class='rDLabel2'>In der B\u00fccherei erfasst am: <span class='rDText2'>10.10.2025<\/span><\/p><p class='rDLabel2'>Stichw\u00f6rter: <span class='rDText2'>Comic, Wissenschaftlerin, Prinzessin, Chaos, Fluch, Mythos, Abenteuer<\/span><\/p><p class='rDLabel2'>Lesealter ca. <span class='rDText2'>8<\/span><span class='rDLabel2'> Jahre<\/span><\/p><p class='rDLabel2'>Das Buch wurde <span class='rDText2'>0<\/span><span class='rDLabel2'> mal gelesen.<\/span><\/p><\/td><\/tr><tr><td colspan='2'><p class='rDLabel1'>Inhalt:<\/p><span class='rDText2'>SHURI UND T\u2019CHALLA SIND DIE EINZIGEN, DIE WAKANDA RETTEN KONNEN ... ABER AUCH EINANDER? Die zw\u00f6lfj\u00e4hrige Shuri ist nicht nur Wissenschaftlerin, sondern auch Prinzessin. Eine wesentlich coolere Person als ihr nervt\u00f6tender gro\u00dfer Bruder T\u2019Challa. Shuri wei\u00df, dass sie so viel mehr tun k\u00f6nnte, um Wakanda zu helfen, aber alle sind besessen vom Prinzen, weil er der n\u00e4chste Black Panther ist. Zumindest bis zum Tag der Seelenw\u00e4sche \u2015 einem der bedeutendsten Rituale der wakandischen Gesellschaft. Als ein Streit zwischen T\u2019Challa und Shuri dazu f\u00fchrt, dass eine von Shuris Erfindungen versehentlich die heilige St\u00e4tte der Zeremonie zerst\u00f6rt, schl\u00e4gt die Situation in Chaos um. Pl\u00f6tzlich erkranken viele Bewohner Wakandas \u2015 einschlie\u00dflich Shuris Mutter, der K\u00f6nigin. K\u00f6nnte es ein Fluch der Ahnen sein? Getrieben von der Verzweiflung, ihre Mutter zu retten, stellt Shuri Nachforschungen an und st\u00f6\u00dft auf eine Antwort, die tief in einem alten Mythos verborgen liegt. Viele halten es f\u00fcr ein Hirngespinst, doch die junge Prinzessin vertraut ihrem Instinkt und bricht auf ins Zentrum der geheimnisvollen Herzl\u00e4nder, um Familie und K\u00f6nigreich zu retten. Begleitet wird Shuri auf ihrer Reise ausgerechnet von Nervens\u00e4ge T\u2019Challa. Gelingt es den beiden, Eifersucht und gegenseitige Abneigung lange genug zu vergessen, um das gef\u00e4hrliche Abenteuer zu \u00fcberstehen? Immerhin l\u00e4sst sich gemeinsam viel mehr erreichen als allein. Daf\u00fcr m\u00fcssen sie sich allerdings in den Herzl\u00e4ndern ihren \u00c4ngsten stellen und den vermeintlichen Fluch besiegen. Sonst droht nicht nur das Ende ihrer Familie, sondern auch das Ende von Wakanda, wie sie es kennen. Wenn das mal kein Druck ist \u2026<\/span><\/td><\/tr><tr><td colspan='2'><a href='#' onclick='history.back(); return false'>Zur\u00fcck<\/a><\/td><\/tr><\/tbody><\/table>\n","protected":false},"excerpt":{"rendered":"<p>&#8211;<\/p>\n","protected":false},"author":1,"featured_media":0,"parent":0,"menu_order":0,"comment_status":"closed","ping_status":"closed","template":"","meta":[],"_links":{"self":[{"href":"https:\/\/www.web-rr.de\/GHS-Buecherei\/index.php\/wp-json\/wp\/v2\/pages\/16955"}],"collection":[{"href":"https:\/\/www.web-rr.de\/GHS-Buecherei\/index.php\/wp-json\/wp\/v2\/pages"}],"about":[{"href":"https:\/\/www.web-rr.de\/GHS-Buecherei\/index.php\/wp-json\/wp\/v2\/types\/page"}],"author":[{"embeddable":true,"href":"https:\/\/www.web-rr.de\/GHS-Buecherei\/index.php\/wp-json\/wp\/v2\/users\/1"}],"replies":[{"embeddable":true,"href":"https:\/\/www.web-rr.de\/GHS-Buecherei\/index.php\/wp-json\/wp\/v2\/comments?post=16955"}],"version-history":[{"count":0,"href":"https:\/\/www.web-rr.de\/GHS-Buecherei\/index.php\/wp-json\/wp\/v2\/pages\/16955\/revisions"}],"wp:attachment":[{"href":"https:\/\/www.web-rr.de\/GHS-Buecherei\/index.php\/wp-json\/wp\/v2\/media?parent=16955"}],"curies":[{"name":"wp","href":"https:\/\/api.w.org\/{rel}","templated":true}]}}