{"id":16947,"date":"2021-05-21T10:00:00","date_gmt":"2021-05-21T10:00:00","guid":{"rendered":"https:\/\/www.web-rr.de\/GHS-Buecherei\/?page_id=16947"},"modified":"2021-05-21T23:00:00","modified_gmt":"2021-05-21T23:00:00","slug":"p9783570180181","status":"publish","type":"page","link":"https:\/\/www.web-rr.de\/GHS-Buecherei\/index.php\/p9783570180181\/","title":{"rendered":"Krimi 43"},"content":{"rendered":"<table><tbody><tr><td class='rDTitel' colspan='2'>Zauberfahrt mit Kater<\/td><\/tr><tr><td><span class='rDLabel1'>Status: <\/span><span class='rDText1Gruen'>vorhanden<\/span><\/td><td><span class='rDLabel1'>Antolin: <\/span><span class='rDText1Gruen'>ja, Empfehlung Klasse 4<\/span><\/td><\/tr><tr><td width=50%><img src='https:\/\/www.web-rr.de\/GHS-Buecherei\/wp-content\/uploads\/9783570180181.jpg' alt=''><\/td><td><p class='rDLabel2'>von <span class='rDText2'>Bettina Obrecht und Eilika M\u00fchlenberg<\/span><\/p><p class='rDLabel2'>Verlag: <span class='rDText2'>cbj,  2023,  12.00 \u20ac<\/span><\/p><p class='rDLabel2'>B\u00fccherei-Barcode: <span class='rDText2'>9783570180181<\/span><\/p><p class='rDLabel2'>In der B\u00fccherei erfasst am: <span class='rDText2'>05.10.2025<\/span><\/p><p class='rDLabel2'>Stichw\u00f6rter: <span class='rDText2'>Spannung, Detektiv, Diebstahl, Schifffahrt, Zauberer, Kater, Katze, Freunde<\/span><\/p><p class='rDLabel2'>Lesealter ca. <span class='rDText2'>9<\/span><span class='rDLabel2'> Jahre<\/span><\/p><p class='rDLabel2'>Das Buch wurde <span class='rDText2'>0<\/span><span class='rDLabel2'> mal gelesen.<\/span><\/p><\/td><\/tr><tr><td colspan='2'><p class='rDLabel1'>Inhalt:<\/p><span class='rDText2'>Ein Kater mit Sp\u00fcrnase\r\nInjas Vater wohnt jetzt auf der anderen Seite des Meeres. Er schreibt lustige Nachrichten, schickt Bilder von seiner neuen Wohnung und nach drei Wochen darf Inja ihn zum ersten Mal besuchen. Viereinviertel Stunden muss sie daf\u00fcr mit der F\u00e4hre fahren ... Das alles findet Inja nicht besonders toll. Obwohl ihre Mutter ihr das einreden will. Wenigstens kommt Onkel Jonas mit aufs Schiff. Er ist n\u00e4mlich Zauberer und unterh\u00e4lt die Passagiere mit seiner Show. Doch dann wird Jonas des Diebstahls verd\u00e4chtigt. Inja wei\u00df genau, dass er unschuldig ist \u2013 aber wie soll sie es beweisen? Zum Gl\u00fcck bekommt Inja Hilfe von dem Jungen Erik und seinem Kater. Diese beiden erweisen sich als sehr findige Ermittler. Als die F\u00e4hre anlegt, ist Onkel Jonas freigesprochen und Inja hat ganz unerwartet zwei neue Freunde gewonnen \u2026<\/span><\/td><\/tr><tr><td colspan='2'><a href='#' onclick='history.back(); return false'>Zur\u00fcck<\/a><\/td><\/tr><\/tbody><\/table>\n","protected":false},"excerpt":{"rendered":"<p>&#8211;<\/p>\n","protected":false},"author":1,"featured_media":0,"parent":0,"menu_order":0,"comment_status":"closed","ping_status":"closed","template":"","meta":[],"_links":{"self":[{"href":"https:\/\/www.web-rr.de\/GHS-Buecherei\/index.php\/wp-json\/wp\/v2\/pages\/16947"}],"collection":[{"href":"https:\/\/www.web-rr.de\/GHS-Buecherei\/index.php\/wp-json\/wp\/v2\/pages"}],"about":[{"href":"https:\/\/www.web-rr.de\/GHS-Buecherei\/index.php\/wp-json\/wp\/v2\/types\/page"}],"author":[{"embeddable":true,"href":"https:\/\/www.web-rr.de\/GHS-Buecherei\/index.php\/wp-json\/wp\/v2\/users\/1"}],"replies":[{"embeddable":true,"href":"https:\/\/www.web-rr.de\/GHS-Buecherei\/index.php\/wp-json\/wp\/v2\/comments?post=16947"}],"version-history":[{"count":0,"href":"https:\/\/www.web-rr.de\/GHS-Buecherei\/index.php\/wp-json\/wp\/v2\/pages\/16947\/revisions"}],"wp:attachment":[{"href":"https:\/\/www.web-rr.de\/GHS-Buecherei\/index.php\/wp-json\/wp\/v2\/media?parent=16947"}],"curies":[{"name":"wp","href":"https:\/\/api.w.org\/{rel}","templated":true}]}}