{"id":16941,"date":"2021-05-21T10:00:00","date_gmt":"2021-05-21T10:00:00","guid":{"rendered":"https:\/\/www.web-rr.de\/GHS-Buecherei\/?page_id=16941"},"modified":"2021-05-21T23:00:00","modified_gmt":"2021-05-21T23:00:00","slug":"p9783982587400","status":"publish","type":"page","link":"https:\/\/www.web-rr.de\/GHS-Buecherei\/index.php\/p9783982587400\/","title":{"rendered":"Fantasie 99"},"content":{"rendered":"<table><tbody><tr><td class='rDTitel' colspan='2'>Haselzwerg Webbs: Das magische Holz<\/td><\/tr><tr><td><span class='rDLabel1'>Status: <\/span><span class='rDText1Gruen'>vorhanden<\/span><\/td><td><span class='rDLabel1'>Antolin: <\/span><span class='rDText1Gruen'>ja, Empfehlung Klasse 3<\/span><\/td><\/tr><tr><td width=50%><img src='https:\/\/www.web-rr.de\/GHS-Buecherei\/wp-content\/uploads\/9783982587400.jpg' alt=''><\/td><td><p class='rDLabel2'>von <span class='rDText2'>Janina Marie Moor<\/span><\/p><p class='rDLabel2'>Verlag: <span class='rDText2'>Jamoori Verlag,  2023,  18.00 \u20ac<\/span><\/p><p class='rDLabel2'>B\u00fccherei-Barcode: <span class='rDText2'>9783982587400<\/span><\/p><p class='rDLabel2'>In der B\u00fccherei erfasst am: <span class='rDText2'>05.10.2025<\/span><\/p><p class='rDLabel2'>Stichw\u00f6rter: <span class='rDText2'>Magie, Frunde, Mut, R\u00e4tsel<\/span><\/p><p class='rDLabel2'>Lesealter ca. <span class='rDText2'>7<\/span><span class='rDLabel2'> Jahre<\/span><\/p><p class='rDLabel2'>Das Buch wurde <span class='rDText2'>0<\/span><span class='rDLabel2'> mal gelesen.<\/span><\/p><\/td><\/tr><tr><td colspan='2'><p class='rDLabel1'>Inhalt:<\/p><span class='rDText2'>Der junge Haselzwerg Webbs findet beim Baden ein leuchtendes Holzst\u00fcck auf dem Flussgrund, das zu vibrieren beginnt, als er es ber\u00fchrt! T\u00f6ne klingen von irgendwoher! Aber niemand bemerkt, was Webbs sieht und h\u00f6rt. Das Holz muss eine besondere Botschaft in sich tragen und die Antwort au\u00dferhalb des Haselwaldes zu finden sein! Herzw\u00fcrmchen Lucia ermutigt Webbs, aufzubrechen. Sein Weg f\u00fchrt ihn in eine magische Feensiedlung, in der ihn der alte Feenmann Pintrino nicht dulden will. Zum Gl\u00fcck findet Webbs in Fee Emilia eine Freundin! Doch bevor sie gemeinsam das R\u00e4tsel um das Holzst\u00fcck l\u00f6sen k\u00f6nnen, ger\u00e4t Emilia in gro\u00dfe Not und Webbs muss all seinen Mut beweisen.<\/span><\/td><\/tr><tr><td colspan='2'><a href='#' onclick='history.back(); return false'>Zur\u00fcck<\/a><\/td><\/tr><\/tbody><\/table>\n","protected":false},"excerpt":{"rendered":"<p>&#8211;<\/p>\n","protected":false},"author":1,"featured_media":0,"parent":0,"menu_order":0,"comment_status":"closed","ping_status":"closed","template":"","meta":[],"_links":{"self":[{"href":"https:\/\/www.web-rr.de\/GHS-Buecherei\/index.php\/wp-json\/wp\/v2\/pages\/16941"}],"collection":[{"href":"https:\/\/www.web-rr.de\/GHS-Buecherei\/index.php\/wp-json\/wp\/v2\/pages"}],"about":[{"href":"https:\/\/www.web-rr.de\/GHS-Buecherei\/index.php\/wp-json\/wp\/v2\/types\/page"}],"author":[{"embeddable":true,"href":"https:\/\/www.web-rr.de\/GHS-Buecherei\/index.php\/wp-json\/wp\/v2\/users\/1"}],"replies":[{"embeddable":true,"href":"https:\/\/www.web-rr.de\/GHS-Buecherei\/index.php\/wp-json\/wp\/v2\/comments?post=16941"}],"version-history":[{"count":0,"href":"https:\/\/www.web-rr.de\/GHS-Buecherei\/index.php\/wp-json\/wp\/v2\/pages\/16941\/revisions"}],"wp:attachment":[{"href":"https:\/\/www.web-rr.de\/GHS-Buecherei\/index.php\/wp-json\/wp\/v2\/media?parent=16941"}],"curies":[{"name":"wp","href":"https:\/\/api.w.org\/{rel}","templated":true}]}}