{"id":16939,"date":"2021-05-21T10:00:00","date_gmt":"2021-05-21T10:00:00","guid":{"rendered":"https:\/\/www.web-rr.de\/GHS-Buecherei\/?page_id=16939"},"modified":"2021-05-21T23:00:00","modified_gmt":"2021-05-21T23:00:00","slug":"p9783743213487","status":"publish","type":"page","link":"https:\/\/www.web-rr.de\/GHS-Buecherei\/index.php\/p9783743213487\/","title":{"rendered":"M\u00e4dchen 79"},"content":{"rendered":"<table><tbody><tr><td class='rDTitel' colspan='2'>Anni (Band 1) - Freunde finden f\u00fcr Anf\u00e4nger<\/td><\/tr><tr><td><span class='rDLabel1'>Status: <\/span><span class='rDText1Gruen'>vorhanden<\/span><\/td><td><span class='rDLabel1'>Antolin: <\/span><span class='rDText1Gruen'>ja, Empfehlung Klasse 4<\/span><\/td><\/tr><tr><td width=50%><img src='https:\/\/www.web-rr.de\/GHS-Buecherei\/wp-content\/uploads\/9783743213487.jpg' alt=''><\/td><td><p class='rDLabel2'>von <span class='rDText2'>Kaisa Paasto<\/span><\/p><p class='rDLabel2'>Verlag: <span class='rDText2'>Loewe,  2023,  12.95 \u20ac<\/span><\/p><p class='rDLabel2'>B\u00fccherei-Barcode: <span class='rDText2'>9783743213487<\/span><\/p><p class='rDLabel2'>In der B\u00fccherei erfasst am: <span class='rDText2'>02.10.2025<\/span><\/p><p class='rDLabel2'>Stichw\u00f6rter: <span class='rDText2'>Freunde, Schwein, Haustier, Humor<\/span><\/p><p class='rDLabel2'>Lesealter ca. <span class='rDText2'>8<\/span><span class='rDLabel2'> Jahre<\/span><\/p><p class='rDLabel2'>Das Buch wurde <span class='rDText2'>0<\/span><span class='rDLabel2'> mal gelesen.<\/span><\/p><\/td><\/tr><tr><td colspan='2'><p class='rDLabel1'>Inhalt:<\/p><span class='rDText2'>Anni im Schweinegl\u00fcck!\r\nOje, Annis beste Freundin ist umgezogen. Wie findet sie jetzt blo\u00df neue Freunde? Zum Gl\u00fcck hat Anni ihr Hausschweinchen Ringel \u2013 nur bl\u00f6d, dass Ringel meistens schmollend unter dem Tisch hockt ... Da kommt der sch\u00fcchternen Anni eine Idee: Sie m\u00f6chte ihr Haustier z\u00e4hmen. Und was bei einem Schweinchen klappt, m\u00fcsste doch auch bei einer neuen Freundin gelingen?!\r\nBand 1 der warmherzig-humorvollen Freundschaftsreihe\r\nEine warmherzige und humorvolle Kinderbuchreihe aus Finnland f\u00fcr Jungen und M\u00e4dchen ab 8 Jahren rund um Sch\u00fcchternheit und Freundschaft. Eine sympathische Heldin und ein witziges Schweinchen garantieren jede Menge Lesespa\u00df \u2013 dieses Haustier h\u00e4tte jedes Kind gern! Viele Schwarz-Wei\u00df-Illustrationen von Monika Parciak lassen die Geschichte lebendig werden. F\u00fcr Fans von Emmi und Einschwein und Die sagenhafte Saubande.<\/span><\/td><\/tr><tr><td colspan='2'><a href='#' onclick='history.back(); return false'>Zur\u00fcck<\/a><\/td><\/tr><\/tbody><\/table>\n","protected":false},"excerpt":{"rendered":"<p>&#8211;<\/p>\n","protected":false},"author":1,"featured_media":0,"parent":0,"menu_order":0,"comment_status":"closed","ping_status":"closed","template":"","meta":[],"_links":{"self":[{"href":"https:\/\/www.web-rr.de\/GHS-Buecherei\/index.php\/wp-json\/wp\/v2\/pages\/16939"}],"collection":[{"href":"https:\/\/www.web-rr.de\/GHS-Buecherei\/index.php\/wp-json\/wp\/v2\/pages"}],"about":[{"href":"https:\/\/www.web-rr.de\/GHS-Buecherei\/index.php\/wp-json\/wp\/v2\/types\/page"}],"author":[{"embeddable":true,"href":"https:\/\/www.web-rr.de\/GHS-Buecherei\/index.php\/wp-json\/wp\/v2\/users\/1"}],"replies":[{"embeddable":true,"href":"https:\/\/www.web-rr.de\/GHS-Buecherei\/index.php\/wp-json\/wp\/v2\/comments?post=16939"}],"version-history":[{"count":0,"href":"https:\/\/www.web-rr.de\/GHS-Buecherei\/index.php\/wp-json\/wp\/v2\/pages\/16939\/revisions"}],"wp:attachment":[{"href":"https:\/\/www.web-rr.de\/GHS-Buecherei\/index.php\/wp-json\/wp\/v2\/media?parent=16939"}],"curies":[{"name":"wp","href":"https:\/\/api.w.org\/{rel}","templated":true}]}}