{"id":16936,"date":"2021-05-21T10:00:00","date_gmt":"2021-05-21T10:00:00","guid":{"rendered":"https:\/\/www.web-rr.de\/GHS-Buecherei\/?page_id=16936"},"modified":"2021-05-21T23:00:00","modified_gmt":"2021-05-21T23:00:00","slug":"p9783959161084","status":"publish","type":"page","link":"https:\/\/www.web-rr.de\/GHS-Buecherei\/index.php\/p9783959161084\/","title":{"rendered":"Abenteuer 115"},"content":{"rendered":"<table><tbody><tr><td class='rDTitel' colspan='2'>Abenteuer auf Baltrum - Lilly, Nikolas und das verschollene Schiffswrack<\/td><\/tr><tr><td><span class='rDLabel1'>Status: <\/span><span class='rDText1Gruen'>vorhanden<\/span><\/td><td><span class='rDLabel1'>Antolin: <\/span><span class='rDText1Gruen'>ja, Empfehlung Klasse 4<\/span><\/td><\/tr><tr><td width=50%><img src='https:\/\/www.web-rr.de\/GHS-Buecherei\/wp-content\/uploads\/9783959161084.jpg' alt=''><\/td><td><p class='rDLabel2'>von <span class='rDText2'>Birgit Hedemann<\/span><\/p><p class='rDLabel2'>Verlag: <span class='rDText2'>Biber & Butzemann,  2023,  19.50 \u20ac<\/span><\/p><p class='rDLabel2'>B\u00fccherei-Barcode: <span class='rDText2'>9783959161084<\/span><\/p><p class='rDLabel2'>In der B\u00fccherei erfasst am: <span class='rDText2'>02.10.2025<\/span><\/p><p class='rDLabel2'>Stichw\u00f6rter: <span class='rDText2'>Urlaub, Baltrum, Ferienabenteuer, Abenteuer, Krimi,<\/span><\/p><p class='rDLabel2'>Lesealter ca. <span class='rDText2'>9<\/span><span class='rDLabel2'> Jahre<\/span><\/p><p class='rDLabel2'>Das Buch wurde <span class='rDText2'>0<\/span><span class='rDLabel2'> mal gelesen.<\/span><\/p><\/td><\/tr><tr><td colspan='2'><p class='rDLabel1'>Inhalt:<\/p><span class='rDText2'>Lilly und Nikolas machen Urlaub auf der ostfriesischen Insel Baltrum. Die Geschwister freuen sich auf Ausfl\u00fcge zum Zollmuseum, ins Nationalparkhaus, auf eine Wattwanderung und entspannte Tage im Strandkorb an der Nordsee. Doch schon am zweiten Urlaubstag kommt ein Hund auf der Insel abhanden. Als zwei weitere Hunde verschwinden, ist klar, dass hier etwas nicht mit rechten Dingen zugeht. Stecken die beiden mysteri\u00f6sen M\u00e4nner, die den Kindern schon auf der F\u00e4hre aufgefallen sind, dahinter? Ehe sich Lilly und Nikolas versehen, sind sie zusammen mit ihrem neuen Freund Fiete in einen spannenden Fall verwickelt ... Ferienabenteuer f\u00fcr Kinder und Reisef\u00fchrer f\u00fcr Familien: die Kinderbuch-Serie \"Lilly und Nikolas\" Wenn die Geschwister Lilly und Nikolas mit ihren Eltern in den Urlaub fahren, erleben sie die sch\u00f6nsten Abenteuer, staunen \u00fcber Dinge aus vergangenen Tagen, l\u00f6sen R\u00e4tsel und manchmal auch einen kleinen Kriminalfall. Dabei entdecken sie jedes Mal Sehensw\u00fcrdigkeiten und Ausflugsziele, die Kindern wirklich Spa\u00df machen. Auf ihren Touren erfahren sie so ganz nebenbei viel \u00fcber Land und Leute und die Geschichte ihrer Urlaubsregion!<\/span><\/td><\/tr><tr><td colspan='2'><a href='#' onclick='history.back(); return false'>Zur\u00fcck<\/a><\/td><\/tr><\/tbody><\/table>\n","protected":false},"excerpt":{"rendered":"<p>&#8211;<\/p>\n","protected":false},"author":1,"featured_media":0,"parent":0,"menu_order":0,"comment_status":"closed","ping_status":"closed","template":"","meta":[],"_links":{"self":[{"href":"https:\/\/www.web-rr.de\/GHS-Buecherei\/index.php\/wp-json\/wp\/v2\/pages\/16936"}],"collection":[{"href":"https:\/\/www.web-rr.de\/GHS-Buecherei\/index.php\/wp-json\/wp\/v2\/pages"}],"about":[{"href":"https:\/\/www.web-rr.de\/GHS-Buecherei\/index.php\/wp-json\/wp\/v2\/types\/page"}],"author":[{"embeddable":true,"href":"https:\/\/www.web-rr.de\/GHS-Buecherei\/index.php\/wp-json\/wp\/v2\/users\/1"}],"replies":[{"embeddable":true,"href":"https:\/\/www.web-rr.de\/GHS-Buecherei\/index.php\/wp-json\/wp\/v2\/comments?post=16936"}],"version-history":[{"count":0,"href":"https:\/\/www.web-rr.de\/GHS-Buecherei\/index.php\/wp-json\/wp\/v2\/pages\/16936\/revisions"}],"wp:attachment":[{"href":"https:\/\/www.web-rr.de\/GHS-Buecherei\/index.php\/wp-json\/wp\/v2\/media?parent=16936"}],"curies":[{"name":"wp","href":"https:\/\/api.w.org\/{rel}","templated":true}]}}