{"id":16929,"date":"2021-05-21T10:00:00","date_gmt":"2021-05-21T10:00:00","guid":{"rendered":"https:\/\/www.web-rr.de\/GHS-Buecherei\/?page_id=16929"},"modified":"2021-05-21T23:00:00","modified_gmt":"2021-05-21T23:00:00","slug":"p9783473600465","status":"publish","type":"page","link":"https:\/\/www.web-rr.de\/GHS-Buecherei\/index.php\/p9783473600465\/","title":{"rendered":"L\u00e4nder &#8211; Allg. 31"},"content":{"rendered":"<table><tbody><tr><td class='rDTitel' colspan='2'>Wieso? Weshalb? Warum: Das alte \u00c4gypten<\/td><\/tr><tr><td><span class='rDLabel1'>Status: <\/span><span class='rDText1Gruen'>vorhanden<\/span><\/td><td><span class='rDLabel1'>Antolin: <\/span><span class='rDText1Gruen'>ja, Empfehlung Klasse 3<\/span><\/td><\/tr><tr><td width=50%><img src='https:\/\/www.web-rr.de\/GHS-Buecherei\/wp-content\/uploads\/9783473600465.jpg' alt=''><\/td><td><p class='rDLabel2'>von <span class='rDText2'>Sandra Noa und Peter Friedl<\/span><\/p><p class='rDLabel2'>Verlag: <span class='rDText2'>Ravensburger Verlag GmbH,  2023,  8.99 \u20ac<\/span><\/p><p class='rDLabel2'>B\u00fccherei-Barcode: <span class='rDText2'>9783473600465<\/span><\/p><p class='rDLabel2'>In der B\u00fccherei erfasst am: <span class='rDText2'>27.09.2025<\/span><\/p><p class='rDLabel2'>Stichw\u00f6rter: <span class='rDText2'>Pharaonen, Pyramiden, Mumien, \u00c4gypten, Afrika, Hieroglyphen<\/span><\/p><p class='rDLabel2'>Lesealter ca. <span class='rDText2'>7<\/span><span class='rDLabel2'> Jahre<\/span><\/p><p class='rDLabel2'>Das Buch wurde <span class='rDText2'>0<\/span><span class='rDLabel2'> mal gelesen.<\/span><\/p><\/td><\/tr><tr><td colspan='2'><p class='rDLabel1'>Inhalt:<\/p><span class='rDText2'>Lesetraining, Sachwissen und Spielspa\u00df \u2013 f\u00fcr Schatzsucher ab dem 2. Lesejahr\r\nPharaonen, Pyramiden, Mumien: alles, was Kinder an der Vergangenheit spannend finden\r\nEinfache Texte, kurze Kapitel und gro\u00dfe Fibelschrift unterst\u00fctzen das eigenst\u00e4ndige Lesen\r\nMit abwechslungsreichen Leser\u00e4tseln, einem Spiel und Stickern\r\nAlles, was ich \u00fcber das alte \u00c4gypten lesen will \u2013 vom Leben damals, Sch\u00e4tzen, Grabr\u00e4ubern und Forschung\r\nGewaltige Pyramiden, geraubte Sch\u00e4tze und geheimnisvolle Hieroglyphen \u2013 das alte \u00c4gypten fasziniert schon Grundschulkinder. Wie entstand eine Mumie? Was war der \u201eFluch des Pharaos\u201c? Was machen \u00c4gyptologen? All das finden Erstleser ab dem 2. Lesejahr mit diesem Band selbstst\u00e4ndig heraus. Einfache, kurze Texte machen das Selberlesen kinderleicht. Und dank abwechslungsreicher Buchstaben- und Silbenr\u00e4tsel, Suchaufgaben, Sudokus und Stickern gelingt das Lesen\u00fcben spielerisch.<\/span><\/td><\/tr><tr><td colspan='2'><a href='#' onclick='history.back(); return false'>Zur\u00fcck<\/a><\/td><\/tr><\/tbody><\/table>\n","protected":false},"excerpt":{"rendered":"<p>&#8211;<\/p>\n","protected":false},"author":1,"featured_media":0,"parent":0,"menu_order":0,"comment_status":"closed","ping_status":"closed","template":"","meta":[],"_links":{"self":[{"href":"https:\/\/www.web-rr.de\/GHS-Buecherei\/index.php\/wp-json\/wp\/v2\/pages\/16929"}],"collection":[{"href":"https:\/\/www.web-rr.de\/GHS-Buecherei\/index.php\/wp-json\/wp\/v2\/pages"}],"about":[{"href":"https:\/\/www.web-rr.de\/GHS-Buecherei\/index.php\/wp-json\/wp\/v2\/types\/page"}],"author":[{"embeddable":true,"href":"https:\/\/www.web-rr.de\/GHS-Buecherei\/index.php\/wp-json\/wp\/v2\/users\/1"}],"replies":[{"embeddable":true,"href":"https:\/\/www.web-rr.de\/GHS-Buecherei\/index.php\/wp-json\/wp\/v2\/comments?post=16929"}],"version-history":[{"count":0,"href":"https:\/\/www.web-rr.de\/GHS-Buecherei\/index.php\/wp-json\/wp\/v2\/pages\/16929\/revisions"}],"wp:attachment":[{"href":"https:\/\/www.web-rr.de\/GHS-Buecherei\/index.php\/wp-json\/wp\/v2\/media?parent=16929"}],"curies":[{"name":"wp","href":"https:\/\/api.w.org\/{rel}","templated":true}]}}