{"id":16928,"date":"2021-05-21T10:00:00","date_gmt":"2021-05-21T10:00:00","guid":{"rendered":"https:\/\/www.web-rr.de\/GHS-Buecherei\/?page_id=16928"},"modified":"2021-05-21T23:00:00","modified_gmt":"2021-05-21T23:00:00","slug":"p9783570181133","status":"publish","type":"page","link":"https:\/\/www.web-rr.de\/GHS-Buecherei\/index.php\/p9783570181133\/","title":{"rendered":"Natur &#8211; Lexika 43"},"content":{"rendered":"<table><tbody><tr><td class='rDTitel' colspan='2'>Glow \u2013 Das wundersame Leuchten der Natur<\/td><\/tr><tr><td><span class='rDLabel1'>Status: <\/span><span class='rDText1Gruen'>vorhanden<\/span><\/td><td><span class='rDLabel1'>Antolin: <\/span><span class='rDText1Gruen'>ja, Empfehlung Klasse 4<\/span><\/td><\/tr><tr><td width=50%><img src='https:\/\/www.web-rr.de\/GHS-Buecherei\/wp-content\/uploads\/9783570181133.jpg' alt=''><\/td><td><p class='rDLabel2'>von <span class='rDText2'>Jennifer N.R. Smith und Ulrike Hauswaldt<\/span><\/p><p class='rDLabel2'>Verlag: <span class='rDText2'>cbj,  2023,  20.00 \u20ac<\/span><\/p><p class='rDLabel2'>B\u00fccherei-Barcode: <span class='rDText2'>9783570181133<\/span><\/p><p class='rDLabel2'>In der B\u00fccherei erfasst am: <span class='rDText2'>27.09.2025<\/span><\/p><p class='rDLabel2'>Stichw\u00f6rter: <span class='rDText2'>Natur, Tiere, Pflanzen,  Licht. Leuchten, Tiefsee; H\u00f6hlen<\/span><\/p><p class='rDLabel2'>Lesealter ca. <span class='rDText2'>8<\/span><span class='rDLabel2'> Jahre<\/span><\/p><p class='rDLabel2'>Das Buch wurde <span class='rDText2'>0<\/span><span class='rDLabel2'> mal gelesen.<\/span><\/p><\/td><\/tr><tr><td colspan='2'><p class='rDLabel1'>Inhalt:<\/p><span class='rDText2'>Die Natur funkelt und leuchtet!\r\nWusstest du, dass manche Lebewesen eine geheime Superkraft haben? Sie k\u00f6nnen leuchten! Ob Vampirtintenfisch oder magischer Leuchtpilz \u2013 die Natur steckt voller Wunder und \u00dcberraschungen! \u00bbGLOW\u00ab erforscht, wie und warum manche Tiere und Pflanzen Licht erzeugen, und was wir von ihnen lernen k\u00f6nnen. Komm mit auf eine faszinierende Reise zu den erstaunlichsten Kreaturen der Tiefsee, entdecke verschlungene H\u00f6hlennetzwerke, die dunkelsten Ecken des Waldes und erlebe das wundersame Leuchten der Natur.\r\nDas erste Kindersachbuch zum spannenden Naturph\u00e4nomen der Biolumineszenz \u2013 ein Buch von funkelnder Sch\u00f6nheit im supergro\u00dfen Format mit auff\u00e4lligem Cover<\/span><\/td><\/tr><tr><td colspan='2'><a href='#' onclick='history.back(); return false'>Zur\u00fcck<\/a><\/td><\/tr><\/tbody><\/table>\n","protected":false},"excerpt":{"rendered":"<p>&#8211;<\/p>\n","protected":false},"author":1,"featured_media":0,"parent":0,"menu_order":0,"comment_status":"closed","ping_status":"closed","template":"","meta":[],"_links":{"self":[{"href":"https:\/\/www.web-rr.de\/GHS-Buecherei\/index.php\/wp-json\/wp\/v2\/pages\/16928"}],"collection":[{"href":"https:\/\/www.web-rr.de\/GHS-Buecherei\/index.php\/wp-json\/wp\/v2\/pages"}],"about":[{"href":"https:\/\/www.web-rr.de\/GHS-Buecherei\/index.php\/wp-json\/wp\/v2\/types\/page"}],"author":[{"embeddable":true,"href":"https:\/\/www.web-rr.de\/GHS-Buecherei\/index.php\/wp-json\/wp\/v2\/users\/1"}],"replies":[{"embeddable":true,"href":"https:\/\/www.web-rr.de\/GHS-Buecherei\/index.php\/wp-json\/wp\/v2\/comments?post=16928"}],"version-history":[{"count":0,"href":"https:\/\/www.web-rr.de\/GHS-Buecherei\/index.php\/wp-json\/wp\/v2\/pages\/16928\/revisions"}],"wp:attachment":[{"href":"https:\/\/www.web-rr.de\/GHS-Buecherei\/index.php\/wp-json\/wp\/v2\/media?parent=16928"}],"curies":[{"name":"wp","href":"https:\/\/api.w.org\/{rel}","templated":true}]}}