{"id":16924,"date":"2021-05-21T10:00:00","date_gmt":"2021-05-21T10:00:00","guid":{"rendered":"https:\/\/www.web-rr.de\/GHS-Buecherei\/?page_id=16924"},"modified":"2021-05-21T23:00:00","modified_gmt":"2021-05-21T23:00:00","slug":"p9783743210165","status":"publish","type":"page","link":"https:\/\/www.web-rr.de\/GHS-Buecherei\/index.php\/p9783743210165\/","title":{"rendered":"Technik &#8211; Allg. 22"},"content":{"rendered":"<table><tbody><tr><td class='rDTitel' colspan='2'>Einfach erkl\u00e4rt - K\u00fcnstliche Intelligenz - Fake News - Unsere digitale Zukunft<\/td><\/tr><tr><td><span class='rDLabel1'>Status: <\/span><span class='rDText1Gruen'>vorhanden<\/span><\/td><td><span class='rDLabel1'>Antolin: <\/span><span class='rDText1Gruen'>ja, Empfehlung Klasse 6<\/span><\/td><\/tr><tr><td width=50%><img src='https:\/\/www.web-rr.de\/GHS-Buecherei\/wp-content\/uploads\/9783743210165.jpg' alt=''><\/td><td><p class='rDLabel2'>von <span class='rDText2'>Manfred Theisen und Mo B\u00fcdinger<\/span><\/p><p class='rDLabel2'>Verlag: <span class='rDText2'>Loewe,  2023,  14.95 \u20ac<\/span><\/p><p class='rDLabel2'>B\u00fccherei-Barcode: <span class='rDText2'>9783743210165<\/span><\/p><p class='rDLabel2'>In der B\u00fccherei erfasst am: <span class='rDText2'>27.09.2025<\/span><\/p><p class='rDLabel2'>Stichw\u00f6rter: <span class='rDText2'>Algorithmus, Maschinen, Zukunft, Intelligenz, Entwicklungen, Propaganda<\/span><\/p><p class='rDLabel2'>Lesealter ca. <span class='rDText2'>10<\/span><span class='rDLabel2'> Jahre<\/span><\/p><p class='rDLabel2'>Das Buch wurde <span class='rDText2'>0<\/span><span class='rDLabel2'> mal gelesen.<\/span><\/p><\/td><\/tr><tr><td colspan='2'><p class='rDLabel1'>Inhalt:<\/p><span class='rDText2'>K\u00fcnstliche Intelligenz \u2013 Fake News \u2013 Unsere digitale Zukunft\r\nWas ist ein Algorithmus? K\u00f6nnen Maschinen denken? Welche technischen Entwicklungen wird es in der Zukunft geben? Wie entstehen Fake News? Und wie k\u00f6nnen Staaten und Regierungen all das nutzen, um ihre Bev\u00f6lkerung zu beeinflussen?\r\nDieses Buch bietet einen umfassenden Einblick in unsere spannende digitale Zukunft. In kurzen Kapiteln werden Fragen zu technischen Entwicklungen und M\u00f6glichkeiten beantwortet und komplexe Sachverhalte einfach erkl\u00e4rt. So klappt es mit dem Durchblick \u2013 garantiert!\r\nModernes Sachbuch f\u00fcr Kinder ab 10 Jahren und alle dar\u00fcber hinaus\r\nErkl\u00e4rt leicht verst\u00e4ndlich komplexe Themen der Allgemeinbildung\r\nTopthemen: K\u00fcnstliche Intelligenz, Algorithmen, Fake News, Propaganda\r\nMit vielen Fotos, Infok\u00e4sten und veranschaulichenden Infografiken<\/span><\/td><\/tr><tr><td colspan='2'><a href='#' onclick='history.back(); return false'>Zur\u00fcck<\/a><\/td><\/tr><\/tbody><\/table>\n","protected":false},"excerpt":{"rendered":"<p>&#8211;<\/p>\n","protected":false},"author":1,"featured_media":0,"parent":0,"menu_order":0,"comment_status":"closed","ping_status":"closed","template":"","meta":[],"_links":{"self":[{"href":"https:\/\/www.web-rr.de\/GHS-Buecherei\/index.php\/wp-json\/wp\/v2\/pages\/16924"}],"collection":[{"href":"https:\/\/www.web-rr.de\/GHS-Buecherei\/index.php\/wp-json\/wp\/v2\/pages"}],"about":[{"href":"https:\/\/www.web-rr.de\/GHS-Buecherei\/index.php\/wp-json\/wp\/v2\/types\/page"}],"author":[{"embeddable":true,"href":"https:\/\/www.web-rr.de\/GHS-Buecherei\/index.php\/wp-json\/wp\/v2\/users\/1"}],"replies":[{"embeddable":true,"href":"https:\/\/www.web-rr.de\/GHS-Buecherei\/index.php\/wp-json\/wp\/v2\/comments?post=16924"}],"version-history":[{"count":0,"href":"https:\/\/www.web-rr.de\/GHS-Buecherei\/index.php\/wp-json\/wp\/v2\/pages\/16924\/revisions"}],"wp:attachment":[{"href":"https:\/\/www.web-rr.de\/GHS-Buecherei\/index.php\/wp-json\/wp\/v2\/media?parent=16924"}],"curies":[{"name":"wp","href":"https:\/\/api.w.org\/{rel}","templated":true}]}}