{"id":16923,"date":"2021-05-21T10:00:00","date_gmt":"2021-05-21T10:00:00","guid":{"rendered":"https:\/\/www.web-rr.de\/GHS-Buecherei\/?page_id=16923"},"modified":"2021-05-21T23:00:00","modified_gmt":"2021-05-21T23:00:00","slug":"p9783831046171","status":"publish","type":"page","link":"https:\/\/www.web-rr.de\/GHS-Buecherei\/index.php\/p9783831046171\/","title":{"rendered":"Natur &#8211; Lexika 41"},"content":{"rendered":"<table><tbody><tr><td class='rDTitel' colspan='2'>Gro\u00dfartige Tiere: Die gr\u00f6\u00dften, schnellsten und st\u00e4rksten ihrer Art<\/td><\/tr><tr><td><span class='rDLabel1'>Status: <\/span><span class='rDText1Gruen'>vorhanden<\/span><\/td><td><span class='rDLabel1'>Antolin: <\/span><span class='rDText1Gruen'>ja, Empfehlung Klasse 4<\/span><\/td><\/tr><tr><td width=50%><img src='https:\/\/www.web-rr.de\/GHS-Buecherei\/wp-content\/uploads\/9783831046171.jpg' alt=''><\/td><td><p class='rDLabel2'>von <span class='rDText2'>Felicity Fitchard<\/span><\/p><p class='rDLabel2'>Verlag: <span class='rDText2'>Dorling Kindersley Verlag,  2023,  19.95 \u20ac<\/span><\/p><p class='rDLabel2'>B\u00fccherei-Barcode: <span class='rDText2'>9783831046171<\/span><\/p><p class='rDLabel2'>In der B\u00fccherei erfasst am: <span class='rDText2'>25.09.2025<\/span><\/p><p class='rDLabel2'>Stichw\u00f6rter: <span class='rDText2'>Tierlexikon, Gr\u00f6\u00dfer, schneller, st\u00e4rker, Elefant, Nashorn, Nilpferd<\/span><\/p><p class='rDLabel2'>Lesealter ca. <span class='rDText2'>8<\/span><span class='rDLabel2'> Jahre<\/span><\/p><p class='rDLabel2'>Das Buch wurde <span class='rDText2'>0<\/span><span class='rDLabel2'> mal gelesen.<\/span><\/p><\/td><\/tr><tr><td colspan='2'><p class='rDLabel1'>Inhalt:<\/p><span class='rDText2'>Tierisch starke Superlative\r\nWelches ist das gr\u00f6\u00dfte Tier der Welt? Wer ist schwerer \u2013 Elefant, Nashorn oder Nilpferd? Dieses Tierlexikon pr\u00e4sentiert 70 tierische Rekordhalter aus aller Welt auf wundersch\u00f6n gestalteten Panoramaseiten und verr\u00e4t kleinen Tierfreunden ab 5 Jahren spannende Fakten \u00fcber ihre Lieblingstiere. Gro\u00dfe Ausklappseiten mit Gr\u00f6\u00dfenvergleichen machen das charmant illustrierte Sachbuch zum interaktiven Leseerlebnis.\r\nGr\u00f6\u00dfer, schneller, st\u00e4rker:\r\n\u2022 Das gro\u00dfe Buch der Tierrekorde: Mit Panoramaseiten und gro\u00dfen ausklappbaren Seiten zum interaktiven Entdecken\r\n\u2022 70 Tiere im Vergleich: Welches ist das schnellste Tier? Wer springt am weitesten? Wer macht den gr\u00f6\u00dften Haufen?\r\n\u2022 Seitenweise Wissen: Spannende Steckbriefe und lustige Fakten \u00fcber Tiere, von der Hauskatze \u00fcber die Giraffe bis zum Eisb\u00e4r\r\n\u2022 Charmant illustriert: Die tierischen Rekorde werden besonders in Szene gesetzt von Daniel Long, einem der Illustratoren der Bestseller-Reihe \u201cWundervolle Welt\u201d\r\n\u2022 Ein Geschenk der Extraklasse: Das gro\u00dfformatige, hochwertig gestaltete Kinderbuch bringt kleine Tierliebhaber*innen zum Staunen<\/span><\/td><\/tr><tr><td colspan='2'><a href='#' onclick='history.back(); return false'>Zur\u00fcck<\/a><\/td><\/tr><\/tbody><\/table>\n","protected":false},"excerpt":{"rendered":"<p>&#8211;<\/p>\n","protected":false},"author":1,"featured_media":0,"parent":0,"menu_order":0,"comment_status":"closed","ping_status":"closed","template":"","meta":[],"_links":{"self":[{"href":"https:\/\/www.web-rr.de\/GHS-Buecherei\/index.php\/wp-json\/wp\/v2\/pages\/16923"}],"collection":[{"href":"https:\/\/www.web-rr.de\/GHS-Buecherei\/index.php\/wp-json\/wp\/v2\/pages"}],"about":[{"href":"https:\/\/www.web-rr.de\/GHS-Buecherei\/index.php\/wp-json\/wp\/v2\/types\/page"}],"author":[{"embeddable":true,"href":"https:\/\/www.web-rr.de\/GHS-Buecherei\/index.php\/wp-json\/wp\/v2\/users\/1"}],"replies":[{"embeddable":true,"href":"https:\/\/www.web-rr.de\/GHS-Buecherei\/index.php\/wp-json\/wp\/v2\/comments?post=16923"}],"version-history":[{"count":0,"href":"https:\/\/www.web-rr.de\/GHS-Buecherei\/index.php\/wp-json\/wp\/v2\/pages\/16923\/revisions"}],"wp:attachment":[{"href":"https:\/\/www.web-rr.de\/GHS-Buecherei\/index.php\/wp-json\/wp\/v2\/media?parent=16923"}],"curies":[{"name":"wp","href":"https:\/\/api.w.org\/{rel}","templated":true}]}}