{"id":16922,"date":"2021-05-21T10:00:00","date_gmt":"2021-05-21T10:00:00","guid":{"rendered":"https:\/\/www.web-rr.de\/GHS-Buecherei\/?page_id=16922"},"modified":"2021-05-21T23:00:00","modified_gmt":"2021-05-21T23:00:00","slug":"p9783964552730","status":"publish","type":"page","link":"https:\/\/www.web-rr.de\/GHS-Buecherei\/index.php\/p9783964552730\/","title":{"rendered":"Natur &#8211; Pflanzen 21"},"content":{"rendered":"<table><tbody><tr><td class='rDTitel' colspan='2'>Expedition Natur Mein kunterbuntes Gartenbuch<\/td><\/tr><tr><td><span class='rDLabel1'>Status: <\/span><span class='rDText1Gruen'>vorhanden<\/span><\/td><td><span class='rDLabel1'>Antolin: <\/span><span class='rDText1Gruen'>ja, Empfehlung Klasse 4<\/span><\/td><\/tr><tr><td width=50%><img src='https:\/\/www.web-rr.de\/GHS-Buecherei\/wp-content\/uploads\/9783964552730.jpg' alt=''><\/td><td><p class='rDLabel2'>von <span class='rDText2'>Anke K\u00fcpper<\/span><\/p><p class='rDLabel2'>Verlag: <span class='rDText2'>moses. Verlag,  2023,  12.95 \u20ac<\/span><\/p><p class='rDLabel2'>B\u00fccherei-Barcode: <span class='rDText2'>9783964552730<\/span><\/p><p class='rDLabel2'>In der B\u00fccherei erfasst am: <span class='rDText2'>25.09.2025<\/span><\/p><p class='rDLabel2'>Stichw\u00f6rter: <span class='rDText2'>Garten, Pflanzen, Anbautipps, Insektenhotel, Jahreszeiten<\/span><\/p><p class='rDLabel2'>Lesealter ca. <span class='rDText2'>8<\/span><span class='rDLabel2'> Jahre<\/span><\/p><p class='rDLabel2'>Das Buch wurde <span class='rDText2'>0<\/span><span class='rDLabel2'> mal gelesen.<\/span><\/p><\/td><\/tr><tr><td colspan='2'><p class='rDLabel1'>Inhalt:<\/p><span class='rDText2'>Mit \u201eMein kunterbuntes Gartenbuch\u201c gibt es Gartenspa\u00df f\u00fcr das ganze Jahr! An einer Pflanze schnuppern, die nach Gummib\u00e4rchen riecht, in ein Bl\u00fctenbutterbrot bei\u00dfen oder ein eigenes Insektenhotel bauen: Dieses tolle Buch f\u00fcr naturliebende Kinder h\u00e4lt tolle Ideen f\u00fcr alle Jahreszeiten bereit, inklusive spannender Fakten zu Tieren und Pflanzen. Von leckeren Rezepten \u00fcber Pflanzen-Anbautipps, Spiele f\u00fcr drau\u00dfen und Bestimmungshilfen f\u00fcr Flora und Fauna bis hin zu liebevollen Bastelanleitungen ist hier f\u00fcr jede*n kleine*n Naturentdecker*in etwas dabei. Hier werden Impulse f\u00fcr erste Naturerfahrungen geschaffen und Wissensvermittlung mit Spa\u00df kombiniert!<\/span><\/td><\/tr><tr><td colspan='2'><a href='#' onclick='history.back(); return false'>Zur\u00fcck<\/a><\/td><\/tr><\/tbody><\/table>\n","protected":false},"excerpt":{"rendered":"<p>&#8211;<\/p>\n","protected":false},"author":1,"featured_media":0,"parent":0,"menu_order":0,"comment_status":"closed","ping_status":"closed","template":"","meta":[],"_links":{"self":[{"href":"https:\/\/www.web-rr.de\/GHS-Buecherei\/index.php\/wp-json\/wp\/v2\/pages\/16922"}],"collection":[{"href":"https:\/\/www.web-rr.de\/GHS-Buecherei\/index.php\/wp-json\/wp\/v2\/pages"}],"about":[{"href":"https:\/\/www.web-rr.de\/GHS-Buecherei\/index.php\/wp-json\/wp\/v2\/types\/page"}],"author":[{"embeddable":true,"href":"https:\/\/www.web-rr.de\/GHS-Buecherei\/index.php\/wp-json\/wp\/v2\/users\/1"}],"replies":[{"embeddable":true,"href":"https:\/\/www.web-rr.de\/GHS-Buecherei\/index.php\/wp-json\/wp\/v2\/comments?post=16922"}],"version-history":[{"count":0,"href":"https:\/\/www.web-rr.de\/GHS-Buecherei\/index.php\/wp-json\/wp\/v2\/pages\/16922\/revisions"}],"wp:attachment":[{"href":"https:\/\/www.web-rr.de\/GHS-Buecherei\/index.php\/wp-json\/wp\/v2\/media?parent=16922"}],"curies":[{"name":"wp","href":"https:\/\/api.w.org\/{rel}","templated":true}]}}