{"id":16920,"date":"2021-05-21T10:00:00","date_gmt":"2021-05-21T10:00:00","guid":{"rendered":"https:\/\/www.web-rr.de\/GHS-Buecherei\/?page_id=16920"},"modified":"2021-05-21T23:00:00","modified_gmt":"2021-05-21T23:00:00","slug":"p9783948877309","status":"publish","type":"page","link":"https:\/\/www.web-rr.de\/GHS-Buecherei\/index.php\/p9783948877309\/","title":{"rendered":"Natur &#8211; Haustiere 32"},"content":{"rendered":"<table><tbody><tr><td class='rDTitel' colspan='2'>Schlau wie Sau<\/td><\/tr><tr><td><span class='rDLabel1'>Status: <\/span><span class='rDText1Gruen'>vorhanden<\/span><\/td><td><span class='rDLabel1'>Antolin: <\/span><span class='rDText1Gruen'>ja, Empfehlung Klasse 3<\/span><\/td><\/tr><tr><td width=50%><img src='https:\/\/www.web-rr.de\/GHS-Buecherei\/wp-content\/uploads\/9783948877309.jpg' alt=''><\/td><td><p class='rDLabel2'>von <span class='rDText2'>Judith Allert<\/span><\/p><p class='rDLabel2'>Verlag: <span class='rDText2'>CalmeMara Verlag,  2023,  25.00 \u20ac<\/span><\/p><p class='rDLabel2'>B\u00fccherei-Barcode: <span class='rDText2'>9783948877309<\/span><\/p><p class='rDLabel2'>In der B\u00fccherei erfasst am: <span class='rDText2'>25.09.2025<\/span><\/p><p class='rDLabel2'>Stichw\u00f6rter: <span class='rDText2'>H\u00fchner, Schweine, Nutztiere, Kaninchen, Ziegen, Puten Schafe<\/span><\/p><p class='rDLabel2'>Lesealter ca. <span class='rDText2'>7<\/span><span class='rDLabel2'> Jahre<\/span><\/p><p class='rDLabel2'>Das Buch wurde <span class='rDText2'>0<\/span><span class='rDLabel2'> mal gelesen.<\/span><\/p><\/td><\/tr><tr><td colspan='2'><p class='rDLabel1'>Inhalt:<\/p><span class='rDText2'>\u201eDummes Huhn\u201c und \u201edreckiges Schwein\u201c? Von wegen! H\u00fchner k\u00f6nnen in Sachen Intelligenz in vielen Bereichen mit Menschenaffen mithalten und Schweine sind reinliche Tiere, die bei ausreichendem Platz gr\u00fcndliche K\u00f6rperpflege betreiben. In diesem Sachbuch nimmt Hund Toni Kinder ab f\u00fcnf Jahren mit in die erstaunliche Welt der sogenannten Nutztiere. Fantastische Fakten, unglaubliche Geschichten und allerlei Interessantes \u00fcber Sozialleben, Intelligenz und Kommunikation begeistern f\u00fcr sieben faszinierende Tierarten.\r\nEin Sachbuch von Judith Allert und Lisa Rammensee, das ohne erhobenen Zeigefinger zeigt, dass Nutztiere und Haustiere nur eines unterscheidet: die Wahrnehmung durch uns Menschen.<\/span><\/td><\/tr><tr><td colspan='2'><a href='#' onclick='history.back(); return false'>Zur\u00fcck<\/a><\/td><\/tr><\/tbody><\/table>\n","protected":false},"excerpt":{"rendered":"<p>&#8211;<\/p>\n","protected":false},"author":1,"featured_media":0,"parent":0,"menu_order":0,"comment_status":"closed","ping_status":"closed","template":"","meta":[],"_links":{"self":[{"href":"https:\/\/www.web-rr.de\/GHS-Buecherei\/index.php\/wp-json\/wp\/v2\/pages\/16920"}],"collection":[{"href":"https:\/\/www.web-rr.de\/GHS-Buecherei\/index.php\/wp-json\/wp\/v2\/pages"}],"about":[{"href":"https:\/\/www.web-rr.de\/GHS-Buecherei\/index.php\/wp-json\/wp\/v2\/types\/page"}],"author":[{"embeddable":true,"href":"https:\/\/www.web-rr.de\/GHS-Buecherei\/index.php\/wp-json\/wp\/v2\/users\/1"}],"replies":[{"embeddable":true,"href":"https:\/\/www.web-rr.de\/GHS-Buecherei\/index.php\/wp-json\/wp\/v2\/comments?post=16920"}],"version-history":[{"count":0,"href":"https:\/\/www.web-rr.de\/GHS-Buecherei\/index.php\/wp-json\/wp\/v2\/pages\/16920\/revisions"}],"wp:attachment":[{"href":"https:\/\/www.web-rr.de\/GHS-Buecherei\/index.php\/wp-json\/wp\/v2\/media?parent=16920"}],"curies":[{"name":"wp","href":"https:\/\/api.w.org\/{rel}","templated":true}]}}