{"id":16919,"date":"2021-05-21T10:00:00","date_gmt":"2021-05-21T10:00:00","guid":{"rendered":"https:\/\/www.web-rr.de\/GHS-Buecherei\/?page_id=16919"},"modified":"2021-05-21T23:00:00","modified_gmt":"2021-05-21T23:00:00","slug":"p9783401719696","status":"publish","type":"page","link":"https:\/\/www.web-rr.de\/GHS-Buecherei\/index.php\/p9783401719696\/","title":{"rendered":"Natur &#8211; V\u00f6gel 15"},"content":{"rendered":"<table><tbody><tr><td class='rDTitel' colspan='2'>Die Meise<\/td><\/tr><tr><td><span class='rDLabel1'>Status: <\/span><span class='rDText1Rot'>ausgeliehen<\/span><\/td><td><span class='rDLabel1'>Antolin: <\/span><span class='rDText1Gruen'>ja, Empfehlung Klasse 2<\/span><\/td><\/tr><tr><td width=50%><img src='https:\/\/www.web-rr.de\/GHS-Buecherei\/wp-content\/uploads\/9783401719696.jpg' alt=''><\/td><td><p class='rDLabel2'>von <span class='rDText2'>Friederun Reichenstetter<\/span><\/p><p class='rDLabel2'>Verlag: <span class='rDText2'>Arena,  10.00 \u20ac<\/span><\/p><p class='rDLabel2'>B\u00fccherei-Barcode: <span class='rDText2'>9783401719696<\/span><\/p><p class='rDLabel2'>In der B\u00fccherei erfasst am: <span class='rDText2'>25.09.2025<\/span><\/p><p class='rDLabel2'>Stichw\u00f6rter: <span class='rDText2'>Singv\u00f6gel, Meisen, Sachwissen, Kohlmeise<\/span><\/p><p class='rDLabel2'>Lesealter ca. <span class='rDText2'>7<\/span><span class='rDLabel2'> Jahre<\/span><\/p><p class='rDLabel2'>Das Buch wurde <span class='rDText2'>0<\/span><span class='rDLabel2'> mal gelesen.<\/span><\/p><\/td><\/tr><tr><td colspan='2'><p class='rDLabel1'>Inhalt:<\/p><span class='rDText2'>Spannendes Sachwissen \u00fcber die heimischen Singv\u00f6gel f\u00fcr Grundschulkinder ab der 1. Klasse\r\nF\u00fcr Lesespa\u00df und schnellen Leseerfolg garantieren:\r\n- Interessantes Sachwissen\r\n- in 15 \u00fcbersichtlichen Kapiteln\r\n- mit kurzen Zeilen und gro\u00dfer Fibelschrift\r\n- Fragen zum Textverst\u00e4ndnis\r\n- Naturgetreue, stimmungsvolle Illustrationen zeigen die Kohlmeise und andere einheimische Singv\u00f6gel in ihrer nat\u00fcrlichen Umgebung\r\n\u201eZi-zi-b\u00e4h\u201c, so klingt es das ganze Jahr hindurch in Parks und G\u00e4rten. Ein kleiner Vogel mit gelbem Bauch und schwarzer Haube singt dieses Lied - die Kohlmeise. Doch woher hat sie ihren seltsamen Namen und wo genau lebt sie? Gibt es auch noch andere Meisen bei uns?\r\nViel spannendes und Wissenswertes rund um den kleinen, pfiffigen Vogel und andere heimische Singv\u00f6gel.<\/span><\/td><\/tr><tr><td colspan='2'><a href='#' onclick='history.back(); return false'>Zur\u00fcck<\/a><\/td><\/tr><\/tbody><\/table>\n","protected":false},"excerpt":{"rendered":"<p>&#8211;<\/p>\n","protected":false},"author":1,"featured_media":0,"parent":0,"menu_order":0,"comment_status":"closed","ping_status":"closed","template":"","meta":[],"_links":{"self":[{"href":"https:\/\/www.web-rr.de\/GHS-Buecherei\/index.php\/wp-json\/wp\/v2\/pages\/16919"}],"collection":[{"href":"https:\/\/www.web-rr.de\/GHS-Buecherei\/index.php\/wp-json\/wp\/v2\/pages"}],"about":[{"href":"https:\/\/www.web-rr.de\/GHS-Buecherei\/index.php\/wp-json\/wp\/v2\/types\/page"}],"author":[{"embeddable":true,"href":"https:\/\/www.web-rr.de\/GHS-Buecherei\/index.php\/wp-json\/wp\/v2\/users\/1"}],"replies":[{"embeddable":true,"href":"https:\/\/www.web-rr.de\/GHS-Buecherei\/index.php\/wp-json\/wp\/v2\/comments?post=16919"}],"version-history":[{"count":0,"href":"https:\/\/www.web-rr.de\/GHS-Buecherei\/index.php\/wp-json\/wp\/v2\/pages\/16919\/revisions"}],"wp:attachment":[{"href":"https:\/\/www.web-rr.de\/GHS-Buecherei\/index.php\/wp-json\/wp\/v2\/media?parent=16919"}],"curies":[{"name":"wp","href":"https:\/\/api.w.org\/{rel}","templated":true}]}}