{"id":16917,"date":"2021-05-21T10:00:00","date_gmt":"2021-05-21T10:00:00","guid":{"rendered":"https:\/\/www.web-rr.de\/GHS-Buecherei\/?page_id=16917"},"modified":"2021-05-21T23:00:00","modified_gmt":"2021-05-21T23:00:00","slug":"p9783964551931","status":"publish","type":"page","link":"https:\/\/www.web-rr.de\/GHS-Buecherei\/index.php\/p9783964551931\/","title":{"rendered":"Natur &#8211; Lexika 40"},"content":{"rendered":"<table><tbody><tr><td class='rDTitel' colspan='2'>Mein gro\u00dfer Naturf\u00fchrer Tiere & Pflanzen<\/td><\/tr><tr><td><span class='rDLabel1'>Status: <\/span><span class='rDText1Gruen'>vorhanden<\/span><\/td><td><span class='rDLabel1'>Antolin: <\/span><span class='rDText1Gruen'>ja, Empfehlung Klasse 5<\/span><\/td><\/tr><tr><td width=50%><img src='https:\/\/www.web-rr.de\/GHS-Buecherei\/wp-content\/uploads\/9783964551931.jpg' alt=''><\/td><td><p class='rDLabel2'>von <span class='rDText2'>Jana B\u00f6skens<\/span><\/p><p class='rDLabel2'>Verlag: <span class='rDText2'>moses. Verlag,  2023,  16.95 \u20ac<\/span><\/p><p class='rDLabel2'>B\u00fccherei-Barcode: <span class='rDText2'>9783964551931<\/span><\/p><p class='rDLabel2'>In der B\u00fccherei erfasst am: <span class='rDText2'>25.09.2025<\/span><\/p><p class='rDLabel2'>Stichw\u00f6rter: <span class='rDText2'>Tierarten, Pflanzenarten, Lebensr\u00e4umen, Lebensbedingungen, Tierklassen, Lebenszyklen, Pflanzenlexikon, Tierlexikon<\/span><\/p><p class='rDLabel2'>Lesealter ca. <span class='rDText2'>9<\/span><span class='rDLabel2'> Jahre<\/span><\/p><p class='rDLabel2'>Das Buch wurde <span class='rDText2'>0<\/span><span class='rDLabel2'> mal gelesen.<\/span><\/p><\/td><\/tr><tr><td colspan='2'><p class='rDLabel1'>Inhalt:<\/p><span class='rDText2'>Der gro\u00dfe Naturf\u00fchrer f\u00fcr kleine Naturentdecker und Entdeckerinnen\r\nWieso sind Pilze weder Pflanzen noch Tiere?\r\nWas ist eigentlich Photosynthese?\r\nDer gro\u00dfe Naturf\u00fchrer Pflanzen & Tiere aus dem moses. Verlag bietet auf 280 liebevoll illustrierten Seiten vielf\u00e4ltiges Wissen zu 200 heimischen Tier- und Pflanzenarten. Neben spannenden Hintergrundinfos zu Lebensr\u00e4umen, Lebensbedingungen, Tierklassen und Lebenszyklen enth\u00e4lt das Sachbuch zahlreiche farbige Abbildungen und Fotos. Das Tier- und Pflanzenlexikon ist eine Einladung an Kinder und ihre Eltern, gemeinsam die Natur zu erkunden, die heimischen Tiere und Pflanzen zu bestimmen und bietet dazu wertvolle Tipps f\u00fcr Entdeckungstouren im Wald oder im heimischen Garten.<\/span><\/td><\/tr><tr><td colspan='2'><a href='#' onclick='history.back(); return false'>Zur\u00fcck<\/a><\/td><\/tr><\/tbody><\/table>\n","protected":false},"excerpt":{"rendered":"<p>&#8211;<\/p>\n","protected":false},"author":1,"featured_media":0,"parent":0,"menu_order":0,"comment_status":"closed","ping_status":"closed","template":"","meta":[],"_links":{"self":[{"href":"https:\/\/www.web-rr.de\/GHS-Buecherei\/index.php\/wp-json\/wp\/v2\/pages\/16917"}],"collection":[{"href":"https:\/\/www.web-rr.de\/GHS-Buecherei\/index.php\/wp-json\/wp\/v2\/pages"}],"about":[{"href":"https:\/\/www.web-rr.de\/GHS-Buecherei\/index.php\/wp-json\/wp\/v2\/types\/page"}],"author":[{"embeddable":true,"href":"https:\/\/www.web-rr.de\/GHS-Buecherei\/index.php\/wp-json\/wp\/v2\/users\/1"}],"replies":[{"embeddable":true,"href":"https:\/\/www.web-rr.de\/GHS-Buecherei\/index.php\/wp-json\/wp\/v2\/comments?post=16917"}],"version-history":[{"count":0,"href":"https:\/\/www.web-rr.de\/GHS-Buecherei\/index.php\/wp-json\/wp\/v2\/pages\/16917\/revisions"}],"wp:attachment":[{"href":"https:\/\/www.web-rr.de\/GHS-Buecherei\/index.php\/wp-json\/wp\/v2\/media?parent=16917"}],"curies":[{"name":"wp","href":"https:\/\/api.w.org\/{rel}","templated":true}]}}