{"id":16914,"date":"2021-05-21T10:00:00","date_gmt":"2021-05-21T10:00:00","guid":{"rendered":"https:\/\/www.web-rr.de\/GHS-Buecherei\/?page_id=16914"},"modified":"2021-05-21T23:00:00","modified_gmt":"2021-05-21T23:00:00","slug":"p9783861085652","status":"publish","type":"page","link":"https:\/\/www.web-rr.de\/GHS-Buecherei\/index.php\/p9783861085652\/","title":{"rendered":"L\u00e4nder &#8211; Europa 27"},"content":{"rendered":"<table><tbody><tr><td class='rDTitel' colspan='2'>Bremen entdecken & erleben<\/td><\/tr><tr><td><span class='rDLabel1'>Status: <\/span><span class='rDText1Gruen'>vorhanden<\/span><\/td><td><span class='rDLabel1'>Antolin: <\/span><span class='rDText1Rot'>Quiz nicht vorhanden.<\/span><\/td><\/tr><tr><td width=50%><img src='https:\/\/www.web-rr.de\/GHS-Buecherei\/wp-content\/uploads\/9783861085652.jpg' alt=''><\/td><td><p class='rDLabel2'>von <span class='rDText2'>laudia Dappen, Peter Fischer<\/span><\/p><p class='rDLabel2'>Verlag: <span class='rDText2'>Edition Temmen,  2023,  14.90 \u20ac<\/span><\/p><p class='rDLabel2'>B\u00fccherei-Barcode: <span class='rDText2'>9783861085652<\/span><\/p><p class='rDLabel2'>In der B\u00fccherei erfasst am: <span class='rDText2'>25.09.2025<\/span><\/p><p class='rDLabel2'>Stichw\u00f6rter: <span class='rDText2'>Bremen, Bremerhaven, Ostertorviertel, Worpswede, Fischerhude, Hansestadt<\/span><\/p><p class='rDLabel2'>Lesealter ca. <span class='rDText2'>8<\/span><span class='rDLabel2'> Jahre<\/span><\/p><p class='rDLabel2'>Das Buch wurde <span class='rDText2'>0<\/span><span class='rDLabel2'> mal gelesen.<\/span><\/p><\/td><\/tr><tr><td colspan='2'><p class='rDLabel1'>Inhalt:<\/p><span class='rDText2'>Bremen entdecken & erleben\u00ab ist das erste Lese-Erlebnis-Mitmach-Buch, mit dem Kinder und Jugendliche spannende und abwechslungsreiche Erkundungstouren durch Bremen und umzu (inklusive Bremerhaven) unternehmen k\u00f6nnen auf eigene Faust, mit Freunden oder in Begleitung von Erwachsenen. Die Bremer Stadtmusikanten f\u00fchren unter anderem durch die Innenstadt, die Neustadt, das Ostertorviertel, die H\u00e4fen,Bremen-Nord, durch die W\u00fcmme-Wiesen bis nach Worpswede und Fischerhude. Sie weisen auch auf interessante Einzelheiten hin, die im Alltag oft unbemerkt bleiben. Geschichte und Gegenwart der Hansestadt werden unterhaltsam erz\u00e4hlt und zahlreiche R\u00e4tsel, die unterwegs l\u00f6sbar sind, liefern wissenswerte Hintergrundinformationen. Das Buch gibt dar\u00fcber hinaus wertvolle Tipps zu Ausfl\u00fcgen. Praktische Informationen, \u00d6ffnungszeiten, Telefonnummern und Internetadressen erleichtern die Planung. \u00dcbersichtspl\u00e4ne von Innenstadt und Umgebung sowie zahlreiche Stadtteilpl\u00e4ne weisen den Weg vor Ort. Die liebevollen und detailreichen Illustrationen von Peter Fischer runden diesen besonderen Stadtf\u00fchrer ab.<\/span><\/td><\/tr><tr><td colspan='2'><a href='#' onclick='history.back(); return false'>Zur\u00fcck<\/a><\/td><\/tr><\/tbody><\/table>\n","protected":false},"excerpt":{"rendered":"<p>&#8211;<\/p>\n","protected":false},"author":1,"featured_media":0,"parent":0,"menu_order":0,"comment_status":"closed","ping_status":"closed","template":"","meta":[],"_links":{"self":[{"href":"https:\/\/www.web-rr.de\/GHS-Buecherei\/index.php\/wp-json\/wp\/v2\/pages\/16914"}],"collection":[{"href":"https:\/\/www.web-rr.de\/GHS-Buecherei\/index.php\/wp-json\/wp\/v2\/pages"}],"about":[{"href":"https:\/\/www.web-rr.de\/GHS-Buecherei\/index.php\/wp-json\/wp\/v2\/types\/page"}],"author":[{"embeddable":true,"href":"https:\/\/www.web-rr.de\/GHS-Buecherei\/index.php\/wp-json\/wp\/v2\/users\/1"}],"replies":[{"embeddable":true,"href":"https:\/\/www.web-rr.de\/GHS-Buecherei\/index.php\/wp-json\/wp\/v2\/comments?post=16914"}],"version-history":[{"count":0,"href":"https:\/\/www.web-rr.de\/GHS-Buecherei\/index.php\/wp-json\/wp\/v2\/pages\/16914\/revisions"}],"wp:attachment":[{"href":"https:\/\/www.web-rr.de\/GHS-Buecherei\/index.php\/wp-json\/wp\/v2\/media?parent=16914"}],"curies":[{"name":"wp","href":"https:\/\/api.w.org\/{rel}","templated":true}]}}