{"id":16913,"date":"2021-05-21T10:00:00","date_gmt":"2021-05-21T10:00:00","guid":{"rendered":"https:\/\/www.web-rr.de\/GHS-Buecherei\/?page_id=16913"},"modified":"2021-05-21T23:00:00","modified_gmt":"2021-05-21T23:00:00","slug":"p9783963720376","status":"publish","type":"page","link":"https:\/\/www.web-rr.de\/GHS-Buecherei\/index.php\/p9783963720376\/","title":{"rendered":"M\u00e4rchen 14"},"content":{"rendered":"<table><tbody><tr><td class='rDTitel' colspan='2'>Zauberhafte Meerjungfrauen<\/td><\/tr><tr><td><span class='rDLabel1'>Status: <\/span><span class='rDText1Gruen'>vorhanden<\/span><\/td><td><span class='rDLabel1'>Antolin: <\/span><span class='rDText1Gruen'>ja, Empfehlung Klasse 3<\/span><\/td><\/tr><tr><td width=50%><img src='https:\/\/www.web-rr.de\/GHS-Buecherei\/wp-content\/uploads\/9783963720376.jpg' alt=''><\/td><td><p class='rDLabel2'>von <span class='rDText2'>Galia Zinko, Karolina Suits<\/span><\/p><p class='rDLabel2'>Verlag: <span class='rDText2'>Wunderhaus Verlag,  2023,  22.00 \u20ac<\/span><\/p><p class='rDLabel2'>B\u00fccherei-Barcode: <span class='rDText2'>9783963720376<\/span><\/p><p class='rDLabel2'>In der B\u00fccherei erfasst am: <span class='rDText2'>23.09.2025<\/span><\/p><p class='rDLabel2'>Stichw\u00f6rter: <span class='rDText2'>Tr\u00e4ume, W\u00fcnsche, Frauen, K\u00e4mpferinnen, Prinzessinnen, Unterwasserwelt<\/span><\/p><p class='rDLabel2'>Lesealter ca. <span class='rDText2'>8<\/span><span class='rDLabel2'> Jahre<\/span><\/p><p class='rDLabel2'>Das Buch wurde <span class='rDText2'>0<\/span><span class='rDLabel2'> mal gelesen.<\/span><\/p><\/td><\/tr><tr><td colspan='2'><p class='rDLabel1'>Inhalt:<\/p><span class='rDText2'>M\u00e4rchen von Meerjungfrauen aus aller Welt Zauberhafte Geschichten aus der Tiefe des Meeres Was verbirgt sich wirklich am Grund des Ozeans? Eine magische Welt voller Tr\u00e4ume und W\u00fcnsche? Alles begann mit einer kleinen Meerjungfrau, die ihre Stimme verkaufte, um ihren Fischschwanz gegen ein Paar Beine einzutauschen. Seitdem ziehen die Geschichten rund um die mysteri\u00f6sen Wasserwesen Gro\u00df und Klein in ihren Bann und \u00fcberraschen dabei immer wieder mit etwas Neuem. Ob gef\u00e4hrlich, lustig oder mit Regenbogenhaar \u2013 in dieser wundersch\u00f6n illustrierten M\u00e4rchensammlung sind die Meerjungfrauen so einzigartig wie noch nie. Starke Frauen und K\u00e4mpferinnen, zarte Prinzessinnen und haarige Meereswesen, hell oder dunkel: Sie k\u00f6nnen ganz unterschiedlich sein. Und doch zeigt sich in diesen Geschichten aus aller Welt, dass wir oft mehr gemeinsam haben, als wir denken. Die atmosph\u00e4rischen Illustrationen von Galia Zinko bringen der geheimnisvollen Unterwasserwelt noch mehr Tiefe und ziehen die Betrachter in die Netze dieses Buches hinein.<\/span><\/td><\/tr><tr><td colspan='2'><a href='#' onclick='history.back(); return false'>Zur\u00fcck<\/a><\/td><\/tr><\/tbody><\/table>\n","protected":false},"excerpt":{"rendered":"<p>&#8211;<\/p>\n","protected":false},"author":1,"featured_media":0,"parent":0,"menu_order":0,"comment_status":"closed","ping_status":"closed","template":"","meta":[],"_links":{"self":[{"href":"https:\/\/www.web-rr.de\/GHS-Buecherei\/index.php\/wp-json\/wp\/v2\/pages\/16913"}],"collection":[{"href":"https:\/\/www.web-rr.de\/GHS-Buecherei\/index.php\/wp-json\/wp\/v2\/pages"}],"about":[{"href":"https:\/\/www.web-rr.de\/GHS-Buecherei\/index.php\/wp-json\/wp\/v2\/types\/page"}],"author":[{"embeddable":true,"href":"https:\/\/www.web-rr.de\/GHS-Buecherei\/index.php\/wp-json\/wp\/v2\/users\/1"}],"replies":[{"embeddable":true,"href":"https:\/\/www.web-rr.de\/GHS-Buecherei\/index.php\/wp-json\/wp\/v2\/comments?post=16913"}],"version-history":[{"count":0,"href":"https:\/\/www.web-rr.de\/GHS-Buecherei\/index.php\/wp-json\/wp\/v2\/pages\/16913\/revisions"}],"wp:attachment":[{"href":"https:\/\/www.web-rr.de\/GHS-Buecherei\/index.php\/wp-json\/wp\/v2\/media?parent=16913"}],"curies":[{"name":"wp","href":"https:\/\/api.w.org\/{rel}","templated":true}]}}