{"id":16912,"date":"2021-05-21T10:00:00","date_gmt":"2021-05-21T10:00:00","guid":{"rendered":"https:\/\/www.web-rr.de\/GHS-Buecherei\/?page_id=16912"},"modified":"2021-05-21T23:00:00","modified_gmt":"2021-05-21T23:00:00","slug":"p9783952599501","status":"publish","type":"page","link":"https:\/\/www.web-rr.de\/GHS-Buecherei\/index.php\/p9783952599501\/","title":{"rendered":"Bilderbuch B-100"},"content":{"rendered":"<table><tbody><tr><td class='rDTitel' colspan='2'>Eichh\u00f6rnchen Raya h\u00f6rt nichts<\/td><\/tr><tr><td><span class='rDLabel1'>Status: <\/span><span class='rDText1Gruen'>vorhanden<\/span><\/td><td><span class='rDLabel1'>Antolin: <\/span><span class='rDText1Rot'>Quiz nicht vorhanden.<\/span><\/td><\/tr><tr><td width=50%><img src='https:\/\/www.web-rr.de\/GHS-Buecherei\/wp-content\/uploads\/9783952599501.jpg' alt=''><\/td><td><p class='rDLabel2'>von <span class='rDText2'>Sandra M\u00fcller<\/span><\/p><p class='rDLabel2'>Verlag: <span class='rDText2'>Biz2o GmbH,  2024,  34.90 \u20ac<\/span><\/p><p class='rDLabel2'>B\u00fccherei-Barcode: <span class='rDText2'>9783952599501<\/span><\/p><p class='rDLabel2'>In der B\u00fccherei erfasst am: <span class='rDText2'>23.09.2025<\/span><\/p><p class='rDLabel2'>Stichw\u00f6rter: <span class='rDText2'>Ohren, Ohrenarzt, HNO, Untersuchung, Implantat, Angst<\/span><\/p><p class='rDLabel2'>Lesealter ca. <span class='rDText2'>8<\/span><span class='rDLabel2'> Jahre<\/span><\/p><p class='rDLabel2'>Das Buch wurde <span class='rDText2'>0<\/span><span class='rDLabel2'> mal gelesen.<\/span><\/p><\/td><\/tr><tr><td colspan='2'><p class='rDLabel1'>Inhalt:<\/p><span class='rDText2'>Das Eichh\u00f6rnchen Raya wird geboren, kann jedoch nichts h\u00f6ren. Raya erlebt ein spannendes Abenteuer im Krankenhaus, wo Ohren-Detektive verschiedene Messungen durchf\u00fchren, um Rayas Geh\u00f6r zu pr\u00fcfen. Raya lernt auch andere Tiere kennen, die ebenfalls wegen ihrer Ohren beim Arzt sind. Begleite Raya auf ihrem Weg und finde heraus, wie sie Raya im Spital helfen, h\u00f6ren zu k\u00f6nnen! Das Buch beantwortet Fragen wie: - Tut es weh beim Ohrenarzt? - Was passiert w\u00e4hrend der Untersuchung? - Wie sieht es im Spital aus? - Wie ist der Weg zu einem Cochlea-Implantat? F\u00fcr Kinder, Eltern und als Erkl\u00e4rhilfe f\u00fcr Fachpersonen Ziel des Buches ist, den Kindern die Angst vor Untersuchungen in der Arztpraxis und im Spital zu nehmen und ihnen zu erkl\u00e4ren, was dort passiert. Mithilfe von tierischen Illustrationen wird der Ablauf der Diagnose und Behandlung einfach erkl\u00e4rt. Den Eltern dient dieses Buch als St\u00fctze, die Abl\u00e4ufe und Messverfahren besser zu verstehen. Der Inhalt ist durch Fachspezialisten gepr\u00fcft.<\/span><\/td><\/tr><tr><td colspan='2'><a href='#' onclick='history.back(); return false'>Zur\u00fcck<\/a><\/td><\/tr><\/tbody><\/table>\n","protected":false},"excerpt":{"rendered":"<p>&#8211;<\/p>\n","protected":false},"author":1,"featured_media":0,"parent":0,"menu_order":0,"comment_status":"closed","ping_status":"closed","template":"","meta":[],"_links":{"self":[{"href":"https:\/\/www.web-rr.de\/GHS-Buecherei\/index.php\/wp-json\/wp\/v2\/pages\/16912"}],"collection":[{"href":"https:\/\/www.web-rr.de\/GHS-Buecherei\/index.php\/wp-json\/wp\/v2\/pages"}],"about":[{"href":"https:\/\/www.web-rr.de\/GHS-Buecherei\/index.php\/wp-json\/wp\/v2\/types\/page"}],"author":[{"embeddable":true,"href":"https:\/\/www.web-rr.de\/GHS-Buecherei\/index.php\/wp-json\/wp\/v2\/users\/1"}],"replies":[{"embeddable":true,"href":"https:\/\/www.web-rr.de\/GHS-Buecherei\/index.php\/wp-json\/wp\/v2\/comments?post=16912"}],"version-history":[{"count":0,"href":"https:\/\/www.web-rr.de\/GHS-Buecherei\/index.php\/wp-json\/wp\/v2\/pages\/16912\/revisions"}],"wp:attachment":[{"href":"https:\/\/www.web-rr.de\/GHS-Buecherei\/index.php\/wp-json\/wp\/v2\/media?parent=16912"}],"curies":[{"name":"wp","href":"https:\/\/api.w.org\/{rel}","templated":true}]}}