{"id":16908,"date":"2021-05-21T10:00:00","date_gmt":"2021-05-21T10:00:00","guid":{"rendered":"https:\/\/www.web-rr.de\/GHS-Buecherei\/?page_id=16908"},"modified":"2021-05-21T23:00:00","modified_gmt":"2021-05-21T23:00:00","slug":"p9783423764575","status":"publish","type":"page","link":"https:\/\/www.web-rr.de\/GHS-Buecherei\/index.php\/p9783423764575\/","title":{"rendered":"Bilderbuch B-98"},"content":{"rendered":"<table><tbody><tr><td class='rDTitel' colspan='2'>Habt ihr schon vom Wolf geh\u00f6rt?<\/td><\/tr><tr><td><span class='rDLabel1'>Status: <\/span><span class='rDText1Gruen'>vorhanden<\/span><\/td><td><span class='rDLabel1'>Antolin: <\/span><span class='rDText1Gruen'>ja, Empfehlung Klasse 2<\/span><\/td><\/tr><tr><td width=50%><img src='https:\/\/www.web-rr.de\/GHS-Buecherei\/wp-content\/uploads\/9783423764575.jpg' alt=''><\/td><td><p class='rDLabel2'>von <span class='rDText2'>Quentin Gr\u00e9ban<\/span><\/p><p class='rDLabel2'>Verlag: <span class='rDText2'>dtv Verlagsgesellschaft mbH & Co. KG,  15.00 \u20ac<\/span><\/p><p class='rDLabel2'>B\u00fccherei-Barcode: <span class='rDText2'>9783423764575<\/span><\/p><p class='rDLabel2'>In der B\u00fccherei erfasst am: <span class='rDText2'>23.09.2025<\/span><\/p><p class='rDLabel2'>Stichw\u00f6rter: <span class='rDText2'>Humor, Missverst\u00e4ndnis, Monster, Wolf, Schweine, Angst<\/span><\/p><p class='rDLabel2'>Lesealter ca. <span class='rDText2'>7<\/span><span class='rDLabel2'> Jahre<\/span><\/p><p class='rDLabel2'>Das Buch wurde <span class='rDText2'>0<\/span><span class='rDLabel2'> mal gelesen.<\/span><\/p><\/td><\/tr><tr><td colspan='2'><p class='rDLabel1'>Inhalt:<\/p><span class='rDText2'>Glaube nicht alles, was du h\u00f6rst!\r\nEine W\u00f6lfin trifft auf ein kleines Lamm, das seine Herde verloren hat, und l\u00e4chelt es freundlich an. Das ver\u00e4ngstigte L\u00e4mmchen aber sieht nur gebleckte Z\u00e4hne und fl\u00fcchtet zu den Schweinen. Diesen berichtet es, dass es von einem b\u00f6sen Wolf angeknurrt wurde. Wie ein Lauffeuer verbreitet sich die Nachricht und jedes Tier schm\u00fcckt die Geschichte noch etwas weiter aus, macht den Wolf noch gr\u00f6\u00dfer, noch gef\u00e4hrlicher und noch schrecklicher. Als schlie\u00dflich die W\u00f6lfin von dem b\u00f6sen Monster h\u00f6rt, bekommt sie es mit der Angst zu tun. Ahnungslos, dass sie selber damit gemeint ist, fl\u00fcchtet sie mit ihren Jungen.\r\nEine humorvolle Geschichte zum Thema Vorurteile und Missverst\u00e4ndnisse.<\/span><\/td><\/tr><tr><td colspan='2'><a href='#' onclick='history.back(); return false'>Zur\u00fcck<\/a><\/td><\/tr><\/tbody><\/table>\n","protected":false},"excerpt":{"rendered":"<p>&#8211;<\/p>\n","protected":false},"author":1,"featured_media":0,"parent":0,"menu_order":0,"comment_status":"closed","ping_status":"closed","template":"","meta":[],"_links":{"self":[{"href":"https:\/\/www.web-rr.de\/GHS-Buecherei\/index.php\/wp-json\/wp\/v2\/pages\/16908"}],"collection":[{"href":"https:\/\/www.web-rr.de\/GHS-Buecherei\/index.php\/wp-json\/wp\/v2\/pages"}],"about":[{"href":"https:\/\/www.web-rr.de\/GHS-Buecherei\/index.php\/wp-json\/wp\/v2\/types\/page"}],"author":[{"embeddable":true,"href":"https:\/\/www.web-rr.de\/GHS-Buecherei\/index.php\/wp-json\/wp\/v2\/users\/1"}],"replies":[{"embeddable":true,"href":"https:\/\/www.web-rr.de\/GHS-Buecherei\/index.php\/wp-json\/wp\/v2\/comments?post=16908"}],"version-history":[{"count":0,"href":"https:\/\/www.web-rr.de\/GHS-Buecherei\/index.php\/wp-json\/wp\/v2\/pages\/16908\/revisions"}],"wp:attachment":[{"href":"https:\/\/www.web-rr.de\/GHS-Buecherei\/index.php\/wp-json\/wp\/v2\/media?parent=16908"}],"curies":[{"name":"wp","href":"https:\/\/api.w.org\/{rel}","templated":true}]}}