{"id":16906,"date":"2021-05-21T10:00:00","date_gmt":"2021-05-21T10:00:00","guid":{"rendered":"https:\/\/www.web-rr.de\/GHS-Buecherei\/?page_id=16906"},"modified":"2021-05-21T23:00:00","modified_gmt":"2021-05-21T23:00:00","slug":"p9783865024688","status":"publish","type":"page","link":"https:\/\/www.web-rr.de\/GHS-Buecherei\/index.php\/p9783865024688\/","title":{"rendered":"Kunst 33"},"content":{"rendered":"<table><tbody><tr><td class='rDTitel' colspan='2'>Art Rebel: Vergiss alles, was dir Erwachsene \u00fcber Kunst erz\u00e4hlen<\/td><\/tr><tr><td><span class='rDLabel1'>Status: <\/span><span class='rDText1Gruen'>vorhanden<\/span><\/td><td><span class='rDLabel1'>Antolin: <\/span><span class='rDText1Gruen'>ja, Empfehlung Klasse 4<\/span><\/td><\/tr><tr><td width=50%><img src='https:\/\/www.web-rr.de\/GHS-Buecherei\/wp-content\/uploads\/9783865024688.jpg' alt=''><\/td><td><p class='rDLabel2'>von <span class='rDText2'>Ben Street<\/span><\/p><p class='rDLabel2'>Verlag: <span class='rDText2'>E.A. Seemann in E.A. Seemann Henschel GmbH & Co. KG,  2022,  18.00 \u20ac<\/span><\/p><p class='rDLabel2'>B\u00fccherei-Barcode: <span class='rDText2'>9783865024688<\/span><\/p><p class='rDLabel2'>In der B\u00fccherei erfasst am: <span class='rDText2'>18.09.2025<\/span><\/p><p class='rDLabel2'>Stichw\u00f6rter: <span class='rDText2'>Malerei, Skulptur, Fotografie, Kunstwerke, Portr\u00e4ts, Stillleben, Aktmalerei, Surrealismus<\/span><\/p><p class='rDLabel2'>Lesealter ca. <span class='rDText2'>9<\/span><span class='rDLabel2'> Jahre<\/span><\/p><p class='rDLabel2'>Das Buch wurde <span class='rDText2'>0<\/span><span class='rDLabel2'> mal gelesen.<\/span><\/p><\/td><\/tr><tr><td colspan='2'><p class='rDLabel1'>Inhalt:<\/p><span class='rDText2'>DIE GROSSE KINDER-REVOLUTION IM MUSEUM\r\nKunstwerke sollen schwierig und mysteri\u00f6s sein und nur Erwachsene verstehen sie? V\u00f6lliger Quatsch! Dieses Buch sorgt f\u00fcr riesigen Spa\u00df an der Kunst. Es gibt Kindern den Mut, eigene und kreative Zug\u00e4nge zu Malerei, Skulptur, Fotografie und Installationen zu finden. Denn bei Kunst geht es \u00fcberhaupt nicht darum, die richtigen Antworten zu kennen \u2013 es geht darum, sich eine eigene Meinung zu bilden und die Dinge aus einem anderen Blickwinkel zu sehen. Diese fr\u00f6hliche und respektlose Einf\u00fchrung in die Kunst gibt Kindern das Wissen und das Selbstvertrauen, um nach eigenen Vorstellungen auf Kunstwerke zu reagieren und sich dabei gro\u00dfartig zu am\u00fcsieren.\r\nQuietschvergn\u00fcgt und respektlos Kunst anschauen\r\nSpielerisch durchs Museum mit Leo, der aufm\u00fcpfigen Museumskatze\r\nEin frecher Blick auf Portr\u00e4ts, Stillleben, Aktmalerei, Surrealismus, abstrakte und zeitgen\u00f6ssische Kunst\r\nSpitzenm\u00e4\u00dfige K\u00fcnstler:innen aus allen Epochen von Hans Holbein bis Yayoi Kusama\r\nGibt Kindern das Selbstvertrauen, kreativ mit Kunst umzugehen<\/span><\/td><\/tr><tr><td colspan='2'><a href='#' onclick='history.back(); return false'>Zur\u00fcck<\/a><\/td><\/tr><\/tbody><\/table>\n","protected":false},"excerpt":{"rendered":"<p>&#8211;<\/p>\n","protected":false},"author":1,"featured_media":0,"parent":0,"menu_order":0,"comment_status":"closed","ping_status":"closed","template":"","meta":[],"_links":{"self":[{"href":"https:\/\/www.web-rr.de\/GHS-Buecherei\/index.php\/wp-json\/wp\/v2\/pages\/16906"}],"collection":[{"href":"https:\/\/www.web-rr.de\/GHS-Buecherei\/index.php\/wp-json\/wp\/v2\/pages"}],"about":[{"href":"https:\/\/www.web-rr.de\/GHS-Buecherei\/index.php\/wp-json\/wp\/v2\/types\/page"}],"author":[{"embeddable":true,"href":"https:\/\/www.web-rr.de\/GHS-Buecherei\/index.php\/wp-json\/wp\/v2\/users\/1"}],"replies":[{"embeddable":true,"href":"https:\/\/www.web-rr.de\/GHS-Buecherei\/index.php\/wp-json\/wp\/v2\/comments?post=16906"}],"version-history":[{"count":0,"href":"https:\/\/www.web-rr.de\/GHS-Buecherei\/index.php\/wp-json\/wp\/v2\/pages\/16906\/revisions"}],"wp:attachment":[{"href":"https:\/\/www.web-rr.de\/GHS-Buecherei\/index.php\/wp-json\/wp\/v2\/media?parent=16906"}],"curies":[{"name":"wp","href":"https:\/\/api.w.org\/{rel}","templated":true}]}}