{"id":16901,"date":"2021-05-21T10:00:00","date_gmt":"2021-05-21T10:00:00","guid":{"rendered":"https:\/\/www.web-rr.de\/GHS-Buecherei\/?page_id=16901"},"modified":"2021-05-21T23:00:00","modified_gmt":"2021-05-21T23:00:00","slug":"p9783745912852","status":"publish","type":"page","link":"https:\/\/www.web-rr.de\/GHS-Buecherei\/index.php\/p9783745912852\/","title":{"rendered":"Soziales 67"},"content":{"rendered":"<table><tbody><tr><td class='rDTitel' colspan='2'>Ach, das ist Familie?!<\/td><\/tr><tr><td><span class='rDLabel1'>Status: <\/span><span class='rDText1Gruen'>vorhanden<\/span><\/td><td><span class='rDLabel1'>Antolin: <\/span><span class='rDText1Gruen'>ja, Empfehlung Klasse 3<\/span><\/td><\/tr><tr><td width=50%><img src='https:\/\/www.web-rr.de\/GHS-Buecherei\/wp-content\/uploads\/9783745912852.jpg' alt=''><\/td><td><p class='rDLabel2'>von <span class='rDText2'>Britta Kiwit und Emily Claire V\u00f6lker<\/span><\/p><p class='rDLabel2'>Verlag: <span class='rDText2'>EMF Verlag,  2023,  16.00 \u20ac<\/span><\/p><p class='rDLabel2'>B\u00fccherei-Barcode: <span class='rDText2'>9783745912852<\/span><\/p><p class='rDLabel2'>In der B\u00fccherei erfasst am: <span class='rDText2'>18.09.2025<\/span><\/p><p class='rDLabel2'>Stichw\u00f6rter: <span class='rDText2'>Familie, Patchwork, Adoption, Wohngruppen, Mama-Papa-Kind, Lebensrealit\u00e4t<\/span><\/p><p class='rDLabel2'>Lesealter ca. <span class='rDText2'>8<\/span><span class='rDLabel2'> Jahre<\/span><\/p><p class='rDLabel2'>Das Buch wurde <span class='rDText2'>0<\/span><span class='rDLabel2'> mal gelesen.<\/span><\/p><\/td><\/tr><tr><td colspan='2'><p class='rDLabel1'>Inhalt:<\/p><span class='rDText2'>Was ist Familie? Und was macht Familie aus? \r\nEgal ob Alleinerziehende mit Kind, LGBTQI+-Familien, Mama-Papa-Kind, Patchwork, Adoption, Wohngruppen, oder oder oder \u2013 keine Familie gleicht der anderen.\r\nDieses Aufkl\u00e4rungsbuch mit Vorlesetexten und Info-K\u00e4sten fu\u0308r Eltern und Bezugspersonen holt Familien in ihrer Lebensrealit\u00e4t ab und bricht mit Rollenbildern, Erwartungen und Standards. Es zeigt viele neue Konstellationen aus dem echten Leben auf, welche die jungen Leser*innen und Vorlesenden vielleicht noch nicht kennen und die vor allem dazu anregen, jede Familie neu kennenzulernen.\r\n\r\nachtsame Auseinandersetzung mit dem Thema Familie mit Infotexten f\u00fcr Eltern und Bezugspersonen. \r\nfarbenfrohe Illustrationen mit starker Message von Emily Claire V\u00f6lker, die Kinder und Erwachsene gleicherma\u00dfen begeistern\r\nzahlreiche Tipps f\u00fcr jede Familie \u2013 kindgerecht erkl\u00e4rt mit Beispielen aus der Lebensrealit\u00e4t von heutigen Familien von Britta Kiwit (@avalino.diversity), Influencerin und Aktivistin f\u00fcr familien- und gesellschaftskritische Themen<\/span><\/td><\/tr><tr><td colspan='2'><a href='#' onclick='history.back(); return false'>Zur\u00fcck<\/a><\/td><\/tr><\/tbody><\/table>\n","protected":false},"excerpt":{"rendered":"<p>&#8211;<\/p>\n","protected":false},"author":1,"featured_media":0,"parent":0,"menu_order":0,"comment_status":"closed","ping_status":"closed","template":"","meta":[],"_links":{"self":[{"href":"https:\/\/www.web-rr.de\/GHS-Buecherei\/index.php\/wp-json\/wp\/v2\/pages\/16901"}],"collection":[{"href":"https:\/\/www.web-rr.de\/GHS-Buecherei\/index.php\/wp-json\/wp\/v2\/pages"}],"about":[{"href":"https:\/\/www.web-rr.de\/GHS-Buecherei\/index.php\/wp-json\/wp\/v2\/types\/page"}],"author":[{"embeddable":true,"href":"https:\/\/www.web-rr.de\/GHS-Buecherei\/index.php\/wp-json\/wp\/v2\/users\/1"}],"replies":[{"embeddable":true,"href":"https:\/\/www.web-rr.de\/GHS-Buecherei\/index.php\/wp-json\/wp\/v2\/comments?post=16901"}],"version-history":[{"count":0,"href":"https:\/\/www.web-rr.de\/GHS-Buecherei\/index.php\/wp-json\/wp\/v2\/pages\/16901\/revisions"}],"wp:attachment":[{"href":"https:\/\/www.web-rr.de\/GHS-Buecherei\/index.php\/wp-json\/wp\/v2\/media?parent=16901"}],"curies":[{"name":"wp","href":"https:\/\/api.w.org\/{rel}","templated":true}]}}