{"id":16900,"date":"2021-05-21T10:00:00","date_gmt":"2021-05-21T10:00:00","guid":{"rendered":"https:\/\/www.web-rr.de\/GHS-Buecherei\/?page_id=16900"},"modified":"2021-05-21T23:00:00","modified_gmt":"2021-05-21T23:00:00","slug":"p9783841103048","status":"publish","type":"page","link":"https:\/\/www.web-rr.de\/GHS-Buecherei\/index.php\/p9783841103048\/","title":{"rendered":"Weihnachten 88"},"content":{"rendered":"<table><tbody><tr><td class='rDTitel' colspan='2'>Weihnachtsbasteln mit Papier<\/td><\/tr><tr><td><span class='rDLabel1'>Status: <\/span><span class='rDText1Gruen'>vorhanden<\/span><\/td><td><span class='rDLabel1'>Antolin: <\/span><span class='rDText1Rot'>Quiz nicht vorhanden.<\/span><\/td><\/tr><tr><td width=50%><img src='https:\/\/www.web-rr.de\/GHS-Buecherei\/wp-content\/uploads\/9783841103048.jpg' alt=''><\/td><td><p class='rDLabel2'>von <span class='rDText2'>Gina Reinhardt<\/span><\/p><p class='rDLabel2'>Verlag: <span class='rDText2'>Christophorus,  2023,  14.99 \u20ac<\/span><\/p><p class='rDLabel2'>B\u00fccherei-Barcode: <span class='rDText2'>9783841103048<\/span><\/p><p class='rDLabel2'>In der B\u00fccherei erfasst am: <span class='rDText2'>18.09.2025<\/span><\/p><p class='rDLabel2'>Stichw\u00f6rter: <span class='rDText2'>Basteln, Sterne, Engel, Nikolaus, Fantasie, Baumschmuck, Weihnachtskarte<\/span><\/p><p class='rDLabel2'>Lesealter ca. <span class='rDText2'>6<\/span><span class='rDLabel2'> Jahre<\/span><\/p><p class='rDLabel2'>Das Buch wurde <span class='rDText2'>0<\/span><span class='rDLabel2'> mal gelesen.<\/span><\/p><\/td><\/tr><tr><td colspan='2'><p class='rDLabel1'>Inhalt:<\/p><span class='rDText2'>Sterne, Engel, Nikolaus & Co. aus Papier. Weihnachtliche Bastelideen f\u00fcr Kinder ab 4 Jahren. Nachhaltig Basteln zur Weihnachszeit.\r\nWeihnachten steht vor der T\u00fcr und was gibt es Sch\u00f6neres, als gemeinsam mit den Kleinen zu basteln? Papier ist dabei ein ideales Bastelmaterial und bietet unendliche M\u00f6glichkeiten, um sch\u00f6ne Weihnachtsdekorationen und -geschenke zu kreieren. Mit Papier, Schere, Klebstoff & etwas Fantasie k\u00f6nnen Kinder so bezaubernde Bastelarbeiten herstellen und ihre Kreativit\u00e4t ausleben.\r\nAlle Bastelideen in diesem Buch sind auch f\u00fcr die ganz Kleinen gut umsetzbar, mit Materialien, die man sowieso zuhause hat. Ein Stern aus Wattest\u00e4bchen? Eine Rentierfingerpuppe aus Bastelresten? Unsere Ideen stehen f\u00fcr Spa\u00df & garantiertes Gelingen: vom Baumschmuck \u00fcber die Weihnachtskarte bis zum DIY-Geschenkpapier.<\/span><\/td><\/tr><tr><td colspan='2'><a href='#' onclick='history.back(); return false'>Zur\u00fcck<\/a><\/td><\/tr><\/tbody><\/table>\n","protected":false},"excerpt":{"rendered":"<p>&#8211;<\/p>\n","protected":false},"author":1,"featured_media":0,"parent":0,"menu_order":0,"comment_status":"closed","ping_status":"closed","template":"","meta":[],"_links":{"self":[{"href":"https:\/\/www.web-rr.de\/GHS-Buecherei\/index.php\/wp-json\/wp\/v2\/pages\/16900"}],"collection":[{"href":"https:\/\/www.web-rr.de\/GHS-Buecherei\/index.php\/wp-json\/wp\/v2\/pages"}],"about":[{"href":"https:\/\/www.web-rr.de\/GHS-Buecherei\/index.php\/wp-json\/wp\/v2\/types\/page"}],"author":[{"embeddable":true,"href":"https:\/\/www.web-rr.de\/GHS-Buecherei\/index.php\/wp-json\/wp\/v2\/users\/1"}],"replies":[{"embeddable":true,"href":"https:\/\/www.web-rr.de\/GHS-Buecherei\/index.php\/wp-json\/wp\/v2\/comments?post=16900"}],"version-history":[{"count":0,"href":"https:\/\/www.web-rr.de\/GHS-Buecherei\/index.php\/wp-json\/wp\/v2\/pages\/16900\/revisions"}],"wp:attachment":[{"href":"https:\/\/www.web-rr.de\/GHS-Buecherei\/index.php\/wp-json\/wp\/v2\/media?parent=16900"}],"curies":[{"name":"wp","href":"https:\/\/api.w.org\/{rel}","templated":true}]}}