{"id":16899,"date":"2021-05-21T10:00:00","date_gmt":"2021-05-21T10:00:00","guid":{"rendered":"https:\/\/www.web-rr.de\/GHS-Buecherei\/?page_id=16899"},"modified":"2021-05-21T23:00:00","modified_gmt":"2021-05-21T23:00:00","slug":"p9783831046508","status":"publish","type":"page","link":"https:\/\/www.web-rr.de\/GHS-Buecherei\/index.php\/p9783831046508\/","title":{"rendered":"Ritter 22"},"content":{"rendered":"<table><tbody><tr><td class='rDTitel' colspan='2'>SUPERLESER! Kampf um Burg Eliot<\/td><\/tr><tr><td><span class='rDLabel1'>Status: <\/span><span class='rDText1Gruen'>vorhanden<\/span><\/td><td><span class='rDLabel1'>Antolin: <\/span><span class='rDText1Gruen'>ja, Empfehlung Klasse 3<\/span><\/td><\/tr><tr><td width=50%><img src='https:\/\/www.web-rr.de\/GHS-Buecherei\/wp-content\/uploads\/9783831046508.jpg' alt=''><\/td><td><p class='rDLabel2'>von <span class='rDText2'>Rupert Matthews<\/span><\/p><p class='rDLabel2'>Verlag: <span class='rDText2'>Dorling Kindersley Verlag,  2023,  8.95 \u20ac<\/span><\/p><p class='rDLabel2'>B\u00fccherei-Barcode: <span class='rDText2'>9783831046508<\/span><\/p><p class='rDLabel2'>In der B\u00fccherei erfasst am: <span class='rDText2'>18.09.2025<\/span><\/p><p class='rDLabel2'>Stichw\u00f6rter: <span class='rDText2'>Abenteuer, Ritterburg, Mittelalter, Quiz, Ritterturnier<\/span><\/p><p class='rDLabel2'>Lesealter ca. <span class='rDText2'>7<\/span><span class='rDLabel2'> Jahre<\/span><\/p><p class='rDLabel2'>Das Buch wurde <span class='rDText2'>0<\/span><span class='rDLabel2'> mal gelesen.<\/span><\/p><\/td><\/tr><tr><td colspan='2'><p class='rDLabel1'>Inhalt:<\/p><span class='rDText2'>Lesen lernen mit einem Abenteuer auf der Ritterburg\r\nWer befreit Burg Eliot aus der Belagerung? In diesem SUPERLESER!-Erstlesebuch machen sich Mittelalter-Fans mit einem Ritter und dessen Knappen auf ins Abenteuer. Sie d\u00fcrfen an einem ruhmreichen Ritterturnier teilnehmen. Aber dann belagern Franzosen die stolze Burg! Was ist zu tun? Eine mitrei\u00dfende Sachgeschichte \u00fcber mittelalterliche Heldentaten, dank klarer Gliederung, einfachem Wortschatz und Bildern perfekt f\u00fcr Leseanf\u00e4nger*innen.\r\nBuch zur Lesef\u00f6rderung ab der 1.\/2. Klasse (Lesestufe 2)\r\nDieses Erstlesebuch \u00fcber das Mittelalter eignet sich mit kurzen S\u00e4tzen, einfacher Sprache und gro\u00dfer Fibelschrift perfekt zur Lesef\u00f6rderung. Hier d\u00fcrfen Mittelalter-Fans sogar selbst kreativ werden und ein eigenes Wappen gestalten! Ein praktisches Leseb\u00e4ndchen und ein \u00fcbersichtliches Glossar zum Nachschlagen der W\u00f6rter erleichtern das Lesenlernen \u2013 und mit dem Mix aus fesselnder Erz\u00e4hlung und spannendem Sachwissen \u00fcber Ritter und Burgen, tollen Extras und einem kniffligen Quiz macht Lesen \u00fcben gleich dreimal so viel Spa\u00df!<\/span><\/td><\/tr><tr><td colspan='2'><a href='#' onclick='history.back(); return false'>Zur\u00fcck<\/a><\/td><\/tr><\/tbody><\/table>\n","protected":false},"excerpt":{"rendered":"<p>&#8211;<\/p>\n","protected":false},"author":1,"featured_media":0,"parent":0,"menu_order":0,"comment_status":"closed","ping_status":"closed","template":"","meta":[],"_links":{"self":[{"href":"https:\/\/www.web-rr.de\/GHS-Buecherei\/index.php\/wp-json\/wp\/v2\/pages\/16899"}],"collection":[{"href":"https:\/\/www.web-rr.de\/GHS-Buecherei\/index.php\/wp-json\/wp\/v2\/pages"}],"about":[{"href":"https:\/\/www.web-rr.de\/GHS-Buecherei\/index.php\/wp-json\/wp\/v2\/types\/page"}],"author":[{"embeddable":true,"href":"https:\/\/www.web-rr.de\/GHS-Buecherei\/index.php\/wp-json\/wp\/v2\/users\/1"}],"replies":[{"embeddable":true,"href":"https:\/\/www.web-rr.de\/GHS-Buecherei\/index.php\/wp-json\/wp\/v2\/comments?post=16899"}],"version-history":[{"count":0,"href":"https:\/\/www.web-rr.de\/GHS-Buecherei\/index.php\/wp-json\/wp\/v2\/pages\/16899\/revisions"}],"wp:attachment":[{"href":"https:\/\/www.web-rr.de\/GHS-Buecherei\/index.php\/wp-json\/wp\/v2\/media?parent=16899"}],"curies":[{"name":"wp","href":"https:\/\/api.w.org\/{rel}","templated":true}]}}