{"id":16882,"date":"2021-05-21T10:00:00","date_gmt":"2021-05-21T10:00:00","guid":{"rendered":"https:\/\/www.web-rr.de\/GHS-Buecherei\/?page_id=16882"},"modified":"2021-05-21T23:00:00","modified_gmt":"2021-05-21T23:00:00","slug":"p9783702241506","status":"publish","type":"page","link":"https:\/\/www.web-rr.de\/GHS-Buecherei\/index.php\/p9783702241506\/","title":{"rendered":"Religion 125"},"content":{"rendered":"<table><tbody><tr><td class='rDTitel' colspan='2'>sieben. die sch\u00f6pfung<\/td><\/tr><tr><td><span class='rDLabel1'>Status: <\/span><span class='rDText1Gruen'>vorhanden<\/span><\/td><td><span class='rDLabel1'>Antolin: <\/span><span class='rDText1Gruen'>ja, Empfehlung Klasse 4<\/span><\/td><\/tr><tr><td width=50%><img src='https:\/\/www.web-rr.de\/GHS-Buecherei\/wp-content\/uploads\/9783702241506.jpg' alt=''><\/td><td><p class='rDLabel2'>von <span class='rDText2'>Linda Wolfsgruber<\/span><\/p><p class='rDLabel2'>Verlag: <span class='rDText2'>TYROLIA Gesellschaft m. b. H.,  2023,  26.00 \u20ac<\/span><\/p><p class='rDLabel2'>B\u00fccherei-Barcode: <span class='rDText2'>9783702241506<\/span><\/p><p class='rDLabel2'>In der B\u00fccherei erfasst am: <span class='rDText2'>17.09.2025<\/span><\/p><p class='rDLabel2'>Stichw\u00f6rter: <span class='rDText2'>Mythos, Sch\u00f6pfung<\/span><\/p><p class='rDLabel2'>Lesealter ca. <span class='rDText2'>9<\/span><span class='rDLabel2'> Jahre<\/span><\/p><p class='rDLabel2'>Das Buch wurde <span class='rDText2'>0<\/span><span class='rDLabel2'> mal gelesen.<\/span><\/p><\/td><\/tr><tr><td colspan='2'><p class='rDLabel1'>Inhalt:<\/p><span class='rDText2'>\u201esieben\u201c \u2013 so schlicht und gleichzeitig so bedeutungsvoll nennt Linda Wolfsgruber ihre k\u00fcnstlerische Neuinterpretation der biblischen Sch\u00f6pfungsgeschichte, bei der sie Mythos und Wissenschaft harmonisch sanft miteinander vermengt. Die Zahl sieben ist dabei sowohl inhaltliches wie auch dramaturgisches Konzept: Jeder der sieben Tage wird in je sieben ausdrucksstarken Bildern dargestellt. Die K\u00fcnstlerin folgt dabei nicht einfach der alttestamentlichen Entstehungserz\u00e4hlung der Welt, die sich von einfachen Dichotomien (Himmel und Erde, Licht und Dunkel, Wasser und Land) zu immer komplexeren und facettenreicheren Sammlungen und ein immer dichter werdendes Zusammensein entwickelt, sondern parallelisiert diese Entwicklung auch in ihrer stilistischen Herangehensweise. Einfache, fast monochrome Collagen und wilde Pinselstriche verwandeln sich nach und nach zu Tier- und Pflanzenbildern, die in ihrer Anmutung an fr\u00fchmenschliche H\u00f6hlenmalerei erinnern, bis hin zu feinen, komplexen und auch in ihrer Technik diffizilen und detailreichen Gem\u00e4lden. Begleitet von einer durch die K\u00fcnstlerin selbst leicht bearbeiteten Variante der Einheits\u00fcbersetzung der Genesis.\r\nEin beeindruckendes Werk, das auf inhaltlicher wie k\u00fcnstlerischer Ebene die Kraft der Sch\u00f6pfung sp\u00fcrbar werden l\u00e4sst.<\/span><\/td><\/tr><tr><td colspan='2'><a href='#' onclick='history.back(); return false'>Zur\u00fcck<\/a><\/td><\/tr><\/tbody><\/table>\n","protected":false},"excerpt":{"rendered":"<p>&#8211;<\/p>\n","protected":false},"author":1,"featured_media":0,"parent":0,"menu_order":0,"comment_status":"closed","ping_status":"closed","template":"","meta":[],"_links":{"self":[{"href":"https:\/\/www.web-rr.de\/GHS-Buecherei\/index.php\/wp-json\/wp\/v2\/pages\/16882"}],"collection":[{"href":"https:\/\/www.web-rr.de\/GHS-Buecherei\/index.php\/wp-json\/wp\/v2\/pages"}],"about":[{"href":"https:\/\/www.web-rr.de\/GHS-Buecherei\/index.php\/wp-json\/wp\/v2\/types\/page"}],"author":[{"embeddable":true,"href":"https:\/\/www.web-rr.de\/GHS-Buecherei\/index.php\/wp-json\/wp\/v2\/users\/1"}],"replies":[{"embeddable":true,"href":"https:\/\/www.web-rr.de\/GHS-Buecherei\/index.php\/wp-json\/wp\/v2\/comments?post=16882"}],"version-history":[{"count":0,"href":"https:\/\/www.web-rr.de\/GHS-Buecherei\/index.php\/wp-json\/wp\/v2\/pages\/16882\/revisions"}],"wp:attachment":[{"href":"https:\/\/www.web-rr.de\/GHS-Buecherei\/index.php\/wp-json\/wp\/v2\/media?parent=16882"}],"curies":[{"name":"wp","href":"https:\/\/api.w.org\/{rel}","templated":true}]}}