{"id":16879,"date":"2021-05-21T10:00:00","date_gmt":"2021-05-21T10:00:00","guid":{"rendered":"https:\/\/www.web-rr.de\/GHS-Buecherei\/?page_id=16879"},"modified":"2021-05-21T23:00:00","modified_gmt":"2021-05-21T23:00:00","slug":"p9788863125450","status":"publish","type":"page","link":"https:\/\/www.web-rr.de\/GHS-Buecherei\/index.php\/p9788863125450\/","title":{"rendered":"Natur &#8211; Dinos 16"},"content":{"rendered":"<table><tbody><tr><td class='rDTitel' colspan='2'>Dinosaurier-Atlas: Wo die Dinos lebten: National Geographic Kids<\/td><\/tr><tr><td><span class='rDLabel1'>Status: <\/span><span class='rDText1Gruen'>vorhanden<\/span><\/td><td><span class='rDLabel1'>Antolin: <\/span><span class='rDText1Rot'>Quiz nicht vorhanden.<\/span><\/td><\/tr><tr><td width=50%><img src='https:\/\/www.web-rr.de\/GHS-Buecherei\/wp-content\/uploads\/9788863125450.jpg' alt=''><\/td><td><p class='rDLabel2'>von <span class='rDText2'>Aubre Andrus, Paige Towler<\/span><\/p><p class='rDLabel2'>Verlag: <span class='rDText2'>Edizioni White Star SrL,  2023,  19.95 \u20ac<\/span><\/p><p class='rDLabel2'>B\u00fccherei-Barcode: <span class='rDText2'>9788863125450<\/span><\/p><p class='rDLabel2'>In der B\u00fccherei erfasst am: <span class='rDText2'>16.09.2025<\/span><\/p><p class='rDLabel2'>Stichw\u00f6rter: <span class='rDText2'>Fossilienfunde, T. Rex, Triceratops , Spinosaurus, Jura, Kreidezeit<\/span><\/p><p class='rDLabel2'>Lesealter ca. <span class='rDText2'>7<\/span><span class='rDLabel2'> Jahre<\/span><\/p><p class='rDLabel2'>Das Buch wurde <span class='rDText2'>0<\/span><span class='rDLabel2'> mal gelesen.<\/span><\/p><\/td><\/tr><tr><td colspan='2'><p class='rDLabel1'>Inhalt:<\/p><span class='rDText2'>Als Pang\u00e4a, der Superkontinent existierte, waren alle Landmassen der Erde zusammengefasst und von einem einzigen Meer umgeben. Das war vor ungef\u00e4hr 250 Millionen Jahren, dem Beginn der Dinosaurierzeit. In diese faszinierende Welt tauchst du jetzt direkt ein, auf den Seiten dieses einzigartigen Atlas, vollgepackt mit atemberaubenden Illustrationen. Hier warten unglaubliche Fossilienfunde auf dich und faszinierende Karten, die speziell f\u00fcr Kinder angefertigt wurden. Auf deiner spannenden Bilderreise von der Trias \u00fcber den Jura bis zur Kreidezeit, findest du heraus, wie sich die Erde ver\u00e4ndert hat und mit ihr die Vielfalt der Dinosaurier.\r\n\u2022Mit einem Dinosaurierw\u00f6rterbuch\r\n\u2022Spezielle Abschnitte mit der Einf\u00fchrung des Dinosaurierstammbaums, einer pr\u00e4historischen Zeitleiste, der Geografie des pr\u00e4historischen Globus\r\nPerfekt als Erg\u00e4nzung zum Schulunterricht\r\nPortr\u00e4ts von mehr als 75 pr\u00e4historischen Lebewesen\r\nNeue Infos und neu entdeckte Dinosaurier aus weniger erforschten Teilen der Welt\r\nNeu interpretierte Funde und neue Kunst von Fan-Favoriten wie T. Rex, Triceratops und Spinosaurus<\/span><\/td><\/tr><tr><td colspan='2'><a href='#' onclick='history.back(); return false'>Zur\u00fcck<\/a><\/td><\/tr><\/tbody><\/table>\n","protected":false},"excerpt":{"rendered":"<p>&#8211;<\/p>\n","protected":false},"author":1,"featured_media":0,"parent":0,"menu_order":0,"comment_status":"closed","ping_status":"closed","template":"","meta":[],"_links":{"self":[{"href":"https:\/\/www.web-rr.de\/GHS-Buecherei\/index.php\/wp-json\/wp\/v2\/pages\/16879"}],"collection":[{"href":"https:\/\/www.web-rr.de\/GHS-Buecherei\/index.php\/wp-json\/wp\/v2\/pages"}],"about":[{"href":"https:\/\/www.web-rr.de\/GHS-Buecherei\/index.php\/wp-json\/wp\/v2\/types\/page"}],"author":[{"embeddable":true,"href":"https:\/\/www.web-rr.de\/GHS-Buecherei\/index.php\/wp-json\/wp\/v2\/users\/1"}],"replies":[{"embeddable":true,"href":"https:\/\/www.web-rr.de\/GHS-Buecherei\/index.php\/wp-json\/wp\/v2\/comments?post=16879"}],"version-history":[{"count":0,"href":"https:\/\/www.web-rr.de\/GHS-Buecherei\/index.php\/wp-json\/wp\/v2\/pages\/16879\/revisions"}],"wp:attachment":[{"href":"https:\/\/www.web-rr.de\/GHS-Buecherei\/index.php\/wp-json\/wp\/v2\/media?parent=16879"}],"curies":[{"name":"wp","href":"https:\/\/api.w.org\/{rel}","templated":true}]}}