{"id":16875,"date":"2021-05-21T10:00:00","date_gmt":"2021-05-21T10:00:00","guid":{"rendered":"https:\/\/www.web-rr.de\/GHS-Buecherei\/?page_id=16875"},"modified":"2021-05-21T23:00:00","modified_gmt":"2021-05-21T23:00:00","slug":"p9783845855493","status":"publish","type":"page","link":"https:\/\/www.web-rr.de\/GHS-Buecherei\/index.php\/p9783845855493\/","title":{"rendered":"Weihnachten 83"},"content":{"rendered":"<table><tbody><tr><td class='rDTitel' colspan='2'>Anouk und das Geheimnis der Weihnachtszeit<\/td><\/tr><tr><td><span class='rDLabel1'>Status: <\/span><span class='rDText1Gruen'>vorhanden<\/span><\/td><td><span class='rDLabel1'>Antolin: <\/span><span class='rDText1Gruen'>ja, Empfehlung Klasse 3<\/span><\/td><\/tr><tr><td width=50%><img src='https:\/\/www.web-rr.de\/GHS-Buecherei\/wp-content\/uploads\/9783845855493.jpg' alt=''><\/td><td><p class='rDLabel2'>von <span class='rDText2'>Hendrikje Balsmeyer, Peter Maffay<\/span><\/p><p class='rDLabel2'>Verlag: <span class='rDText2'>arsEdition GmbH,  2023,  17.99 \u20ac<\/span><\/p><p class='rDLabel2'>B\u00fccherei-Barcode: <span class='rDText2'>9783845855493<\/span><\/p><p class='rDLabel2'>In der B\u00fccherei erfasst am: <span class='rDText2'>16.09.2025<\/span><\/p><p class='rDLabel2'>Stichw\u00f6rter: <span class='rDText2'>Fantasie, Advent, Geheimnis, Schloss<\/span><\/p><p class='rDLabel2'>Lesealter ca. <span class='rDText2'>8<\/span><span class='rDLabel2'> Jahre<\/span><\/p><p class='rDLabel2'>Das Buch wurde <span class='rDText2'>0<\/span><span class='rDLabel2'> mal gelesen.<\/span><\/p><\/td><\/tr><tr><td colspan='2'><p class='rDLabel1'>Inhalt:<\/p><span class='rDText2'>Zauberhafte Gutenachtgeschichten f\u00fcr den Advent\r\nStimmungsvolles Weihnachtsbuch von Hendrikje Balsmeyer und Peter Maffay, wundersch\u00f6n illustriert von Jo\u00eblle Tourlonias. Die Geschichten\u202fvermitteln soziale Werte, regen die Fantasie an und st\u00e4rken das Selbstvertrauen der Kinder. Sie sind perfekt zum Lesen und Vorlesen f\u00fcr M\u00e4dchen und Jungen ab etwa 5 Jahren.\u202f Ein liebevoll gestaltetes Adventsbuch f\u00fcr die ganze Familie mit vielen bunten Bildern und ein unverzichtbarer Begleiter f\u00fcr die Vorweihnachtszeit.\r\n\r\nWeihnachtliche Geschichten f\u00fcr kleine und gro\u00dfe Abenteurer \u2013 und f\u00fcr alle, die nicht aufh\u00f6ren, an ihre Tr\u00e4ume zu glauben.  \r\nAnouk ist neugierig, schlau und kreativ. Seit einiger Zeit sieht sie Nacht f\u00fcr Nacht ein geheimnisvolles Licht unter ihrer Zimmert\u00fcr. Sobald sie diese \u00f6ffnet, beginnt f\u00fcr Anouk eine wundersame Reise. Sie hilft anderen Kindern in schwierigen Situationen und findet neue Freunde. Dieses Mal erlebt Anouk vor Weihnachten spannende Abenteuer in einem Kaufhaus, in einer Eissporthalle, in einem Zoo, einer Schule und in einem echten Schloss. Und sie entdeckt das Geheimnis der Weihnachtszeit \u2026<\/span><\/td><\/tr><tr><td colspan='2'><a href='#' onclick='history.back(); return false'>Zur\u00fcck<\/a><\/td><\/tr><\/tbody><\/table>\n","protected":false},"excerpt":{"rendered":"<p>&#8211;<\/p>\n","protected":false},"author":1,"featured_media":0,"parent":0,"menu_order":0,"comment_status":"closed","ping_status":"closed","template":"","meta":[],"_links":{"self":[{"href":"https:\/\/www.web-rr.de\/GHS-Buecherei\/index.php\/wp-json\/wp\/v2\/pages\/16875"}],"collection":[{"href":"https:\/\/www.web-rr.de\/GHS-Buecherei\/index.php\/wp-json\/wp\/v2\/pages"}],"about":[{"href":"https:\/\/www.web-rr.de\/GHS-Buecherei\/index.php\/wp-json\/wp\/v2\/types\/page"}],"author":[{"embeddable":true,"href":"https:\/\/www.web-rr.de\/GHS-Buecherei\/index.php\/wp-json\/wp\/v2\/users\/1"}],"replies":[{"embeddable":true,"href":"https:\/\/www.web-rr.de\/GHS-Buecherei\/index.php\/wp-json\/wp\/v2\/comments?post=16875"}],"version-history":[{"count":0,"href":"https:\/\/www.web-rr.de\/GHS-Buecherei\/index.php\/wp-json\/wp\/v2\/pages\/16875\/revisions"}],"wp:attachment":[{"href":"https:\/\/www.web-rr.de\/GHS-Buecherei\/index.php\/wp-json\/wp\/v2\/media?parent=16875"}],"curies":[{"name":"wp","href":"https:\/\/api.w.org\/{rel}","templated":true}]}}