{"id":16874,"date":"2021-05-21T10:00:00","date_gmt":"2021-05-21T10:00:00","guid":{"rendered":"https:\/\/www.web-rr.de\/GHS-Buecherei\/?page_id=16874"},"modified":"2021-05-21T23:00:00","modified_gmt":"2021-05-21T23:00:00","slug":"p9783701182909","status":"publish","type":"page","link":"https:\/\/www.web-rr.de\/GHS-Buecherei\/index.php\/p9783701182909\/","title":{"rendered":"Weihnachten 82"},"content":{"rendered":"<table><tbody><tr><td class='rDTitel' colspan='2'>Tierisch wilde Weihnachten \u2013 24 Tiere erz\u00e4hlen<\/td><\/tr><tr><td><span class='rDLabel1'>Status: <\/span><span class='rDText1Gruen'>vorhanden<\/span><\/td><td><span class='rDLabel1'>Antolin: <\/span><span class='rDText1Gruen'>ja, Empfehlung Klasse 4<\/span><\/td><\/tr><tr><td width=50%><img src='https:\/\/www.web-rr.de\/GHS-Buecherei\/wp-content\/uploads\/9783701182909.jpg' alt=''><\/td><td><p class='rDLabel2'>von <span class='rDText2'>Michael Stavari\u010d und Martina Stuhlberger<\/span><\/p><p class='rDLabel2'>Verlag: <span class='rDText2'>Leykam,  2023,  24.00 \u20ac<\/span><\/p><p class='rDLabel2'>B\u00fccherei-Barcode: <span class='rDText2'>9783701182909<\/span><\/p><p class='rDLabel2'>In der B\u00fccherei erfasst am: <span class='rDText2'>10.09.2025<\/span><\/p><p class='rDLabel2'>Stichw\u00f6rter: <span class='rDText2'>Tiergeschichten, Weihnachten, Advent<\/span><\/p><p class='rDLabel2'>Lesealter ca. <span class='rDText2'>9<\/span><span class='rDLabel2'> Jahre<\/span><\/p><p class='rDLabel2'>Das Buch wurde <span class='rDText2'>0<\/span><span class='rDLabel2'> mal gelesen.<\/span><\/p><\/td><\/tr><tr><td colspan='2'><p class='rDLabel1'>Inhalt:<\/p><span class='rDText2'>DAS Weihnachtsbuch f\u00fcr Naturfreaks\r\n24 Tiere \u2013 von Wellensittich bis Goldfisch \u2013 erz\u00e4hlen, wie sie Weihnachten feiern w\u00fcrden. Ungew\u00f6hnlich gutes Lesevergn\u00fcgen f\u00fcr den Advent!Feiern Fledermaus, Schildkr\u00f6te und Weinbergschnecke eigentlich Weihnachten? Was spielt sich auf dem Dachboden ab, wenn alle schlafen? Und: Wer hat Weihnachten wirklich erfunden? Das und noch vieles mehr verraten 24 Tiere, die in diesem Buch erstmals und exklusiv zu Wort kommen. Sie erz\u00e4hlen, was sie an Weihnachten so alles anstiefeln und stellen einige (durchaus schr\u00e4ge) Weihnachtsideen vor. So viel sei verraten, das Pferd w\u00fcrde gerne mit einem Einhorn feiern und Herr Oktopus sogar als Christbaumimitator zur Verf\u00fcgung stehen. Eines ist jedenfalls klar: Weihnachtsgeschichten wie diese gab es bestimmt noch nie!<\/span><\/td><\/tr><tr><td colspan='2'><a href='#' onclick='history.back(); return false'>Zur\u00fcck<\/a><\/td><\/tr><\/tbody><\/table>\n","protected":false},"excerpt":{"rendered":"<p>&#8211;<\/p>\n","protected":false},"author":1,"featured_media":0,"parent":0,"menu_order":0,"comment_status":"closed","ping_status":"closed","template":"","meta":[],"_links":{"self":[{"href":"https:\/\/www.web-rr.de\/GHS-Buecherei\/index.php\/wp-json\/wp\/v2\/pages\/16874"}],"collection":[{"href":"https:\/\/www.web-rr.de\/GHS-Buecherei\/index.php\/wp-json\/wp\/v2\/pages"}],"about":[{"href":"https:\/\/www.web-rr.de\/GHS-Buecherei\/index.php\/wp-json\/wp\/v2\/types\/page"}],"author":[{"embeddable":true,"href":"https:\/\/www.web-rr.de\/GHS-Buecherei\/index.php\/wp-json\/wp\/v2\/users\/1"}],"replies":[{"embeddable":true,"href":"https:\/\/www.web-rr.de\/GHS-Buecherei\/index.php\/wp-json\/wp\/v2\/comments?post=16874"}],"version-history":[{"count":0,"href":"https:\/\/www.web-rr.de\/GHS-Buecherei\/index.php\/wp-json\/wp\/v2\/pages\/16874\/revisions"}],"wp:attachment":[{"href":"https:\/\/www.web-rr.de\/GHS-Buecherei\/index.php\/wp-json\/wp\/v2\/media?parent=16874"}],"curies":[{"name":"wp","href":"https:\/\/api.w.org\/{rel}","templated":true}]}}