{"id":16726,"date":"2021-05-21T10:00:00","date_gmt":"2021-05-21T10:00:00","guid":{"rendered":"https:\/\/www.web-rr.de\/GHS-Buecherei\/?page_id=16726"},"modified":"2021-05-21T23:00:00","modified_gmt":"2021-05-21T23:00:00","slug":"p9783570179680","status":"publish","type":"page","link":"https:\/\/www.web-rr.de\/GHS-Buecherei\/index.php\/p9783570179680\/","title":{"rendered":"Fantasie 97"},"content":{"rendered":"<table><tbody><tr><td class='rDTitel' colspan='2'>Iva, Samo und der geheime Hexensee<\/td><\/tr><tr><td><span class='rDLabel1'>Status: <\/span><span class='rDText1Gruen'>vorhanden<\/span><\/td><td><span class='rDLabel1'>Antolin: <\/span><span class='rDText1Gruen'>ja, Empfehlung Klasse 4<\/span><\/td><\/tr><tr><td width=50%><img src='https:\/\/www.web-rr.de\/GHS-Buecherei\/wp-content\/uploads\/9783570179680.jpg' alt=''><\/td><td><p class='rDLabel2'>von <span class='rDText2'>Bettina Obrecht und Timo Grubing<\/span><\/p><p class='rDLabel2'>Verlag: <span class='rDText2'>cbj,  2022,  1.60 \u20ac<\/span><\/p><p class='rDLabel2'>B\u00fccherei-Barcode: <span class='rDText2'>9783570179680<\/span><\/p><p class='rDLabel2'>In der B\u00fccherei erfasst am: <span class='rDText2'>22.12.2024<\/span><\/p><p class='rDLabel2'>Stichw\u00f6rter: <span class='rDText2'>Abenteuer, Hexen, Influencer, See, Hausboot<\/span><\/p><p class='rDLabel2'>Lesealter ca. <span class='rDText2'>10<\/span><span class='rDLabel2'> Jahre<\/span><\/p><p class='rDLabel2'>Das Buch wurde <span class='rDText2'>0<\/span><span class='rDLabel2'> mal gelesen.<\/span><\/p><\/td><\/tr><tr><td colspan='2'><p class='rDLabel1'>Inhalt:<\/p><span class='rDText2'>Auf die Wasserhexen Iva und Samo wartet ein gro\u00dfes Abenteuer: An ihrem zehnten Geburtstag bekommen sie endlich einen richtig guten Besen geschenkt, der sie zu einem geheimen See bringt. Es wird ihre Aufgabe sein, einen Monat lang auf das Gew\u00e4sser aufzupassen. Doch auch wenn sie auf einem coolen Hausboot unterkommen, Iva und Samo k\u00f6nnen sich nicht ausstehen. Als ein Influencer ein Video am See dreht, ist es endg\u00fcltig vorbei mit der Idylle. Fans pilgern an den Drehort und hinterlassen ihre Abf\u00e4lle. Eine Kindergruppe, die sich vorher schon regelm\u00e4\u00dfig am Ufer getroffen hat, ist dar\u00fcber genauso w\u00fctend wie die Wasserhexen. Ein gemeinsamer Plan muss her, um den See zu retten. Dabei bemerken Iva und Samo, dass sie vielleicht doch mehr verbindet, als sie zun\u00e4chst dachten.<\/span><\/td><\/tr><tr><td colspan='2'><a href='#' onclick='history.back(); return false'>Zur\u00fcck<\/a><\/td><\/tr><\/tbody><\/table>\n","protected":false},"excerpt":{"rendered":"<p>&#8211;<\/p>\n","protected":false},"author":1,"featured_media":0,"parent":0,"menu_order":0,"comment_status":"closed","ping_status":"closed","template":"","meta":[],"_links":{"self":[{"href":"https:\/\/www.web-rr.de\/GHS-Buecherei\/index.php\/wp-json\/wp\/v2\/pages\/16726"}],"collection":[{"href":"https:\/\/www.web-rr.de\/GHS-Buecherei\/index.php\/wp-json\/wp\/v2\/pages"}],"about":[{"href":"https:\/\/www.web-rr.de\/GHS-Buecherei\/index.php\/wp-json\/wp\/v2\/types\/page"}],"author":[{"embeddable":true,"href":"https:\/\/www.web-rr.de\/GHS-Buecherei\/index.php\/wp-json\/wp\/v2\/users\/1"}],"replies":[{"embeddable":true,"href":"https:\/\/www.web-rr.de\/GHS-Buecherei\/index.php\/wp-json\/wp\/v2\/comments?post=16726"}],"version-history":[{"count":0,"href":"https:\/\/www.web-rr.de\/GHS-Buecherei\/index.php\/wp-json\/wp\/v2\/pages\/16726\/revisions"}],"wp:attachment":[{"href":"https:\/\/www.web-rr.de\/GHS-Buecherei\/index.php\/wp-json\/wp\/v2\/media?parent=16726"}],"curies":[{"name":"wp","href":"https:\/\/api.w.org\/{rel}","templated":true}]}}