{"id":16721,"date":"2021-05-21T10:00:00","date_gmt":"2021-05-21T10:00:00","guid":{"rendered":"https:\/\/www.web-rr.de\/GHS-Buecherei\/?page_id=16721"},"modified":"2021-05-21T23:00:00","modified_gmt":"2021-05-21T23:00:00","slug":"p2000001022153","status":"publish","type":"page","link":"https:\/\/www.web-rr.de\/GHS-Buecherei\/index.php\/p2000001022153\/","title":{"rendered":"Erstlesen 301"},"content":{"rendered":"<table><tbody><tr><td class='rDTitel' colspan='2'>Stadt, Land, Wald - Tierabenteuer zum Vor- und Selberlesen<\/td><\/tr><tr><td><span class='rDLabel1'>Status: <\/span><span class='rDText1Gruen'>vorhanden<\/span><\/td><td><span class='rDLabel1'>Antolin: <\/span><span class='rDText1Gruen'>ja, Empfehlung Klasse 1<\/span><\/td><\/tr><tr><td width=50%><img src='https:\/\/www.web-rr.de\/GHS-Buecherei\/wp-content\/uploads\/2000001022153.jpg' alt=''><\/td><td><p class='rDLabel2'>von <span class='rDText2'>Werner F\u00e4rber, Susan Niessen, Annette Moser, Alexandra Fischer-Hunold<\/span><\/p><p class='rDLabel2'>Verlag: <span class='rDText2'>Loewe,  2016,   \u20ac<\/span><\/p><p class='rDLabel2'>B\u00fccherei-Barcode: <span class='rDText2'>2000001022153<\/span><\/p><p class='rDLabel2'>In der B\u00fccherei erfasst am: <span class='rDText2'>22.12.2024<\/span><\/p><p class='rDLabel2'>Stichw\u00f6rter: <span class='rDText2'>Tierabenteuer, Wald, Tierarzt, Frosch<\/span><\/p><p class='rDLabel2'>Lesealter ca. <span class='rDText2'>6<\/span><span class='rDLabel2'> Jahre<\/span><\/p><p class='rDLabel2'>Das Buch wurde <span class='rDText2'>0<\/span><span class='rDLabel2'> mal gelesen.<\/span><\/p><\/td><\/tr><tr><td colspan='2'><p class='rDLabel1'>Inhalt:<\/p><span class='rDText2'>Ein Buch mit ganz verschiedenen Geschichten, das alle Erstkl\u00e4ssler zur Einschulung geschenkt bekommen. \r\nDie F\u00e4higkeit, gut zu lesen und zu schreiben, ist der Schl\u00fcssel f\u00fcr das Lernen in der Schule. Gemeinsames B\u00fccheranschauen und Vorlesen unterst\u00fctzt auf spielerische Art und Weise die kindliche Entwicklung und Sprache. Gleichzeitig erfahren die Kinder w\u00e4hrend der Vorlesezeit N\u00e4he und Geborgenheit. Das Lesestart-Material bietet daf\u00fcr vielf\u00e4ltige Impulse und Anregungen.\r\nEltern und Kinder sollen ermutigt werden, die Meilensteine des Lesens gemeinsam zu meistern: vom ersten Interesse an B\u00fcchern, \u00fcber den ersten Besuch in der Bibliothek bis hin zum Selberlesen.<\/span><\/td><\/tr><tr><td colspan='2'><a href='#' onclick='history.back(); return false'>Zur\u00fcck<\/a><\/td><\/tr><\/tbody><\/table>\n","protected":false},"excerpt":{"rendered":"<p>&#8211;<\/p>\n","protected":false},"author":1,"featured_media":0,"parent":0,"menu_order":0,"comment_status":"closed","ping_status":"closed","template":"","meta":[],"_links":{"self":[{"href":"https:\/\/www.web-rr.de\/GHS-Buecherei\/index.php\/wp-json\/wp\/v2\/pages\/16721"}],"collection":[{"href":"https:\/\/www.web-rr.de\/GHS-Buecherei\/index.php\/wp-json\/wp\/v2\/pages"}],"about":[{"href":"https:\/\/www.web-rr.de\/GHS-Buecherei\/index.php\/wp-json\/wp\/v2\/types\/page"}],"author":[{"embeddable":true,"href":"https:\/\/www.web-rr.de\/GHS-Buecherei\/index.php\/wp-json\/wp\/v2\/users\/1"}],"replies":[{"embeddable":true,"href":"https:\/\/www.web-rr.de\/GHS-Buecherei\/index.php\/wp-json\/wp\/v2\/comments?post=16721"}],"version-history":[{"count":0,"href":"https:\/\/www.web-rr.de\/GHS-Buecherei\/index.php\/wp-json\/wp\/v2\/pages\/16721\/revisions"}],"wp:attachment":[{"href":"https:\/\/www.web-rr.de\/GHS-Buecherei\/index.php\/wp-json\/wp\/v2\/media?parent=16721"}],"curies":[{"name":"wp","href":"https:\/\/api.w.org\/{rel}","templated":true}]}}