{"id":16716,"date":"2021-05-21T10:00:00","date_gmt":"2021-05-21T10:00:00","guid":{"rendered":"https:\/\/www.web-rr.de\/GHS-Buecherei\/?page_id=16716"},"modified":"2021-05-21T23:00:00","modified_gmt":"2021-05-21T23:00:00","slug":"p9783625136439","status":"publish","type":"page","link":"https:\/\/www.web-rr.de\/GHS-Buecherei\/index.php\/p9783625136439\/","title":{"rendered":"Natur &#8211; Lexika 38"},"content":{"rendered":"<table><tbody><tr><td class='rDTitel' colspan='2'>Mein Outdoor-Abenteuerbuch: Spannung, Spiele & geheime Tricks<\/td><\/tr><tr><td><span class='rDLabel1'>Status: <\/span><span class='rDText1Gruen'>vorhanden<\/span><\/td><td><span class='rDLabel1'>Antolin: <\/span><span class='rDText1Rot'>Quiz nicht vorhanden.<\/span><\/td><\/tr><tr><td width=50%><img src='https:\/\/www.web-rr.de\/GHS-Buecherei\/wp-content\/uploads\/9783625136439.jpg' alt=''><\/td><td><p class='rDLabel2'>von <span class='rDText2'>Regine Bering<\/span><\/p><p class='rDLabel2'>Verlag: <span class='rDText2'> Naumann & G\u00f6bel,  2014,  6.99 \u20ac<\/span><\/p><p class='rDLabel2'>B\u00fccherei-Barcode: <span class='rDText2'>9783625136439<\/span><\/p><p class='rDLabel2'>In der B\u00fccherei erfasst am: <span class='rDText2'>21.12.2024<\/span><\/p><p class='rDLabel2'>Stichw\u00f6rter: <span class='rDText2'>Spannung, Abenteuer, Outdoor, Tips, Expedition, Natur, Nahrung<\/span><\/p><p class='rDLabel2'>Lesealter ca. <span class='rDText2'>9<\/span><span class='rDLabel2'> Jahre<\/span><\/p><p class='rDLabel2'>Das Buch wurde <span class='rDText2'>0<\/span><span class='rDLabel2'> mal gelesen.<\/span><\/p><\/td><\/tr><tr><td colspan='2'><p class='rDLabel1'>Inhalt:<\/p><span class='rDText2'>Spannende Abenteuer in der Natur erleben\r\nF\u00fcr alle jungen Abenteurer, die schon immer davon getr\u00e4umt haben, durch die Wildnis zu streifen, Tiere zu beobachten und unter freiem Himmel zu schlafen ist dieses Buch genau das richtige. Es hilft nicht nur bei der sinnvollen Planung und Vorbereitung einer Outdoor-Tour, jede Menge Tipps und hilfreiche Checklisten sorgen zudem f\u00fcr eine gelungene Expedition. Von der Grundausr\u00fcstung \u00fcber die richtige Navigation mit Karte und Kompass bis hin zum Bau eines Unterstandes und die Suche und Zubereitung von Nahrung in der Natur erfahren unternehmungslustige Kinder alles, was sie wissen m\u00fcssen, um f\u00fcr das n\u00e4chste Abenteuer ger\u00fcstet zu sein. Extra-Kapitel zum Trendthema \"Geocaching\" sowie zu Spiele im Freien und Geheimzeichen runden das farbenfroh bebilderte Buch ab.<\/span><\/td><\/tr><tr><td colspan='2'><a href='#' onclick='history.back(); return false'>Zur\u00fcck<\/a><\/td><\/tr><\/tbody><\/table>\n","protected":false},"excerpt":{"rendered":"<p>&#8211;<\/p>\n","protected":false},"author":1,"featured_media":0,"parent":0,"menu_order":0,"comment_status":"closed","ping_status":"closed","template":"","meta":[],"_links":{"self":[{"href":"https:\/\/www.web-rr.de\/GHS-Buecherei\/index.php\/wp-json\/wp\/v2\/pages\/16716"}],"collection":[{"href":"https:\/\/www.web-rr.de\/GHS-Buecherei\/index.php\/wp-json\/wp\/v2\/pages"}],"about":[{"href":"https:\/\/www.web-rr.de\/GHS-Buecherei\/index.php\/wp-json\/wp\/v2\/types\/page"}],"author":[{"embeddable":true,"href":"https:\/\/www.web-rr.de\/GHS-Buecherei\/index.php\/wp-json\/wp\/v2\/users\/1"}],"replies":[{"embeddable":true,"href":"https:\/\/www.web-rr.de\/GHS-Buecherei\/index.php\/wp-json\/wp\/v2\/comments?post=16716"}],"version-history":[{"count":0,"href":"https:\/\/www.web-rr.de\/GHS-Buecherei\/index.php\/wp-json\/wp\/v2\/pages\/16716\/revisions"}],"wp:attachment":[{"href":"https:\/\/www.web-rr.de\/GHS-Buecherei\/index.php\/wp-json\/wp\/v2\/media?parent=16716"}],"curies":[{"name":"wp","href":"https:\/\/api.w.org\/{rel}","templated":true}]}}