{"id":16714,"date":"2021-05-21T10:00:00","date_gmt":"2021-05-21T10:00:00","guid":{"rendered":"https:\/\/www.web-rr.de\/GHS-Buecherei\/?page_id=16714"},"modified":"2021-05-21T23:00:00","modified_gmt":"2021-05-21T23:00:00","slug":"p9783840440090","status":"publish","type":"page","link":"https:\/\/www.web-rr.de\/GHS-Buecherei\/index.php\/p9783840440090\/","title":{"rendered":"Natur &#8211; Haustiere 30"},"content":{"rendered":"<table><tbody><tr><td class='rDTitel' colspan='2'>Kaninchen: Artgerecht halten, pflegen und verstehen<\/td><\/tr><tr><td><span class='rDLabel1'>Status: <\/span><span class='rDText1Gruen'>vorhanden<\/span><\/td><td><span class='rDLabel1'>Antolin: <\/span><span class='rDText1Rot'>Quiz nicht vorhanden.<\/span><\/td><\/tr><tr><td width=50%><img src='https:\/\/www.web-rr.de\/GHS-Buecherei\/wp-content\/uploads\/9783840440090.jpg' alt=''><\/td><td><p class='rDLabel2'>von <span class='rDText2'>Sonja Tsch\u00f6pe<\/span><\/p><p class='rDLabel2'>Verlag: <span class='rDText2'>Cadmos Verlag,  2011,  10.95 \u20ac<\/span><\/p><p class='rDLabel2'>B\u00fccherei-Barcode: <span class='rDText2'>9783840440090<\/span><\/p><p class='rDLabel2'>In der B\u00fccherei erfasst am: <span class='rDText2'>21.12.2024<\/span><\/p><p class='rDLabel2'>Stichw\u00f6rter: <span class='rDText2'>Heimtiere, Ratgeber, Ern\u00e4hrung, Haltung, Pflege<\/span><\/p><p class='rDLabel2'>Lesealter ca. <span class='rDText2'>8<\/span><span class='rDLabel2'> Jahre<\/span><\/p><p class='rDLabel2'>Das Buch wurde <span class='rDText2'>0<\/span><span class='rDLabel2'> mal gelesen.<\/span><\/p><\/td><\/tr><tr><td colspan='2'><p class='rDLabel1'>Inhalt:<\/p><span class='rDText2'>Kaninchen geh\u00f6ren nach Hund und Katze zu den beliebtesten Heimtieren. Dieser Ratgeber informiert neue Kaninchenhalter genauso wie langj\u00e4hrige Kaninchenbesitzer \u00fcber die tiergerechte Haltung, Ern\u00e4hrung und alles Weitere, auf das man beim Zusammenleben mit den Langohren achten sollte. Eine Basis f\u00fcr das Verst\u00e4ndnis unserer Hauskaninchen und damit auch die Voraussetzung, ihre Bed\u00fcrfnisse erf\u00fcllen zu k\u00f6nnen, wird durch einen Blick auf die  ntfernten Verwandten geschaffen: Die Autorin erl\u00e4utert das Leben von Wildkaninchen und die Unterschiede zum Feldhasen. Der Ratgeber zeigt, auf welch vielf\u00e4ltige Weise man Kaninchen\r\nein artgerechtes Zuhause bieten kann, egal ob in der Wohnung oder drau\u00dfen im Garten beziehungsweise auf dem Balkon. Der Leser erf\u00e4hrt au\u00dferdem, warum Trockenfutter\r\nkeine geeignete Kaninchennahrung ist, und wie er seine Kaninchen mit frischem Gem\u00fcse und Gesundem aus der Natur richtig ern\u00e4hren kann. Des Weiteren wird die \u201eKaninchensprache\u201c erkl\u00e4rt, Besch\u00e4ftigungsm\u00f6glichkeiten werden vorgestellt und es gibt Tipps f\u00fcr die regelm\u00e4\u00dfige\r\nPflege bis ins Seniorenalter und die richtige Betreuung im Krankheitsfall.<\/span><\/td><\/tr><tr><td colspan='2'><a href='#' onclick='history.back(); return false'>Zur\u00fcck<\/a><\/td><\/tr><\/tbody><\/table>\n","protected":false},"excerpt":{"rendered":"<p>&#8211;<\/p>\n","protected":false},"author":1,"featured_media":0,"parent":0,"menu_order":0,"comment_status":"closed","ping_status":"closed","template":"","meta":[],"_links":{"self":[{"href":"https:\/\/www.web-rr.de\/GHS-Buecherei\/index.php\/wp-json\/wp\/v2\/pages\/16714"}],"collection":[{"href":"https:\/\/www.web-rr.de\/GHS-Buecherei\/index.php\/wp-json\/wp\/v2\/pages"}],"about":[{"href":"https:\/\/www.web-rr.de\/GHS-Buecherei\/index.php\/wp-json\/wp\/v2\/types\/page"}],"author":[{"embeddable":true,"href":"https:\/\/www.web-rr.de\/GHS-Buecherei\/index.php\/wp-json\/wp\/v2\/users\/1"}],"replies":[{"embeddable":true,"href":"https:\/\/www.web-rr.de\/GHS-Buecherei\/index.php\/wp-json\/wp\/v2\/comments?post=16714"}],"version-history":[{"count":0,"href":"https:\/\/www.web-rr.de\/GHS-Buecherei\/index.php\/wp-json\/wp\/v2\/pages\/16714\/revisions"}],"wp:attachment":[{"href":"https:\/\/www.web-rr.de\/GHS-Buecherei\/index.php\/wp-json\/wp\/v2\/media?parent=16714"}],"curies":[{"name":"wp","href":"https:\/\/api.w.org\/{rel}","templated":true}]}}