{"id":16713,"date":"2021-05-21T10:00:00","date_gmt":"2021-05-21T10:00:00","guid":{"rendered":"https:\/\/www.web-rr.de\/GHS-Buecherei\/?page_id=16713"},"modified":"2021-05-21T23:00:00","modified_gmt":"2021-05-21T23:00:00","slug":"p9783781706729","status":"publish","type":"page","link":"https:\/\/www.web-rr.de\/GHS-Buecherei\/index.php\/p9783781706729\/","title":{"rendered":"Pferde 26"},"content":{"rendered":"<table><tbody><tr><td class='rDTitel' colspan='2'>Mellie, Abenteuer einer Ponyfl\u00fcsterin<\/td><\/tr><tr><td><span class='rDLabel1'>Status: <\/span><span class='rDText1Gruen'>vorhanden<\/span><\/td><td><span class='rDLabel1'>Antolin: <\/span><span class='rDText1Gruen'>ja, Empfehlung Klasse 4<\/span><\/td><\/tr><tr><td width=50%><img src='https:\/\/www.web-rr.de\/GHS-Buecherei\/wp-content\/uploads\/9783781706729.jpg' alt=''><\/td><td><p class='rDLabel2'>von <span class='rDText2'>Corinna Gieseler und Dagmar Henze<\/span><\/p><p class='rDLabel2'>Verlag: <span class='rDText2'>Erika Klopp,  2008,   \u20ac<\/span><\/p><p class='rDLabel2'>B\u00fccherei-Barcode: <span class='rDText2'>9783781706729<\/span><\/p><p class='rDLabel2'>In der B\u00fccherei erfasst am: <span class='rDText2'>21.12.2024<\/span><\/p><p class='rDLabel2'>Stichw\u00f6rter: <span class='rDText2'>Freundinnen, Spannung, Vertrauen<\/span><\/p><p class='rDLabel2'>Lesealter ca. <span class='rDText2'>9<\/span><span class='rDLabel2'> Jahre<\/span><\/p><p class='rDLabel2'>Das Buch wurde <span class='rDText2'>0<\/span><span class='rDLabel2'> mal gelesen.<\/span><\/p><\/td><\/tr><tr><td colspan='2'><p class='rDLabel1'>Inhalt:<\/p><span class='rDText2'>Ponyspa\u00df mit Mellie: die Bestsellerserie im Sammelband! Mellie kann sich nichts Sch\u00f6neres vorstellen, als ein eigenes Pony zu haben. Aber ihre Eltern sind strikt dagegen. Da entdeckt sie auf dem Kastanienhof das st\u00f6rrische und eingesch\u00fcchterte Pony Colorado. Mit den Tricks einer Ponyfl\u00fcsterin gelingt es ihr, sein Vertrauen zu gewinnen, und ist \u00fcbergl\u00fccklich, als ihre Eltern erlauben, dass Colorado ihr Pflegepony wird. Doch dann soll Mellies Traumpony verkauft werden, und schlie\u00dflich ger\u00e4t auch der Reiterhof selbst in Gefahr. Mellie und ihre Freundinnen m\u00fcssen sich unbedingt etwas einfallen lassen! Der Sammelband enth\u00e4lt die drei Einzelb\u00e4nde: \u201eMellie, die Ponyfl\u00fcsterin\u201c, \u201eMellie im siebten Pferdehimmel\u201c und \u201eMellie ist unschlagbar\u201c.<\/span><\/td><\/tr><tr><td colspan='2'><a href='#' onclick='history.back(); return false'>Zur\u00fcck<\/a><\/td><\/tr><\/tbody><\/table>\n","protected":false},"excerpt":{"rendered":"<p>&#8211;<\/p>\n","protected":false},"author":1,"featured_media":0,"parent":0,"menu_order":0,"comment_status":"closed","ping_status":"closed","template":"","meta":[],"_links":{"self":[{"href":"https:\/\/www.web-rr.de\/GHS-Buecherei\/index.php\/wp-json\/wp\/v2\/pages\/16713"}],"collection":[{"href":"https:\/\/www.web-rr.de\/GHS-Buecherei\/index.php\/wp-json\/wp\/v2\/pages"}],"about":[{"href":"https:\/\/www.web-rr.de\/GHS-Buecherei\/index.php\/wp-json\/wp\/v2\/types\/page"}],"author":[{"embeddable":true,"href":"https:\/\/www.web-rr.de\/GHS-Buecherei\/index.php\/wp-json\/wp\/v2\/users\/1"}],"replies":[{"embeddable":true,"href":"https:\/\/www.web-rr.de\/GHS-Buecherei\/index.php\/wp-json\/wp\/v2\/comments?post=16713"}],"version-history":[{"count":0,"href":"https:\/\/www.web-rr.de\/GHS-Buecherei\/index.php\/wp-json\/wp\/v2\/pages\/16713\/revisions"}],"wp:attachment":[{"href":"https:\/\/www.web-rr.de\/GHS-Buecherei\/index.php\/wp-json\/wp\/v2\/media?parent=16713"}],"curies":[{"name":"wp","href":"https:\/\/api.w.org\/{rel}","templated":true}]}}